{"id":891,"date":"2020-04-23T10:05:03","date_gmt":"2020-04-23T08:05:03","guid":{"rendered":"https:\/\/www.magnolio.shop\/black-spruce-schwarze-tanne\/"},"modified":"2026-03-24T12:11:04","modified_gmt":"2026-03-24T11:11:04","slug":"ulei-de-molid-negru-doterra-black-spruce","status":"publish","type":"product","link":"https:\/\/www.magnolioworld.com\/green-ro\/ulei-de-molid-negru-doterra-black-spruce\/","title":{"rendered":"Ulei de molid negru &#8211; doTERRA Black Spruce"},"content":{"rendered":"<p><strong>doTERRA Black Spruce<\/strong> &#8211; \u00centemeierea \u0219i puterea p\u0103durii pentru via\u021ba de zi cu zi  <\/p>\n<p>Molidul negru este o plant\u0103 de molid ve\u0219nic verde care cre\u0219te p\u00e2n\u0103 la 35 de metri \u00een\u0103l\u021bime. Este originar din nordul Americii de Nord, cre\u0219te foarte \u00eencet \u0219i poate rezista la temperaturi mai sc\u0103zute de -60\u00b0C. Aroma distinctiv\u0103 \u0219i \u00eemp\u0103m\u00e2ntenitoare a uleiului calmeaz\u0103 sim\u021burile. Uleiul esen\u021bial de molid negru are, de asemenea, un efect calmant asupra irita\u021biilor pielii \u0219i are un efect relaxant asupra problemelor respiratorii \u0219i a tensiunii musculare.<\/p>\n<p>Pe plan emo\u021bional, uleiul de stabilitate ofer\u0103 fermitate \u0219i siguran\u021b\u0103, mai ales \u00een vremuri tulburi. Ea v\u0103 permite s\u0103 rezista\u021bi la cele mai mari furtuni ca un copac mare \u0219i puternic \u0219i v\u0103 preg\u0103te\u0219te pentru o nou\u0103 cre\u0219tere.<\/p>\n<p><strong>doTERRA Black Spruce<\/strong> este ideal pentru aplica\u021biile de wellness \u0219i b\u0103ile de relaxare. De asemenea, are un efect aromatic \u0219i relaxant prin intermediul difuzorului sau prin palmele m\u00e2inilor.<br \/>\n<strong><br \/>\nRecomandare<br \/>\n<\/strong>Aromatic: Ad\u0103uga\u021bi 3-4 pic\u0103turi \u00een difuzor \u00eempreun\u0103 cu Wild Orange sau alte uleiuri de citrice. Inhala\u021bi profund uleiul prin \u00eencheieturi pentru a optimiza efectul emo\u021bional. Ideal ca ritual pentru medita\u021bia de diminea\u021b\u0103.<br \/>\nTopic: Se aplic\u0103 local pentru a ameliora irita\u021biile pielii. DoTERRA Black Spruce poate fi folosit, de asemenea, \u00eempreun\u0103 cu crema hidratant\u0103 pentru a reduce imperfec\u021biunile \u0219i pentru a da pielii o str\u0103lucire s\u0103n\u0103toas\u0103.<br \/>\nAmesteca\u021bi 1-2 pic\u0103turi cu ulei purt\u0103tor (de exemplu, ulei de cocos frac\u021bionat) pentru un masaj calmant dup\u0103 o zi obositoare.<\/p>\n<p><strong>Utilizare sigur\u0103<\/strong><br \/>\nPoate provoca irita\u021bii ale pielii. A nu se p\u0103stra la \u00eendem\u00e2na copiilor. Dac\u0103 sunte\u021bi \u00eens\u0103rcinat\u0103 sau urma\u021bi un tratament medical, v\u0103 rug\u0103m s\u0103 v\u0103 adresa\u021bi medicului dumneavoastr\u0103. Evita\u021bi contactul cu ochii, urechile interne, fa\u021ba, zonele sensibile \u0219i membranele mucoase Dilua\u021bi \u00eentotdeauna uleiurile topic cu un ulei purt\u0103tor (de exemplu, ulei de cocos frac\u021bionat).<\/p>\n","protected":false},"excerpt":{"rendered":"<h2 style=\"font-size: 28px\">Uleiul de stabilitate \u0219i cre\u0219tere<\/h2>\n<p>Ad\u0103uga\u021bi doTERRA Black Spruce \u00een amestecul de masaj pentru a relaxa pielea \u0219i mu\u0219chii. De asemenea, pute\u021bi ad\u0103uga 1-2 pic\u0103turi pentru a hidrata pielea. Din punct de vedere emo\u021bional, uleiul de molid negru ofer\u0103 stabilitate, fermitate \u0219i siguran\u021b\u0103, mai ales \u00een vremuri tulburi. Ca un copac mare \u0219i puternic, v\u0103 permite s\u0103 rezista\u021bi la cele mai mari furtuni \u0219i v\u0103 preg\u0103te\u0219te pentru o nou\u0103 cre\u0219tere.<\/p>\n","protected":false},"featured_media":3967,"template":"","meta":{"_et_pb_use_builder":"","_et_pb_old_content":"","_et_gb_content_width":""},"product_cat":[15,50],"product_tag":[225,227,226,228],"_links":{"self":[{"href":"https:\/\/www.magnolioworld.com\/green-ro\/wp-json\/wp\/v2\/product\/891"}],"collection":[{"href":"https:\/\/www.magnolioworld.com\/green-ro\/wp-json\/wp\/v2\/product"}],"about":[{"href":"https:\/\/www.magnolioworld.com\/green-ro\/wp-json\/wp\/v2\/types\/product"}],"wp:featuredmedia":[{"embeddable":true,"href":"https:\/\/www.magnolioworld.com\/green-ro\/wp-json\/wp\/v2\/media\/3967"}],"wp:attachment":[{"href":"https:\/\/www.magnolioworld.com\/green-ro\/wp-json\/wp\/v2\/media?parent=891"}],"wp:term":[{"taxonomy":"product_cat","embeddable":true,"href":"https:\/\/www.magnolioworld.com\/green-ro\/wp-json\/wp\/v2\/product_cat?post=891"},{"taxonomy":"product_tag","embeddable":true,"href":"https:\/\/www.magnolioworld.com\/green-ro\/wp-json\/wp\/v2\/product_tag?post=891"}],"curies":[{"name":"wp","href":"https:\/\/api.w.org\/{rel}","templated":true}]}}