{"id":879,"date":"2020-04-22T15:09:47","date_gmt":"2020-04-22T13:09:47","guid":{"rendered":"https:\/\/www.magnolio.shop\/lemongrass-zitronengras\/"},"modified":"2026-01-02T14:59:58","modified_gmt":"2026-01-02T13:59:58","slug":"ulei-de-lamaie-doterra-lemongrass","status":"publish","type":"product","link":"https:\/\/www.magnolioworld.com\/green-ro\/ulei-de-lamaie-doterra-lemongrass\/","title":{"rendered":"Ulei de l\u0103m\u00e2ie &#8211; doTERRA Lemongrass"},"content":{"rendered":"<p><strong>doTERRA Lemongrass<\/strong> &#8211; Uleiul de cur\u0103\u021bare<\/p>\n<p>L\u0103m\u00e2i\u021ba indian\u0103 de est cre\u0219te ca o plant\u0103 erbacee peren\u0103, cu o \u00een\u0103l\u021bime de 1 p\u00e2n\u0103 la 2 metri. Uleiul esen\u021bial de lemongrass extras din frunze ofer\u0103 o arom\u0103 afumat\u0103 \u0219i lemnoas\u0103. Uleiul esen\u021bial de <strong>l\u0103m\u00e2ie doTERRA Lemongrass<\/strong> este folosit \u00een nenum\u0103rate alimente \u0219i b\u0103uturi, precum \u0219i \u00een parfumuri, produse cosmetice \u0219i de \u00eengrijire a pielii. Se spune c\u0103 lemongrass este calmant \u0219i are un efect pozitiv asupra st\u0103rii de bine.<\/p>\n<p>Fiind un ulei de purificare, nu numai c\u0103 ajut\u0103 la purificarea intern\u0103 a emo\u021biilor negative \u0219i a vechilor tipare de g\u00e2ndire, dar poate fi folosit \u0219i pentru cur\u0103\u021barea energetic\u0103 extern\u0103. Dar uleiul are \u0219i un efect de cur\u0103\u021bare \u00een cadrul sistemului organismului. Pur \u0219i simplu ad\u0103uga\u021bi 1-2 pic\u0103turi \u00eentr-un pahar de ap\u0103.<\/p>\n<p>Este ideal pentru a inhala aroma \u00een difuzor sau prin intermediul palmelor \u0219i al punctelor de puls. Acesta poate fi diluat cu ulei de nuc\u0103 de cocos \u0219i aplicat pe zonele tensionate ale corpului. Avantajul l\u0103m\u00e2ii este c\u0103 nu este fotosintetic\u0103 \u0219i, prin urmare, poate fi folosit\u0103 \u0219i la soare.<br \/>\nDoTERRA Lemongrass este, de asemenea, minunat\u0103 pentru amestecarea b\u0103uturilor lungi \u0219i pentru aromatizarea m\u00e2nc\u0103rurilor asiatice.  <\/p>\n<p>Ca du\u0219 energizant, adaug 1-2 pic\u0103turi \u00een tava de du\u0219 diminea\u021ba \u0219i m\u0103 las purtat\u0103 \u00een dep\u0103rtare de un minunat parfum exotic.<\/p>\n<p><strong>Recomandare<\/strong><br \/>\nAromatic: Nebuliza\u021bi 3-4 pic\u0103turi \u00eentr-un difuzor pentru protec\u021bia energetic\u0103 a \u00eenc\u0103perii \u0219i \u00eemprosp\u0103tarea \u00eenc\u0103perii.<br \/>\nIntern: Ad\u0103uga\u021bi 1 pic\u0103tur\u0103 la 125 ml de lichid. L\u0103m\u00e2ia este ideal\u0103 pentru a ad\u0103uga o arom\u0103 subtil\u0103 b\u0103uturilor mixte, deserturilor sau m\u00e2nc\u0103rurilor asiatice.<br \/>\nDatorit\u0103 efectului s\u0103u de cur\u0103\u021bare, poate fi, de asemenea, picurat pe sacul aspiratorului sau utilizat \u00een detergentul de uz casnic.<\/p>\n<p><strong>Utilizare sigur\u0103<\/strong><br \/>\nA nu se p\u0103stra la \u00eendem\u00e2na copiilor. Dac\u0103 sunte\u021bi \u00eens\u0103rcinat\u0103 sau urma\u021bi un tratament medical, v\u0103 rug\u0103m s\u0103 v\u0103 adresa\u021bi medicului dumneavoastr\u0103. Evita\u021bi contactul cu ochii, urechile interne, fa\u021ba, zonele sensibile \u0219i membranele mucoase Dilua\u021bi \u00eentotdeauna uleiurile topic cu un ulei purt\u0103tor (de exemplu, ulei de cocos frac\u021bionat). Nu folosi\u021bi mai mult de 1 pic\u0103tur\u0103 pe zi pe cale intern\u0103.<\/p>\n","protected":false},"excerpt":{"rendered":"<h2 style=\"font-size: 28px\">Uleiul de purificare<\/h2>\n<p>doTERRA Lemongrass &#8211; Are un efect pozitiv asupra min\u021bii \u0219i este scutul t\u0103u protector energetic zilnic. Este minunat pentru relaxarea \u0219i cur\u0103\u021barea corpului \u0219i a climatului din \u00eenc\u0103pere. De asemenea, este ideal pentru aromatizarea alimentelor \u0219i rafinarea b\u0103uturilor lungi.<\/p>\n","protected":false},"featured_media":5296,"template":"","meta":{"_et_pb_use_builder":"","_et_pb_old_content":"","_et_gb_content_width":""},"product_cat":[15,50,47,1938],"product_tag":[155,156,157],"_links":{"self":[{"href":"https:\/\/www.magnolioworld.com\/green-ro\/wp-json\/wp\/v2\/product\/879"}],"collection":[{"href":"https:\/\/www.magnolioworld.com\/green-ro\/wp-json\/wp\/v2\/product"}],"about":[{"href":"https:\/\/www.magnolioworld.com\/green-ro\/wp-json\/wp\/v2\/types\/product"}],"wp:featuredmedia":[{"embeddable":true,"href":"https:\/\/www.magnolioworld.com\/green-ro\/wp-json\/wp\/v2\/media\/5296"}],"wp:attachment":[{"href":"https:\/\/www.magnolioworld.com\/green-ro\/wp-json\/wp\/v2\/media?parent=879"}],"wp:term":[{"taxonomy":"product_cat","embeddable":true,"href":"https:\/\/www.magnolioworld.com\/green-ro\/wp-json\/wp\/v2\/product_cat?post=879"},{"taxonomy":"product_tag","embeddable":true,"href":"https:\/\/www.magnolioworld.com\/green-ro\/wp-json\/wp\/v2\/product_tag?post=879"}],"curies":[{"name":"wp","href":"https:\/\/api.w.org\/{rel}","templated":true}]}}