{"id":878,"date":"2020-04-22T15:09:45","date_gmt":"2020-04-22T13:09:45","guid":{"rendered":"https:\/\/www.magnolio.shop\/cassia-kassia-zimt\/"},"modified":"2025-11-25T17:06:51","modified_gmt":"2025-11-25T16:06:51","slug":"ulei-de-scortisoara-doterra-cassia","status":"publish","type":"product","link":"https:\/\/www.magnolioworld.com\/green-ro\/ulei-de-scortisoara-doterra-cassia\/","title":{"rendered":"Ulei de scor\u021bi\u0219oar\u0103 &#8211; doTERRA Cassia"},"content":{"rendered":"<p><strong>doTERRA Cassia<\/strong> &#8211; Uleiul de c\u0103ldur\u0103 \u0219i siguran\u021b\u0103 \u0219i de sus\u021binere a sistemului imunitar<\/p>\n<p>Cassia provine de la un copac tropical, ve\u0219nic verde, care cre\u0219te p\u00e2n\u0103 la 12 metri \u00een\u0103l\u021bime \u0219i are scoar\u021ba, frunzele \u0219i florile foarte parfumate. Este str\u00e2ns \u00eenrudit cu scor\u021bi\u0219oara \u0219i are o arom\u0103 puternic\u0103, picant\u0103. Poate fi folosit \u00een cantit\u0103\u021bi mici pentru a modifica orice amestec de uleiuri esen\u021biale. Uleiul de scor\u021bi\u0219oar\u0103 a fost folosit de mii de ani pentru numeroasele sale beneficii pentru s\u0103n\u0103tate. Este unul dintre pu\u021binele uleiuri esen\u021biale men\u021bionate \u00een Vechiul Testament. Este cunoscut pentru parfumul s\u0103u inconfundabil \u0219i pentru propriet\u0103\u021bile sale aromatice \u0219i lini\u0219titoare.<\/p>\n<p><strong>doTERRA Cassia<\/strong> poate fi folosit\u0103 \u00een buc\u0103t\u0103rie, fie ca \u00eenlocuitor al scor\u021bi\u0219oarei \u00een pr\u0103jituri \u0219i p\u00e2ine, fie ca atare \u00een nenum\u0103rate antreuri \u0219i deserturi.<\/p>\n<p><strong>Recomandare<\/strong><br \/>\nAromatic: Combina\u021bi 3-4 pic\u0103turi cu Wild Orange \u00eentr-un difuzor \u0219i bucura\u021bi-v\u0103 de aroma \u00een\u0103l\u021b\u0103toare. De asemenea, minunat \u00een combina\u021bie cu ylang ylang, lemn de cedru, l\u0103m\u00e2ie, cui\u0219oare, lavand\u0103 \u0219i t\u0103m\u00e2ie.<br \/>\nGib intern max.1 pic\u0103turi \u00een 125 ml de lichid. Se folose\u0219te cu l\u0103m\u00e2ie pentru o r\u0103coritoare cu l\u0103m\u00e2ie. De asemenea, este potrivit pentru rafinarea m\u00e2nc\u0103rurilor \u0219i a produselor de patiserie. V\u0103 rug\u0103m s\u0103 re\u021bine\u021bi: Mai pu\u021bin \u00eenseamn\u0103 mai mult. O cantitate infim\u0103 este adesea suficient\u0103 pentru o arom\u0103 corpolent\u0103 (v\u00e2rful unei scobitori).<br \/>\nTopic: ca masaj de \u00eenc\u0103lzire pentru articula\u021bii \u0219i mu\u0219chi, se amestec\u0103 5 pic\u0103turi cu 10 ml de ulei purt\u0103tor. Se dilueaz\u0103 5 pic\u0103turi cu 5 ml de ulei purt\u0103tor sau lapte sau crem\u0103 de migdale pentru o baie relaxant\u0103, cald\u0103 \u0219i lini\u0219titoare.  <\/p>\n<p><strong>Utilizare sigur\u0103<\/strong><br \/>\nV\u0103 rug\u0103m s\u0103 ave\u021bi grij\u0103 s\u0103 nu folosi\u021bi mai mult de 1 pic\u0103tur\u0103 pe zi pe cale intern\u0103. A nu se p\u0103stra la \u00eendem\u00e2na copiilor. Dac\u0103 sunte\u021bi \u00eens\u0103rcinat\u0103 \u0219i urma\u021bi un tratament medical, v\u0103 rug\u0103m s\u0103 v\u0103 adresa\u021bi medicului dumneavoastr\u0103. Evita\u021bi contactul cu ochii, urechile interne, fa\u021ba, zonele sensibile \u0219i membranele mucoase. Atunci c\u00e2nd sunt utilizate local, dilua\u021bi \u00eentotdeauna uleiurile cu un ulei purt\u0103tor (de exemplu, ulei de cocos frac\u021bionat).<\/p>\n","protected":false},"excerpt":{"rendered":"<h2 style=\"font-size: 28px\">Uleiul de \u00eencredere \u00een sine<\/h2>\n<p>doTERRA Cassia &#8211; Cunoscut\u0103 pentru parfumul s\u0103u distinctiv \u0219i pentru propriet\u0103\u021bile sale aromatice lini\u0219titoare \u0219i \u00een\u0103l\u021b\u0103toare. Poate fi folosit de minune \u00een buc\u0103t\u0103rie pentru a rafina m\u00e2nc\u0103rurile. Datorit\u0103 efectului s\u0103u de \u00eenc\u0103lzire, este deosebit de relaxant \u00een lunile mai reci ale anului sau dup\u0103 sport.<\/p>\n","protected":false},"featured_media":3974,"template":"","meta":{"_et_pb_use_builder":"","_et_pb_old_content":"","_et_gb_content_width":""},"product_cat":[15,50,1946],"product_tag":[92,93,94],"_links":{"self":[{"href":"https:\/\/www.magnolioworld.com\/green-ro\/wp-json\/wp\/v2\/product\/878"}],"collection":[{"href":"https:\/\/www.magnolioworld.com\/green-ro\/wp-json\/wp\/v2\/product"}],"about":[{"href":"https:\/\/www.magnolioworld.com\/green-ro\/wp-json\/wp\/v2\/types\/product"}],"wp:featuredmedia":[{"embeddable":true,"href":"https:\/\/www.magnolioworld.com\/green-ro\/wp-json\/wp\/v2\/media\/3974"}],"wp:attachment":[{"href":"https:\/\/www.magnolioworld.com\/green-ro\/wp-json\/wp\/v2\/media?parent=878"}],"wp:term":[{"taxonomy":"product_cat","embeddable":true,"href":"https:\/\/www.magnolioworld.com\/green-ro\/wp-json\/wp\/v2\/product_cat?post=878"},{"taxonomy":"product_tag","embeddable":true,"href":"https:\/\/www.magnolioworld.com\/green-ro\/wp-json\/wp\/v2\/product_tag?post=878"}],"curies":[{"name":"wp","href":"https:\/\/api.w.org\/{rel}","templated":true}]}}