{"id":869,"date":"2020-04-22T14:01:56","date_gmt":"2020-04-22T12:01:56","guid":{"rendered":"https:\/\/www.magnolio.shop\/deep-blue-kit-deep-blue-kit-schmerzlindernde-lotion\/"},"modified":"2026-01-09T13:13:50","modified_gmt":"2026-01-09T12:13:50","slug":"doterra-deep-blue-kit","status":"publish","type":"product","link":"https:\/\/www.magnolioworld.com\/green-ro\/doterra-deep-blue-kit\/","title":{"rendered":"doTERRA Deep Blue Kit"},"content":{"rendered":"<p><strong>doTERRA Deep Blue Kit<\/strong> &#8211; Combina\u021bia ideal\u0103 dintre Deep Blue Cream \u0219i practicul Deep Blue Roll-On.<\/p>\n<p>Ambele con\u021bin amestecul de uleiuri esen\u021biale Deep Blue. doTERRA Deep Blue Rub are o consisten\u021b\u0103 mai degrab\u0103 cremoas\u0103 \u0219i se r\u0103ce\u0219te minunat. \u00cen timp ce roll-on-ul cu ulei pur ofer\u0103 o u\u0219urare hr\u0103nitoare a tensiunii \u00een timpul deplas\u0103rii.<\/p>\n<p>doTERRA Deep Blue Rub v\u0103 ajut\u0103 atunci c\u00e2nd sim\u021bi\u021bi tensiune sau disconfort dup\u0103 efort fizic. Este un amestec perfect de uleiuri esen\u021biale care au un efect pl\u0103cut de r\u0103corire atunci c\u00e2nd sunt masate pe piele.<\/p>\n<p>Deep Blue este lini\u0219titor \u0219i amelioreaz\u0103 senza\u021bia de tensiune \u0219i suprasolicitare a sistemului musculo-scheletic, dar este util \u0219i pentru senza\u021biile de tensiune la nivelul capului.<\/p>\n<p>Bucura\u021bi-v\u0103 de o oaz\u0103 de relaxare cu <strong>doTERRA Deep Blue Kit <\/strong>dup\u0103 efort fizic \u0219i tensiune sau ca m\u0103sur\u0103 preventiv\u0103 \u0219i dob\u00e2ndi\u021bi o nou\u0103 calitate a vie\u021bii. Aici, \u00eentr-un set economic practic.<\/p>\n<p><strong>Recomandare<\/strong><br \/>\nSe aplic\u0103 acelea\u0219i recomand\u0103ri ca \u0219i pentru Deep Blue Rub \u0219i Deep Blue Roll-On.<\/p>\n<p><strong>Aplica\u021bie sigur\u0103<\/strong><br \/>\nSe aplic\u0103 acelea\u0219i recomand\u0103ri de siguran\u021b\u0103 ca \u0219i pentru Deep Blue Rub \u0219i Deep Blue Roll-On.<\/p>\n","protected":false},"excerpt":{"rendered":"<h2>Set lini\u0219titor<\/h2>\n<p><strong>doTERRA Deep Blue Kit<\/strong> &#8211; Combina\u021bia ideal\u0103 de Deep Blue Cream \u0219i Deep Blue Oil \u00eentr-un pachet practic de tip roll-on pentru a fi folosit \u00een deplasare. Ambele con\u021bin amestecul de uleiuri esen\u021biale Deep Blue. Aici ca set economic low-cost.<\/p>\n<p>Bucura\u021bi-v\u0103 de aceast\u0103 oaz\u0103 de relaxare dup\u0103 efort fizic \u0219i tensiune sau ca m\u0103sur\u0103 preventiv\u0103 \u0219i dob\u00e2ndi\u021bi o nou\u0103 calitate a vie\u021bii.<\/p>\n","protected":false},"featured_media":5092,"template":"","meta":{"_et_pb_use_builder":"","_et_pb_old_content":"","_et_gb_content_width":""},"product_cat":[15,1921,39,54],"product_tag":[642,643],"_links":{"self":[{"href":"https:\/\/www.magnolioworld.com\/green-ro\/wp-json\/wp\/v2\/product\/869"}],"collection":[{"href":"https:\/\/www.magnolioworld.com\/green-ro\/wp-json\/wp\/v2\/product"}],"about":[{"href":"https:\/\/www.magnolioworld.com\/green-ro\/wp-json\/wp\/v2\/types\/product"}],"wp:featuredmedia":[{"embeddable":true,"href":"https:\/\/www.magnolioworld.com\/green-ro\/wp-json\/wp\/v2\/media\/5092"}],"wp:attachment":[{"href":"https:\/\/www.magnolioworld.com\/green-ro\/wp-json\/wp\/v2\/media?parent=869"}],"wp:term":[{"taxonomy":"product_cat","embeddable":true,"href":"https:\/\/www.magnolioworld.com\/green-ro\/wp-json\/wp\/v2\/product_cat?post=869"},{"taxonomy":"product_tag","embeddable":true,"href":"https:\/\/www.magnolioworld.com\/green-ro\/wp-json\/wp\/v2\/product_tag?post=869"}],"curies":[{"name":"wp","href":"https:\/\/api.w.org\/{rel}","templated":true}]}}