{"id":868,"date":"2020-04-22T14:01:56","date_gmt":"2020-04-22T12:01:56","guid":{"rendered":"https:\/\/www.magnolio.shop\/deep-blue-rub-deep-blue-rub-schmerzlindernde-lotion\/"},"modified":"2026-04-18T19:21:18","modified_gmt":"2026-04-18T17:21:18","slug":"doterra-deep-blue-rub","status":"publish","type":"product","link":"https:\/\/www.magnolioworld.com\/green-ro\/doterra-deep-blue-rub\/","title":{"rendered":"doTERRA Deep Blue Rub"},"content":{"rendered":"<p><strong>doTERRA Deep Blue Rub &#8211;<\/strong> Crema lini\u0219titoare<\/p>\n<p>Aceast\u0103 crem\u0103 ofer\u0103 relaxare \u0219i u\u0219urare ideal\u0103 pentru mu\u0219chi \u0219i articula\u021bii, \u00een special dup\u0103 efort fizic sau \u00een preg\u0103tirea pentru sport.  <\/p>\n<p>Unguentul este un amestec perfect de uleiuri esen\u021biale, cum ar fi Wintergreen, Ment\u0103, T\u0103nt\u0103l\u0103u albastru, Mu\u0219e\u021bel albastru egiptean, Helichrysum \u0219i Osmanthus. Este u\u0219or de aplicat \u0219i se absoarbe rapid. Are un efect minunat de calmare, r\u0103cire \u0219i regenerare.<\/p>\n<p>Aplica\u021bi Deep Blue Rub pe zona stresat\u0103 a corpului \u0219i ve\u021bi observa imediat efectele benefice. De asemenea, este ideal pentru ameliorarea tensiunii din zona umerilor \u0219i a g\u00e2tului \u00een timpul perioadelor lungi de lucru la birou \u0219i a tensiunii la nivelul capului. De asemenea, pentru o mai bun\u0103 circula\u021bie a s\u00e2ngelui \u00een timpul c\u0103l\u0103toriilor lungi cu ma\u0219ina sau cu avionul.<\/p>\n<p>De asemenea, este minunat pentru tratamente relaxante de wellness \u0219i masaje sportive.<\/p>\n<p>Mostrele mici \u0219i practice sunt, de asemenea, disponibile aici, \u00een magazin, pentru a fi folosite atunci c\u00e2nd sunte\u021bi \u00een mi\u0219care.<\/p>\n<p><strong>Recomandare<\/strong><br \/>\nTopical: Pentru a elibera tensiunea dup\u0103 o zi lung\u0103 petrecut\u0103 \u00een fa\u021ba calculatorului, aplica\u021bi doTERRA Deep Blue pe degete, \u00eencheieturi, g\u00e2t \u0219i umeri. Se aplic\u0103 pe picioare \u0219i genunchi \u00eenainte \u0219i dup\u0103 antrenament pentru un efect de r\u0103cire \u0219i revitalizare. Se maseaz\u0103 \u00een partea inferioar\u0103 a spatelui dup\u0103 o zi lung\u0103. Aplica\u021bi Deep Blue Rub pe ceaf\u0103 \u00een caz de oboseal\u0103 sau tensiune la nivelul capului. Folosi\u021bi efectul r\u0103coritor \u0219i calmant atunci c\u00e2nd c\u0103l\u0103tori\u021bi \u0219i mai ales c\u00e2nd sta\u021bi mult timp pe scaun \u0219i freca\u021bi-v\u0103 cu crema pe picioare \u0219i picioare.<\/p>\n<p><strong>Utilizare sigur\u0103<\/strong><br \/>\nEste posibil\u0103 iritarea pielii. A nu se p\u0103stra la \u00eendem\u00e2na copiilor pentru a evita ingerarea accidental\u0103. Nu se utilizeaz\u0103 pe r\u0103ni sau pe pielea deteriorat\u0103. Nu se leag\u0103 str\u00e2ns dup\u0103 aplicare sau atunci c\u00e2nd se utilizeaz\u0103 cu un tampon de \u00eenc\u0103lzire. Dac\u0103 sunte\u021bi \u00eens\u0103rcinat\u0103 sau urma\u021bi un tratament medical, v\u0103 rug\u0103m s\u0103 v\u0103 adresa\u021bi medicului dumneavoastr\u0103. Evita\u021bi contactul cu ochii, urechile interne, fa\u021ba, zonele sensibile \u0219i membranele mucoase. \u00cen caz de \u00eenghi\u021bire, consulta\u021bi imediat un medic sau contacta\u021bi un centru de control al otr\u0103vurilor. Numai pentru uz extern.<\/p>\n","protected":false},"excerpt":{"rendered":"<h2 style=\"font-size: 28px\">Crem\u0103 calmant\u0103<\/h2>\n<p>doTERRA Deep Blue Rub &#8211; Aceast\u0103 crem\u0103 ofer\u0103 relaxare \u0219i u\u0219urare ideal\u0103 pentru mu\u0219chi \u0219i articula\u021bii, \u00een special dup\u0103 efort fizic sau \u00een preg\u0103tirea pentru sport. De asemenea, este ideal pentru tensiunea de la nivelul g\u00e2tului cauzat\u0103 de perioadele lungi de lucru la birou \u0219i de tensiunea capului. De asemenea, pentru o mai bun\u0103 circula\u021bie a s\u00e2ngelui \u00een timpul c\u0103l\u0103toriilor lungi cu ma\u0219ina sau cu avionul.<\/p>\n","protected":false},"featured_media":3983,"template":"","meta":{"_et_pb_use_builder":"","_et_pb_old_content":"","_et_gb_content_width":""},"product_cat":[15,51,39,48,54,1942,1963,1983],"product_tag":[640,641],"_links":{"self":[{"href":"https:\/\/www.magnolioworld.com\/green-ro\/wp-json\/wp\/v2\/product\/868"}],"collection":[{"href":"https:\/\/www.magnolioworld.com\/green-ro\/wp-json\/wp\/v2\/product"}],"about":[{"href":"https:\/\/www.magnolioworld.com\/green-ro\/wp-json\/wp\/v2\/types\/product"}],"wp:featuredmedia":[{"embeddable":true,"href":"https:\/\/www.magnolioworld.com\/green-ro\/wp-json\/wp\/v2\/media\/3983"}],"wp:attachment":[{"href":"https:\/\/www.magnolioworld.com\/green-ro\/wp-json\/wp\/v2\/media?parent=868"}],"wp:term":[{"taxonomy":"product_cat","embeddable":true,"href":"https:\/\/www.magnolioworld.com\/green-ro\/wp-json\/wp\/v2\/product_cat?post=868"},{"taxonomy":"product_tag","embeddable":true,"href":"https:\/\/www.magnolioworld.com\/green-ro\/wp-json\/wp\/v2\/product_tag?post=868"}],"curies":[{"name":"wp","href":"https:\/\/api.w.org\/{rel}","templated":true}]}}