{"id":866,"date":"2020-04-22T14:01:56","date_gmt":"2020-04-22T12:01:56","guid":{"rendered":"https:\/\/www.magnolio.shop\/onguard-natural-toothpaste-sample-10-pack-onguard-natural-zahncreme-10er-probepack\/"},"modified":"2025-03-26T11:50:38","modified_gmt":"2025-03-26T10:50:38","slug":"doterra-on-guard-toothpaste-samples","status":"publish","type":"product","link":"https:\/\/www.magnolioworld.com\/green-ro\/doterra-on-guard-toothpaste-samples\/","title":{"rendered":"doTERRA On Guard Toothpaste Samples"},"content":{"rendered":"<p><strong>doTERRA On Guard Toothpaste Samples<\/strong>\u00a0&#8211; past\u0103 de din\u021bi cu amestec de protec\u021bie \u00eentr-un pachet de 10 mostre &#8211; Beneficiile pastei de din\u021bi cu amestec de protec\u021bie, ideal\u0103 pentru sampling sau \u00een c\u0103l\u0103torii.<\/p>\n<p>doTERRA On Guard Toothpaste Samples 10 pack este o crem\u0103 natural\u0103 \u0219i f\u0103r\u0103 fluor, care v\u0103 cur\u0103\u021b\u0103 din\u021bii, reduce placa bacterian\u0103 \u0219i v\u0103 albe\u0219te din\u021bii cu agen\u021bi de lustruire bl\u00e2nd\u0103.<\/p>\n<p>doTERRA On Guard Toothpaste combin\u0103 beneficiile amestecului protector doTERRA On Guard de uleiuri esen\u021biale de \u00eenalt\u0103 calitate cu alte ingrediente naturale. Amestecul doTERRA On Guard de uleiuri esen\u021biale de portocal\u0103 s\u0103lbatic\u0103, cui\u0219oare, scoar\u021b\u0103 de scor\u021bi\u0219oar\u0103, eucalipt \u0219i rozmarin ofer\u0103 un impuls suplimentar de cur\u0103\u021bare. Bucura\u021bi-v\u0103 de aceast\u0103 arom\u0103 unic\u0103, care v\u0103 men\u021bine respira\u021bia \u0219i periu\u021ba de din\u021bi proasp\u0103t\u0103 \u0219i curat\u0103 pe tot parcursul zilei.<\/p>\n<p>\u00cempreun\u0103 cu apa de gur\u0103 On Guard Mouthwash \u0219i a\u021ba dentar\u0103 On Guard Floss, acestea formeaz\u0103 un trio perfect de \u00eengrijire dentar\u0103 pentru din\u021bi radian\u021bi \u0219i s\u0103n\u0103to\u0219i.<\/p>\n<p>Ceea ce au toate \u00een comun este amestecul protector doTERRA On Guard, care ofer\u0103 o protec\u021bie optim\u0103 pentru sistemul imunitar. Mai ales \u00een aceste vremuri dificile, este cu at\u00e2t mai important s\u0103 ne protej\u0103m c\u00e2t mai bine sistemul imunitar, astfel \u00eenc\u00e2t acesta s\u0103 fie echipat \u00een mod optim \u00eempotriva agen\u021bilor patogeni de orice fel. Acest lucru se datoreaz\u0103 faptului c\u0103 sistemul imunitar este unul dintre cele mai complexe sisteme din corpul nostru, care trebuie s\u0103 fie \u00een permanen\u021b\u0103 preg\u0103tit s\u0103 ac\u021bioneze pentru a putea interveni imediat pentru a se proteja \u00eempotriva bacteriilor, viru\u0219ilor, toxinelor \u0219i ciupercilor. Cavitatea noastr\u0103 bucal\u0103, \u00een special, este o poart\u0103 de intrare ideal\u0103 pentru agen\u021bii patogeni de toate felurile \u0219i, prin urmare, necesit\u0103 o protec\u021bie special\u0103 din partea noastr\u0103. Pasta de din\u021bi Protective Mixture este un ajutor indispensabil.<\/p>\n<p>Sprijin\u0103-\u021bi din\u021bii cu puterea pur\u0103 a naturii cu <strong>On\u00b4Guard Toothpaste <\/strong>\u0219i men\u021bine-i s\u0103n\u0103to\u0219i \u0219i radian\u021bi pentru mult timp. Ideal \u00een combina\u021bie cu apa de gur\u0103 On Guard.<\/p>\n<p>Iat\u0103 mostre de past\u0103 de din\u021bi doTERRA On Guard pentru a \u00eencerca sau pentru c\u0103l\u0103torii.<\/p>\n<p>Face\u021bi cuno\u0219tin\u021b\u0103 cu celelalte produse de protec\u021bie On Guard.<\/p>\n<p><strong>Recomandare<\/strong><br \/>\nFolosi\u021bi pasta de din\u021bi On Guard \u00een rutina de periaj de diminea\u021b\u0103 \u0219i de sear\u0103 pentru o \u00eengrijire optim\u0103 a din\u021bilor. Ideal \u00een combina\u021bie cu apa de gur\u0103 On Guard \u0219i a\u021ba dentar\u0103 On Guard.<br \/>\nAplicare: Aplica\u021bi o cantitate de past\u0103 de din\u021bi de m\u0103rimea unui bob de maz\u0103re pe periu\u021ba de din\u021bi umezit\u0103. Peria\u021bi delicat, dar temeinic, de preferin\u021b\u0103 diminea\u021ba \u0219i seara \u0219i dup\u0103 fiecare mas\u0103. Sau utiliza\u021bi conform recomand\u0103rilor medicului dentist. Pentru rezultate \u0219i mai bune, folosi\u021bi a\u021ba dentar\u0103 On Guard \u0219i apa de gur\u0103 On Guard dup\u0103 aceea.<\/p>\n<p><strong>Utilizare sigur\u0103<br \/>\n<\/strong>Utiliza\u021bi numai conform specifica\u021biilor. A nu se p\u0103stra la \u00eendem\u00e2na copiilor.<\/p>\n","protected":false},"excerpt":{"rendered":"<h1>Mostre de past\u0103 de din\u021bi On Guard ideale pentru c\u0103l\u0103torii<\/h1>\n<p>doTERRA On Guard Toothpaste Samples &#8211; Beneficiile pastei de din\u021bi cu amestec de protec\u021bie, ideal\u0103 pentru sampling sau pentru c\u0103l\u0103torii. \u00cempreun\u0103 cu apa de gur\u0103 On Guard \u0219i a\u021ba dentar\u0103 On Guard, acestea formeaz\u0103 un trio perfect de \u00eengrijire dentar\u0103 pentru din\u021bi radian\u021bi \u0219i s\u0103n\u0103to\u0219i.<\/p>\n","protected":false},"featured_media":4596,"template":"","meta":{"_et_pb_use_builder":"","_et_pb_old_content":"","_et_gb_content_width":""},"product_cat":[15,53],"product_tag":[636,637],"_links":{"self":[{"href":"https:\/\/www.magnolioworld.com\/green-ro\/wp-json\/wp\/v2\/product\/866"}],"collection":[{"href":"https:\/\/www.magnolioworld.com\/green-ro\/wp-json\/wp\/v2\/product"}],"about":[{"href":"https:\/\/www.magnolioworld.com\/green-ro\/wp-json\/wp\/v2\/types\/product"}],"wp:featuredmedia":[{"embeddable":true,"href":"https:\/\/www.magnolioworld.com\/green-ro\/wp-json\/wp\/v2\/media\/4596"}],"wp:attachment":[{"href":"https:\/\/www.magnolioworld.com\/green-ro\/wp-json\/wp\/v2\/media?parent=866"}],"wp:term":[{"taxonomy":"product_cat","embeddable":true,"href":"https:\/\/www.magnolioworld.com\/green-ro\/wp-json\/wp\/v2\/product_cat?post=866"},{"taxonomy":"product_tag","embeddable":true,"href":"https:\/\/www.magnolioworld.com\/green-ro\/wp-json\/wp\/v2\/product_tag?post=866"}],"curies":[{"name":"wp","href":"https:\/\/api.w.org\/{rel}","templated":true}]}}