{"id":865,"date":"2020-04-22T14:01:56","date_gmt":"2020-04-22T12:01:56","guid":{"rendered":"https:\/\/www.magnolio.shop\/onguard-natural-whitening-toothpaste-3-pack-onguard-natural-whitening-zahncreme-3er-pack\/"},"modified":"2025-11-17T17:20:57","modified_gmt":"2025-11-17T16:20:57","slug":"doterra-on-guard-toothpaste-3x","status":"publish","type":"product","link":"https:\/\/www.magnolioworld.com\/green-ro\/doterra-on-guard-toothpaste-3x\/","title":{"rendered":"doTERRA On Guard Toothpaste 3x"},"content":{"rendered":"<p><strong>DoTERRA On Guard Toothpaste 3x<\/strong> &#8211; Este pasta de din\u021bi cu amestec protector \u00eentr-un pachet economic de 3 buc\u0103\u021bi.<\/p>\n<p>Pasta de din\u021bi este o crem\u0103 natural\u0103 \u0219i f\u0103r\u0103 fluor pe care o pute\u021bi folosi pentru a v\u0103 cur\u0103\u021ba din\u021bii, pentru a reduce placa bacterian\u0103 \u0219i pentru a v\u0103 albi din\u021bii cu agen\u021bi de lustruire bl\u00e2nd\u0103.<\/p>\n<p>Pasta de din\u021bi doTERRA On Guard combin\u0103 beneficiile amestecului protector doTERRA On Guard de uleiuri esen\u021biale de \u00eenalt\u0103 calitate cu alte ingrediente naturale. Amestecul doTERRA On Guard de uleiuri esen\u021biale de portocal\u0103 s\u0103lbatic\u0103, cui\u0219oare, scoar\u021b\u0103 de scor\u021bi\u0219oar\u0103, eucalipt \u0219i rozmarin ofer\u0103 un impuls suplimentar de cur\u0103\u021bare. Bucura\u021bi-v\u0103 de aceast\u0103 arom\u0103 unic\u0103, care v\u0103 men\u021bine respira\u021bia \u0219i periu\u021ba de din\u021bi proasp\u0103t\u0103 \u0219i curat\u0103 pe tot parcursul zilei.<\/p>\n<p>\u00cempreun\u0103 cu apa de gur\u0103 On Guard Mouthwash \u0219i a\u021ba dentar\u0103 On Guard Floss, acestea formeaz\u0103 un trio perfect de \u00eengrijire dentar\u0103 pentru din\u021bi radian\u021bi \u0219i s\u0103n\u0103to\u0219i.<\/p>\n<p>Ceea ce au toate \u00een comun este amestecul protector doTERRA On Guard, care ofer\u0103 o protec\u021bie optim\u0103 pentru sistemul imunitar. \u00cen aceste vremuri speciale, at\u00e2t de multe lucruri vin spre noi din exterior. De aceea, este cu at\u00e2t mai important s\u0103 ne protej\u0103m sistemul imunitar c\u00e2t mai bine posibil, astfel \u00eenc\u00e2t acesta s\u0103 fie echipat \u00een mod optim \u00eempotriva influen\u021belor externe de orice fel. <\/p>\n<p>Cu toate acestea, perioadele de criz\u0103, stresul \u0219i situa\u021biile stresante din mediul \u00eenconjur\u0103tor sl\u0103besc considerabil acest scut protector. Sistemul nostru imunitar are nevoie de cel mai bun sprijin posibil pe tot parcursul anului. Pentru c\u0103 un sistem imunitar sl\u0103bit v\u0103 poate scoate u\u0219or din circuit \u0219i v\u0103 poate opri pentru s\u0103pt\u0103m\u00e2ni \u00eentregi. Cavitatea noastr\u0103 bucal\u0103, \u00een special, este o poart\u0103 de intrare ideal\u0103 pentru agen\u021bii patogeni de toate felurile \u0219i, prin urmare, necesit\u0103 o protec\u021bie special\u0103 din partea noastr\u0103. Pasta de din\u021bi Protective Mixture este un ajutor indispensabil.<\/p>\n<p>Sprijin\u0103-\u021bi din\u021bii cu puterea pur\u0103 a naturii cu <strong>pasta de din\u021bi doTERRA On Guard<\/strong> \u0219i men\u021bine-i s\u0103n\u0103to\u0219i \u0219i radian\u021bi pentru mult timp. Ideal \u00een combina\u021bie cu apa de gur\u0103 On Guard.<\/p>\n<p>Aici, \u00een pre\u021bul rezonabil <strong>doTERRA On Guard Toothpaste 3x.<\/strong> Face\u021bi cuno\u0219tin\u021b\u0103 cu celelalte produse de protec\u021bie On Guard.<\/p>\n<p><strong>Recomandare<\/strong><br \/>\nFolosi\u021bi pasta de din\u021bi On Guard \u00een rutina de periaj de diminea\u021b\u0103 \u0219i de sear\u0103 pentru o \u00eengrijire optim\u0103 a din\u021bilor. Ideal \u00een combina\u021bie cu apa de gur\u0103 On Guard \u0219i a\u021ba dentar\u0103 On Guard.<br \/>\nAplicare: Aplica\u021bi o cantitate de past\u0103 de din\u021bi de m\u0103rimea unui bob de maz\u0103re pe periu\u021ba de din\u021bi umezit\u0103. Peria\u021bi delicat, dar temeinic, de preferin\u021b\u0103 diminea\u021ba \u0219i seara \u0219i dup\u0103 fiecare mas\u0103. Sau utiliza\u021bi conform recomand\u0103rilor medicului dentist. Pentru rezultate \u0219i mai bune, folosi\u021bi a\u021ba dentar\u0103 On Guard \u0219i apa de gur\u0103 On Guard dup\u0103 aceea.<\/p>\n<p><strong>Utilizare sigur\u0103<br \/>\n<\/strong>Utiliza\u021bi numai conform specifica\u021biilor. A nu se p\u0103stra la \u00eendem\u00e2na copiilor.<\/p>\n","protected":false},"excerpt":{"rendered":"<h2 style=\"font-size: 28px;\">Past\u0103 de din\u021bi protectoare 3-pack<\/h2>\n<p><strong>doTERRA On Guard Toothpaste 3x<\/strong> &#8211; Pasta de din\u021bi este o solu\u021bie natural\u0103 \u0219i f\u0103r\u0103 fluor, cu care v\u0103 pute\u021bi cur\u0103\u021ba din\u021bii, reduce placa bacterian\u0103 \u0219i v\u0103 poate albi din\u021bii cu agen\u021bi de lustruire bl\u00e2nd\u0103. Aici, \u00eentr-un set favorabil de 3.<\/p>\n","protected":false},"featured_media":4512,"template":"","meta":{"_et_pb_use_builder":"","_et_pb_old_content":"","_et_gb_content_width":""},"product_cat":[15,1925,53],"product_tag":[634,635],"_links":{"self":[{"href":"https:\/\/www.magnolioworld.com\/green-ro\/wp-json\/wp\/v2\/product\/865"}],"collection":[{"href":"https:\/\/www.magnolioworld.com\/green-ro\/wp-json\/wp\/v2\/product"}],"about":[{"href":"https:\/\/www.magnolioworld.com\/green-ro\/wp-json\/wp\/v2\/types\/product"}],"wp:featuredmedia":[{"embeddable":true,"href":"https:\/\/www.magnolioworld.com\/green-ro\/wp-json\/wp\/v2\/media\/4512"}],"wp:attachment":[{"href":"https:\/\/www.magnolioworld.com\/green-ro\/wp-json\/wp\/v2\/media?parent=865"}],"wp:term":[{"taxonomy":"product_cat","embeddable":true,"href":"https:\/\/www.magnolioworld.com\/green-ro\/wp-json\/wp\/v2\/product_cat?post=865"},{"taxonomy":"product_tag","embeddable":true,"href":"https:\/\/www.magnolioworld.com\/green-ro\/wp-json\/wp\/v2\/product_tag?post=865"}],"curies":[{"name":"wp","href":"https:\/\/api.w.org\/{rel}","templated":true}]}}