{"id":864,"date":"2020-04-22T14:01:56","date_gmt":"2020-04-22T12:01:56","guid":{"rendered":"https:\/\/www.magnolio.shop\/onguard-natural-whitening-toothpaste-onguard-natural-whitening-zahncreme\/"},"modified":"2024-12-03T22:37:13","modified_gmt":"2024-12-03T21:37:13","slug":"doterra-on-guard-toothpaste","status":"publish","type":"product","link":"https:\/\/www.magnolioworld.com\/green-ro\/doterra-on-guard-toothpaste\/","title":{"rendered":"doTERRA On Guard Toothpaste"},"content":{"rendered":"<p><strong>doTERRA On Guard Toothpaste<\/strong> &#8211; \u00cengrijirea din\u021bilor radiant de albi \u0219i s\u0103n\u0103to\u0219i cu puterea pur\u0103 a naturii.<\/p>\n<p>Pasta de din\u021bi este o crem\u0103 natural\u0103 \u0219i f\u0103r\u0103 fluor pe care o pute\u021bi folosi pentru a v\u0103 cur\u0103\u021ba din\u021bii, pentru a reduce placa bacterian\u0103 \u0219i pentru a v\u0103 albi din\u021bii cu agen\u021bi de lustruire bl\u00e2nd\u0103.<\/p>\n<p>doTERRA On Guard Toothpaste combin\u0103 beneficiile amestecului protector doTERRA On Guard de uleiuri esen\u021biale de \u00eenalt\u0103 calitate cu alte ingrediente naturale. Amestecul doTERRA On Guard de uleiuri esen\u021biale de portocal\u0103 s\u0103lbatic\u0103, cui\u0219oare, scoar\u021b\u0103 de scor\u021bi\u0219oar\u0103, eucalipt \u0219i rozmarin ofer\u0103 un impuls suplimentar de cur\u0103\u021bare. Bucura\u021bi-v\u0103 de aceast\u0103 arom\u0103 unic\u0103, care v\u0103 men\u021bine respira\u021bia \u0219i periu\u021ba de din\u021bi proasp\u0103t\u0103 \u0219i curat\u0103 pe tot parcursul zilei.<\/p>\n<p>\u00cempreun\u0103 cu apa de gur\u0103 On Guard Mouthwash \u0219i a\u021ba dentar\u0103 On Guard Floss, acestea formeaz\u0103 un trio perfect de \u00eengrijire dentar\u0103 pentru din\u021bi radian\u021bi \u0219i s\u0103n\u0103to\u0219i.<\/p>\n<p>Ceea ce au toate \u00een comun este amestecul protector doTERRA On Guard, care ofer\u0103 o protec\u021bie optim\u0103 pentru sistemul imunitar. \u00cen aceste vremuri speciale, at\u00e2t de multe lucruri vin spre noi din exterior. De aceea, este cu at\u00e2t mai important s\u0103 ne protej\u0103m sistemul imunitar c\u00e2t mai bine posibil, astfel \u00eenc\u00e2t acesta s\u0103 fie echipat \u00een mod optim \u00eempotriva influen\u021belor externe de orice fel. <\/p>\n<p>Dac\u0103 \u0219i tu ai impresia c\u0103 sistemul t\u0103u imunitar are nevoie urgent\u0103 de o \u00eent\u0103rire sau pur \u0219i simplu vrei s\u0103 iei m\u0103suri preventive, atunci apeleaz\u0103 la sprijinul naturii pure cu uleiuri esen\u021biale de \u00eenalt\u0103 calitate din amestecul de uleiuri esen\u021biale On Guard. Pasta de din\u021bi Protective Mixture este un ajutor indispensabil.<\/p>\n<p>Sprijin\u0103-\u021bi din\u021bii cu puterea pur\u0103 a naturii cu <strong>pasta de din\u021bi doTERRA On Guard<\/strong> \u0219i men\u021bine-i s\u0103n\u0103to\u0219i \u0219i radian\u021bi pentru mult timp. Ideal \u00een combina\u021bie cu apa de gur\u0103 On Guard.<\/p>\n<p>Face\u021bi cuno\u0219tin\u021b\u0103 cu celelalte produse de protec\u021bie On Guard.<\/p>\n<p><strong>Recomandare<\/strong><br \/>\nFolosi\u021bi pasta de din\u021bi On Guard \u00een rutina de periaj de diminea\u021b\u0103 \u0219i de sear\u0103 pentru o \u00eengrijire optim\u0103 a din\u021bilor. Ideal \u00een combina\u021bie cu apa de gur\u0103 On Guard \u0219i a\u021ba dentar\u0103 On Guard.<br \/>\nAplicare: Aplica\u021bi o cantitate de past\u0103 de din\u021bi de m\u0103rimea unui bob de maz\u0103re pe periu\u021ba de din\u021bi umezit\u0103. Peria\u021bi delicat, dar temeinic, de preferin\u021b\u0103 diminea\u021ba \u0219i seara \u0219i dup\u0103 fiecare mas\u0103. Sau utiliza\u021bi conform recomand\u0103rilor medicului dentist. Pentru rezultate \u0219i mai bune, folosi\u021bi a\u021ba dentar\u0103 On Guard \u0219i apa de gur\u0103 On Guard dup\u0103 aceea.<\/p>\n<p><strong>Utilizare sigur\u0103<br \/>\n<\/strong>Utiliza\u021bi numai conform specifica\u021biilor. A nu se p\u0103stra la \u00eendem\u00e2na copiilor.<\/p>\n","protected":false},"excerpt":{"rendered":"<h2 style=\"font-size: 28px;\">Past\u0103 de din\u021bi protectoare<\/h2>\n<p>doTERRA On Guard Toothpaste &#8211; este o solu\u021bie natural\u0103 \u0219i f\u0103r\u0103 fluor pentru a v\u0103 cur\u0103\u021ba din\u021bii, a reduce placa bacterian\u0103 \u0219i a v\u0103 albi din\u021bii cu agen\u021bi de lustruire bl\u00e2nd\u0103.<br \/>\n\u00cempreun\u0103 cu apa de gur\u0103 On Guard \u0219i a\u021ba dentar\u0103 On Guard, acestea formeaz\u0103 un trio perfect de \u00eengrijire dentar\u0103 pentru din\u021bi radian\u021bi \u0219i s\u0103n\u0103to\u0219i.<\/p>\n","protected":false},"featured_media":3981,"template":"","meta":{"_et_pb_use_builder":"","_et_pb_old_content":"","_et_gb_content_width":""},"product_cat":[15,1925,53,1952],"product_tag":[632,633],"_links":{"self":[{"href":"https:\/\/www.magnolioworld.com\/green-ro\/wp-json\/wp\/v2\/product\/864"}],"collection":[{"href":"https:\/\/www.magnolioworld.com\/green-ro\/wp-json\/wp\/v2\/product"}],"about":[{"href":"https:\/\/www.magnolioworld.com\/green-ro\/wp-json\/wp\/v2\/types\/product"}],"wp:featuredmedia":[{"embeddable":true,"href":"https:\/\/www.magnolioworld.com\/green-ro\/wp-json\/wp\/v2\/media\/3981"}],"wp:attachment":[{"href":"https:\/\/www.magnolioworld.com\/green-ro\/wp-json\/wp\/v2\/media?parent=864"}],"wp:term":[{"taxonomy":"product_cat","embeddable":true,"href":"https:\/\/www.magnolioworld.com\/green-ro\/wp-json\/wp\/v2\/product_cat?post=864"},{"taxonomy":"product_tag","embeddable":true,"href":"https:\/\/www.magnolioworld.com\/green-ro\/wp-json\/wp\/v2\/product_tag?post=864"}],"curies":[{"name":"wp","href":"https:\/\/api.w.org\/{rel}","templated":true}]}}