{"id":862,"date":"2020-04-22T14:01:55","date_gmt":"2020-04-22T12:01:55","guid":{"rendered":"https:\/\/www.magnolio.shop\/onguard-mouth-wash-onguard-mundspuelung\/"},"modified":"2025-10-15T19:47:42","modified_gmt":"2025-10-15T17:47:42","slug":"doterra-on-guard-mouthwash","status":"publish","type":"product","link":"https:\/\/www.magnolioworld.com\/green-ro\/doterra-on-guard-mouthwash\/","title":{"rendered":"doTERRA On Guard Mouthwash"},"content":{"rendered":"<p><strong>doTERRA On Guard Mouthwash<\/strong> &#8211; Puterea amestecului imunoprotector On Guard pentru o gur\u0103 proasp\u0103t\u0103 \u0219i igienic\u0103 care nu d\u0103 nicio \u0219ans\u0103 agen\u021bilor patogeni.<\/p>\n<p>doTERRA On Guard Mouthwash o protec\u021bie eficient\u0103 pentru igiena oral\u0103 \u00een fiecare col\u021b al gurii. Extractul de miswak reduce formarea pl\u0103cii bacteriene \u0219i men\u021bine din\u021bii cura\u021bi p\u00e2n\u0103 la pori. Agen\u021bii patogeni din gur\u0103 sunt, de asemenea, preveni\u021bi.<\/p>\n<p>doTERRA On Guard Mouthwash combin\u0103 beneficiile amestecului protector doTERRA On Guard de uleiuri esen\u021biale de \u00eenalt\u0103 calitate cu alte ingrediente naturale. Amestecul doTERRA On Guard de uleiuri esen\u021biale de portocal\u0103 s\u0103lbatic\u0103, cui\u0219oare, scoar\u021b\u0103 de scor\u021bi\u0219oar\u0103, eucalipt \u0219i rozmarin ofer\u0103 un impuls suplimentar de cur\u0103\u021bare. Bucura\u021bi-v\u0103 de aceast\u0103 arom\u0103 unic\u0103 care v\u0103 men\u021bine respira\u021bia proasp\u0103t\u0103 \u0219i curat\u0103 pe tot parcursul zilei.<\/p>\n<p>\u00cempreun\u0103 cu pasta de din\u021bi On Guard Toothpaste \u0219i a\u021ba dentar\u0103 On Guard Floss, acestea formeaz\u0103 un trio perfect de \u00eengrijire dentar\u0103 pentru din\u021bi radian\u021bi \u0219i s\u0103n\u0103to\u0219i.<\/p>\n<p>Ceea ce au toate \u00een comun este amestecul protector doTERRA On Guard, care ofer\u0103 o protec\u021bie optim\u0103 pentru sistemul imunitar. Mai ales \u00een aceste vremuri dificile, este cu at\u00e2t mai important s\u0103 ne protej\u0103m c\u00e2t mai bine sistemul imunitar, astfel \u00eenc\u00e2t acesta s\u0103 fie echipat \u00een mod optim \u00eempotriva agen\u021bilor patogeni de orice fel. Cavitatea noastr\u0103 bucal\u0103, \u00een special, este o poart\u0103 de intrare ideal\u0103 pentru agen\u021bii patogeni de toate felurile \u0219i, prin urmare, necesit\u0103 o protec\u021bie special\u0103 din partea noastr\u0103. Apa de gur\u0103 este un ajutor indispensabil \u00een acest caz.<\/p>\n<p>Sprijin\u0103-\u021bi din\u021bii cu puterea pur\u0103 a naturii cu\u00a0<strong>doTERRA On Guard Mouthwash <\/strong>\u0219i men\u021bine-i s\u0103n\u0103to\u0219i \u0219i radian\u021bi pentru mult timp. Ideal \u00een combina\u021bie cu celelalte produse de \u00eengrijire dentar\u0103 On Guard.<\/p>\n<p>Face\u021bi cuno\u0219tin\u021b\u0103 cu celelalte produse de protec\u021bie On Guard.<\/p>\n<p><strong>Recomandare<br \/>\n<\/strong> Folosi\u021bi apa de gur\u0103 On Guard Mouthwash pentru o \u00eengrijire optim\u0103 a din\u021bilor \u00een rutina de periaj diminea\u021ba \u0219i seara, dup\u0103 ce v\u0103 cur\u0103\u021ba\u021bi din\u021bii. Ideal \u00eempreun\u0103 cu a\u021ba dentar\u0103 On Guard Floss. Folosi\u021bi apa de gur\u0103 \u00eentre cl\u0103tiri \u00een perioadele cu cerin\u021be sporite de igien\u0103.<br \/>\nAplicare: Dup\u0103 cur\u0103\u021barea cu past\u0103 de din\u021bi \u0219i a\u021b\u0103 dentar\u0103, ad\u0103uga\u021bi un capac de ap\u0103 de gur\u0103 la un pahar de ap\u0103 \u0219i cl\u0103ti\u021bi-v\u0103 gura cu ea timp de c\u00e2teva minute. Face\u021bi gargar\u0103 \u00een plus pentru o mai bun\u0103 igien\u0103. Ave\u021bi grij\u0103 s\u0103 nu \u00eenghi\u021bi\u021bi solu\u021bia.<\/p>\n<p><strong>Utilizare sigur\u0103<br \/>\n<\/strong>A nu se l\u0103sa la \u00eendem\u00e2na copiilor. Nu se \u00eenghite. Nu utiliza\u021bi dac\u0103 sigiliul este rupt sau lipse\u0219te.<\/p>\n","protected":false},"excerpt":{"rendered":"<h2 style=\"font-size: 28px;\">Ap\u0103 de gur\u0103 protectoare<\/h2>\n<p>doTERRA On Guard Mouthwash &#8211; Puterea amestecului protector On Guard pentru o gur\u0103 proasp\u0103t\u0103 \u0219i igienic\u0103. \u00cempreun\u0103 cu pasta de din\u021bi On Guard \u0219i a\u021ba dentar\u0103 On Guard, formeaz\u0103 un trio perfect de \u00eengrijire dentar\u0103 pentru din\u021bi radian\u021bi \u0219i s\u0103n\u0103to\u0219i.<\/p>\n","protected":false},"featured_media":3985,"template":"","meta":{"_et_pb_use_builder":"","_et_pb_old_content":"","_et_gb_content_width":""},"product_cat":[15,1925,53],"product_tag":[628,629],"_links":{"self":[{"href":"https:\/\/www.magnolioworld.com\/green-ro\/wp-json\/wp\/v2\/product\/862"}],"collection":[{"href":"https:\/\/www.magnolioworld.com\/green-ro\/wp-json\/wp\/v2\/product"}],"about":[{"href":"https:\/\/www.magnolioworld.com\/green-ro\/wp-json\/wp\/v2\/types\/product"}],"wp:featuredmedia":[{"embeddable":true,"href":"https:\/\/www.magnolioworld.com\/green-ro\/wp-json\/wp\/v2\/media\/3985"}],"wp:attachment":[{"href":"https:\/\/www.magnolioworld.com\/green-ro\/wp-json\/wp\/v2\/media?parent=862"}],"wp:term":[{"taxonomy":"product_cat","embeddable":true,"href":"https:\/\/www.magnolioworld.com\/green-ro\/wp-json\/wp\/v2\/product_cat?post=862"},{"taxonomy":"product_tag","embeddable":true,"href":"https:\/\/www.magnolioworld.com\/green-ro\/wp-json\/wp\/v2\/product_tag?post=862"}],"curies":[{"name":"wp","href":"https:\/\/api.w.org\/{rel}","templated":true}]}}