{"id":861,"date":"2020-04-22T14:01:55","date_gmt":"2020-04-22T12:01:55","guid":{"rendered":"https:\/\/www.magnolio.shop\/onguard-waschmittel-onguard-waschmittel\/"},"modified":"2026-03-11T11:33:45","modified_gmt":"2026-03-11T10:33:45","slug":"doterra-on-guard-laundry-detergent","status":"publish","type":"product","link":"https:\/\/www.magnolioworld.com\/green-ro\/doterra-on-guard-laundry-detergent\/","title":{"rendered":"doTERRA On Guard Laundry Detergent"},"content":{"rendered":"<p><strong>doTERRA On Guard Laundry Detergent<\/strong> &#8211; Cur\u0103\u021barea \u00een profunzime a porilor \u0219i puterea amestecului On Guard, combinate cu ingrediente organice naturale.<\/p>\n<p><strong>doTERRA On Guard Laundry Detergent<\/strong> este un detergent ultra-concentrat de 6 ori care utilizeaz\u0103 puterea amestecului protector doTERRA On Guard cu enzime bio-surse. \u00cendep\u0103rteaz\u0103 delicat \u0219i puternic petele, las\u0103 hainele uimitor de curate \u0219i asigur\u0103 prospe\u021bimea \u0219i cur\u0103\u021benia porilor \u00een profunzime. <br \/>\nEste deosebit de economic \u0219i poate fi utilizat pentru 64 de sp\u0103l\u0103ri pe flacon.<\/p>\n<p>doTERRA On Guard Laundry Detergent este, prin urmare, un element important pentru o via\u021b\u0103 cu puterea pur\u0103 a naturii. Amestecul de protec\u021bie On Guard este, bine\u00een\u021beles, o component\u0103 esen\u021bial\u0103. F\u0103-\u021bi casa f\u0103r\u0103 chimicale trec\u00e2nd la detergentul de rufe On Guard! Formula nu con\u021bine coloran\u021bi, parfumuri sintetice \u0219i toxine &#8211; ceea ce face ziua de sp\u0103lare s\u0103pt\u0103m\u00e2nal\u0103 mai pl\u0103cut\u0103.<\/p>\n<p>O varietate de produse de uz casnic On Guard, cum ar fi s\u0103punul de m\u00e2ini spumant On Guard \u0219i detergentul On Guard, asigur\u0103 o protec\u021bie optim\u0103 \u00een cas\u0103.<\/p>\n<p>Face\u021bi cuno\u0219tin\u021b\u0103 cu celelalte produse On Guard pentru uz casnic, pentru \u00eengrijirea dentar\u0103 \u0219i pentru bun\u0103starea dumneavoastr\u0103.<\/p>\n<p><strong>Recomandare<\/strong><br \/>\nFolosi\u021bi detergentul conform instruc\u021biunilor pentru rufe curate, cu miros proasp\u0103t \u0219i cu porii ad\u00e2nci\u021bi.<br \/>\nUtilizare: Pentru o ma\u0219in\u0103 de sp\u0103lat conven\u021bional\u0103, folosi\u021bi \u00bd capac (2 linguri) pentru o sarcin\u0103 de sp\u0103lare. Utiliza\u021bi mai mult detergent pentru hainele foarte murdare.<br \/>\nPentru pete: Aplica\u021bi o cantitate mic\u0103 de detergent direct pe pat\u0103. Se las\u0103 s\u0103 ac\u021bioneze timp de 3-10 minute. Apoi se spal\u0103 conform indica\u021biilor. Pentru petele foarte persistente, aplica\u021bi din nou detergentul \u00eenainte ca haina s\u0103 se usuce. Apoi repeta\u021bi procesul de sp\u0103lare. Dup\u0103 al doilea ciclu de sp\u0103lare, l\u0103sa\u021bi haina s\u0103 se usuce \u00eenainte de a efectua un nou tratament pentru pete. Ca \u00een cazul oric\u0103rei \u00eendep\u0103rt\u0103ri de pete, testa\u021bi rezisten\u021ba culorii pe o zon\u0103 ascuns\u0103 a hainei \u00eenainte de tratament.<\/p>\n<p><strong>Siguran\u021b\u0103 de utilizare<br \/>\n<\/strong>Numai pentru uz extern. Evita\u021bi contactul cu ochii.<\/p>\n","protected":false},"excerpt":{"rendered":"<h2 style=\"font-size: 28px;\">Detergent<\/h2>\n<p><strong>doTERRA On Guard Laundry Detergent<\/strong> &#8211; Cur\u0103\u021barea profund\u0103 a porilor \u0219i puterea amestecului On Guard combinat cu ingrediente organice naturale. Pentru o cas\u0103 s\u0103n\u0103toas\u0103, f\u0103r\u0103 chimicale.<\/p>\n","protected":false},"featured_media":3984,"template":"","meta":{"_et_pb_use_builder":"","_et_pb_old_content":"","_et_gb_content_width":""},"product_cat":[15,53,1952],"product_tag":[627],"_links":{"self":[{"href":"https:\/\/www.magnolioworld.com\/green-ro\/wp-json\/wp\/v2\/product\/861"}],"collection":[{"href":"https:\/\/www.magnolioworld.com\/green-ro\/wp-json\/wp\/v2\/product"}],"about":[{"href":"https:\/\/www.magnolioworld.com\/green-ro\/wp-json\/wp\/v2\/types\/product"}],"wp:featuredmedia":[{"embeddable":true,"href":"https:\/\/www.magnolioworld.com\/green-ro\/wp-json\/wp\/v2\/media\/3984"}],"wp:attachment":[{"href":"https:\/\/www.magnolioworld.com\/green-ro\/wp-json\/wp\/v2\/media?parent=861"}],"wp:term":[{"taxonomy":"product_cat","embeddable":true,"href":"https:\/\/www.magnolioworld.com\/green-ro\/wp-json\/wp\/v2\/product_cat?post=861"},{"taxonomy":"product_tag","embeddable":true,"href":"https:\/\/www.magnolioworld.com\/green-ro\/wp-json\/wp\/v2\/product_tag?post=861"}],"curies":[{"name":"wp","href":"https:\/\/api.w.org\/{rel}","templated":true}]}}