{"id":859,"date":"2020-04-22T14:01:55","date_gmt":"2020-04-22T12:01:55","guid":{"rendered":"https:\/\/www.magnolio.shop\/onguard-fomaing-seifenspender-3er-pack-onguard-fomaing-seifenspender-3er-pack\/"},"modified":"2026-01-26T10:28:33","modified_gmt":"2026-01-26T09:28:33","slug":"doterra-on-guard-dispenser-3x","status":"publish","type":"product","link":"https:\/\/www.magnolioworld.com\/green-ro\/doterra-on-guard-dispenser-3x\/","title":{"rendered":"doTERRA On Guard Dispenser 3x"},"content":{"rendered":"<p><strong>doTERRA On Guard Dispenser 3x &#8211; <\/strong>Pentru o spum\u0103 de s\u0103pun minunat de delicat\u0103 \u00eentr-un design elegant, \u00eentr-un set accesibil de 3<\/p>\n<p>Acest dozator de s\u0103pun de culoarea chihlimbarului pentru s\u0103punul de m\u00e2ini spumant creeaz\u0103 o spum\u0103 delicat\u0103 \u0219i utilizeaz\u0103 optim con\u021binutul p\u00e2n\u0103 la ultima pic\u0103tur\u0103 din pre\u021biosul s\u0103pun de m\u00e2ini.<\/p>\n<p>Este decorativ, astfel \u00eenc\u00e2t designul s\u0103u special \u0219i elegant se potrive\u0219te perfect \u00een baie sau \u00een orice buc\u0103t\u0103rie. Capacitatea sa este de 236,5 ml. Cu pachetul de 3 la pre\u021buri accesibile, \u00eel ave\u021bi disponibil peste tot. Ideal\u0103 oriunde trebuie \u00eendep\u0103rtat s\u0103punul \u00een mod rapid \u0219i igienic, de exemplu, \u00een sectoarele de \u00eengrijire, cosmetic\u0103, wellness, birouri \u0219i cabinete medicale. Dar poate fi utilizat rapid \u0219i oriunde \u00een sectorul privat.<\/p>\n<p><strong>doTERRA On Guard Dispenser 3x<\/strong> &#8211; Ideal \u0219i ca un cadou valoros. Se utilizeaz\u0103 cel mai bine \u00eempreun\u0103 cu s\u0103punul de m\u00e2ini asortat. Utiliza\u021bi \u0219i setul economic de 2 s\u0103punuri de m\u00e2ini.<\/p>\n","protected":false},"excerpt":{"rendered":"<h2 style=\"font-size: 28px;\">Dozator de s\u0103pun de culoare chihlimbar pentru s\u0103punul de m\u00e2n\u0103 de protec\u021bie<\/h2>\n<p><strong>doTERRA On Guard Dispenser 3x<\/strong> &#8211; Pentru o spum\u0103 de s\u0103pun minunat de delicat\u0103 \u00eentr-un design elegant. Poate fi umplut cu s\u0103pun de m\u00e2ini On Guard. Are o capacitate de 236,5 ml. Aici ca set ieftin pentru a fi utilizat oriunde sunt necesare m\u00e2ini curate \u0219i protejate. Fie c\u0103 este vorba de cabinet, studio, birou, centru de wellness sau acas\u0103.<\/p>\n","protected":false},"featured_media":4595,"template":"","meta":{"_et_pb_use_builder":"","_et_pb_old_content":"","_et_gb_content_width":""},"product_cat":[15,57,53],"product_tag":[624],"_links":{"self":[{"href":"https:\/\/www.magnolioworld.com\/green-ro\/wp-json\/wp\/v2\/product\/859"}],"collection":[{"href":"https:\/\/www.magnolioworld.com\/green-ro\/wp-json\/wp\/v2\/product"}],"about":[{"href":"https:\/\/www.magnolioworld.com\/green-ro\/wp-json\/wp\/v2\/types\/product"}],"wp:featuredmedia":[{"embeddable":true,"href":"https:\/\/www.magnolioworld.com\/green-ro\/wp-json\/wp\/v2\/media\/4595"}],"wp:attachment":[{"href":"https:\/\/www.magnolioworld.com\/green-ro\/wp-json\/wp\/v2\/media?parent=859"}],"wp:term":[{"taxonomy":"product_cat","embeddable":true,"href":"https:\/\/www.magnolioworld.com\/green-ro\/wp-json\/wp\/v2\/product_cat?post=859"},{"taxonomy":"product_tag","embeddable":true,"href":"https:\/\/www.magnolioworld.com\/green-ro\/wp-json\/wp\/v2\/product_tag?post=859"}],"curies":[{"name":"wp","href":"https:\/\/api.w.org\/{rel}","templated":true}]}}