{"id":851,"date":"2020-04-22T14:01:53","date_gmt":"2020-04-22T12:01:53","guid":{"rendered":"https:\/\/www.magnolio.shop\/petal-2-0-diffuser-petal-2-0-diffuser\/"},"modified":"2025-09-23T18:15:45","modified_gmt":"2025-09-23T16:15:45","slug":"doterra-petal-diffuser","status":"publish","type":"product","link":"https:\/\/www.magnolioworld.com\/green-ro\/doterra-petal-diffuser\/","title":{"rendered":"doTERRA Petal Diffuser"},"content":{"rendered":"<p><strong>doTERRA Petal Diffuser<\/strong> &#8211; Difuzor mic \u0219i u\u0219or de utilizat<\/p>\n<p>A fost creat pentru a aduce o not\u0103 de bun\u0103stare \u00een via\u021ba dumneavoastr\u0103. Mic \u0219i u\u0219or de utilizat, difuzorul Petal Diffuser emite o cea\u021b\u0103 lini\u0219titoare pentru \u00eenc\u0103peri cu o suprafa\u021b\u0103 de p\u00e2n\u0103 la 30 de metri p\u0103tra\u021bi \u0219i creeaz\u0103 o atmosfer\u0103 pl\u0103cut\u0103 cu lumina sa ambiental\u0103 alb\u0103 \u0219i bl\u00e2nd\u0103 &#8211; ideal\u0103 \u0219i pentru utilizarea pe timp de noapte. Cu cele trei set\u0103ri ale duratei de func\u021bionare de 1, 2 \u0219i 4 ore, pute\u021bi ajusta durata \u00een func\u021bie de necesit\u0103\u021bi.<\/p>\n<p>Produsul de \u00eenalt\u0103 calitate, cu o cea\u021b\u0103 ultrafin\u0103, dar puternic\u0103, elibereaz\u0103 rapid \u0219i \u00een siguran\u021b\u0103 aromele lini\u0219titoare ale uleiurilor esen\u021biale preferate. O experien\u021b\u0103 aromatic\u0103 minunat\u0103 at\u00e2t pentru \u00eencep\u0103tori, c\u00e2t \u0219i pentru utilizatorii experimenta\u021bi.<\/p>\n<p>Cu cele 3 set\u0103ri ale duratei de func\u021bionare de 1, 2 \u0219i 4 ore, durata poate fi ajustat\u0103 \u00een func\u021bie de necesit\u0103\u021bi. <strong>Difuzorul<\/strong> practic <strong>doTERRA Petal Diffuser<\/strong> este stabil, u\u0219or \u0219i u\u0219or de utilizat. Fie acas\u0103, fie la birou.<\/p>\n<p>Trioul de difuzoare Petal Diffuser Trio cu cele dou\u0103 uleiuri Wild Orange \u0219i Lavender este, de asemenea, ideal ca un set de \u00eenceput pentru cas\u0103 sau birou sau ca un cadou minunat.<\/p>\n<p>Recomandat pentru un maxim de. Camera are o suprafa\u021b\u0103 de 33 de metri p\u0103tra\u021bi. Pentru \u00eenc\u0103peri mai mari, folosi\u021bi mai multe difuzoare.<\/p>\n<p><strong>Recomandare<\/strong><br \/>\nRespecta\u021bi recomand\u0103rile de aplicare din descrierea produsului<\/p>\n<p><strong>Utilizare sigur\u0103<br \/>\n<\/strong>Respecta\u021bi instruc\u021biunile de siguran\u021b\u0103 din descrierea produsului.<\/p>\n","protected":false},"excerpt":{"rendered":"<h2 style=\"font-size: 28px;\">Difuzorul ideal pentru \u00eencep\u0103tori<\/h2>\n<p><strong>doTERRA Petal Diffuser<\/strong> &#8211; A fost creat pentru a aduce o adiere de bun\u0103stare \u00een via\u021ba dumneavoastr\u0103. Cu o cea\u021b\u0103 ultrafin\u0103, dar puternic\u0103, acest produs de \u00eenalt\u0103 calitate elibereaz\u0103 \u00een mod optim aromele lini\u0219titoare ale uleiurilor esen\u021biale valoroase.<\/p>\n","protected":false},"featured_media":4664,"template":"","meta":{"_et_pb_use_builder":"","_et_pb_old_content":"","_et_gb_content_width":""},"product_cat":[15,57,37],"product_tag":[599],"_links":{"self":[{"href":"https:\/\/www.magnolioworld.com\/green-ro\/wp-json\/wp\/v2\/product\/851"}],"collection":[{"href":"https:\/\/www.magnolioworld.com\/green-ro\/wp-json\/wp\/v2\/product"}],"about":[{"href":"https:\/\/www.magnolioworld.com\/green-ro\/wp-json\/wp\/v2\/types\/product"}],"wp:featuredmedia":[{"embeddable":true,"href":"https:\/\/www.magnolioworld.com\/green-ro\/wp-json\/wp\/v2\/media\/4664"}],"wp:attachment":[{"href":"https:\/\/www.magnolioworld.com\/green-ro\/wp-json\/wp\/v2\/media?parent=851"}],"wp:term":[{"taxonomy":"product_cat","embeddable":true,"href":"https:\/\/www.magnolioworld.com\/green-ro\/wp-json\/wp\/v2\/product_cat?post=851"},{"taxonomy":"product_tag","embeddable":true,"href":"https:\/\/www.magnolioworld.com\/green-ro\/wp-json\/wp\/v2\/product_tag?post=851"}],"curies":[{"name":"wp","href":"https:\/\/api.w.org\/{rel}","templated":true}]}}