{"id":849,"date":"2020-04-22T14:01:53","date_gmt":"2020-04-22T12:01:53","guid":{"rendered":"https:\/\/www.magnolio.shop\/lumo-diffuser-lumo-diffuser\/"},"modified":"2024-08-06T17:51:06","modified_gmt":"2024-08-06T15:51:06","slug":"doterra-lumo-diffuser","status":"publish","type":"product","link":"https:\/\/www.magnolioworld.com\/green-ro\/doterra-lumo-diffuser\/","title":{"rendered":"doTERRA Lumo Diffuser"},"content":{"rendered":"<p><strong>doTERRA Lumo Diffuser<\/strong>\u00a0&#8211; Nebulizatorul cu un design frumos pentru utilizarea elegant\u0103 a uleiurilor \u00een cas\u0103.<br \/>\nTransforma\u021bi orice \u00eenc\u0103pere \u00eentr-un mediu lini\u0219tit \u0219i \u00een\u0103l\u021b\u0103tor prin difuzarea uleiurilor preferate cu ajutorul unui difuzor cu ultrasunete personalizat, inspirat din natur\u0103.<\/p>\n<p>Baza difuzorului Lumo este realizat\u0103 din lemn de ar\u021bar. Diferitele scenarii de iluminat sunt inspirate de st\u0103rile de iluminare natural\u0103. doTERRA Lumo Diffuser are diverse op\u021biuni de setare \u0219i poate func\u021biona \u00eentre 2 \u0219i 5 ore f\u0103r\u0103 \u00eentrerupere \u0219i p\u00e2n\u0103 la 10 ore cu \u00eentreruperi.<\/p>\n<p>Ideal \u00eempreun\u0103 cu un ulei esen\u021bial pre\u021bios ca idee de cadou special.<\/p>\n<p><strong>Recomandare<\/strong><br \/>\nRespecta\u021bi recomand\u0103rile de aplicare din descrierea produsului<\/p>\n<p><strong>Aplica\u021bie sigur\u0103<\/strong><br \/>\nRespecta\u021bi instruc\u021biunile de siguran\u021b\u0103 din descrierea produsului<\/p>\n","protected":false},"excerpt":{"rendered":"<h2 style=\"font-size: 28px;\">Nebulizatorul elegant<\/h2>\n<p>doTERRA Lumo Diffuser &#8211; Nebulizatorul cu form\u0103 \u0219i stil pentru utilizarea uleiurilor \u00een cas\u0103, \u00een afaceri sau \u00een cabinetul dumneavoastr\u0103.<\/p>\n","protected":false},"featured_media":4514,"template":"","meta":{"_et_pb_use_builder":"","_et_pb_old_content":"","_et_gb_content_width":""},"product_cat":[15,57],"product_tag":[597],"_links":{"self":[{"href":"https:\/\/www.magnolioworld.com\/green-ro\/wp-json\/wp\/v2\/product\/849"}],"collection":[{"href":"https:\/\/www.magnolioworld.com\/green-ro\/wp-json\/wp\/v2\/product"}],"about":[{"href":"https:\/\/www.magnolioworld.com\/green-ro\/wp-json\/wp\/v2\/types\/product"}],"wp:featuredmedia":[{"embeddable":true,"href":"https:\/\/www.magnolioworld.com\/green-ro\/wp-json\/wp\/v2\/media\/4514"}],"wp:attachment":[{"href":"https:\/\/www.magnolioworld.com\/green-ro\/wp-json\/wp\/v2\/media?parent=849"}],"wp:term":[{"taxonomy":"product_cat","embeddable":true,"href":"https:\/\/www.magnolioworld.com\/green-ro\/wp-json\/wp\/v2\/product_cat?post=849"},{"taxonomy":"product_tag","embeddable":true,"href":"https:\/\/www.magnolioworld.com\/green-ro\/wp-json\/wp\/v2\/product_tag?post=849"}],"curies":[{"name":"wp","href":"https:\/\/api.w.org\/{rel}","templated":true}]}}