{"id":847,"date":"2020-04-22T14:01:52","date_gmt":"2020-04-22T12:01:52","guid":{"rendered":"https:\/\/www.magnolio.shop\/phytoestrogen-lifetime-complex-phytoestrogen-lifetime-complex\/"},"modified":"2025-10-16T18:29:05","modified_gmt":"2025-10-16T16:29:05","slug":"doterra-phytoestrogen-complex","status":"publish","type":"product","link":"https:\/\/www.magnolioworld.com\/green-ro\/doterra-phytoestrogen-complex\/","title":{"rendered":"doTERRA Phytoestrogen Complex"},"content":{"rendered":"<p><a href=\"https:\/\/www.magnolioworld.com\/green-ro\/doterra-phytoestrogen-complex\/\"><strong>Complexul de fitoestrogeni doTERRA<\/strong><\/a> &#8211; Calm prin zile \u0219i schimb\u0103ri<\/p>\n<p>Ca t\u00e2n\u0103r adult, aproape toate func\u021biile corpului unei femei sunt controlate de hormoni. Un echilibru al nivelurilor hormonale normale influen\u021beaz\u0103 s\u0103n\u0103tatea \u0219i bun\u0103starea emo\u021bional\u0103 a unei femei, de la \u00eenceputul adolescen\u021bei p\u00e2n\u0103 la menopauz\u0103. <\/p>\n<p>doTERRA Phytoestrogen Complex este un amestec de fitoestrogeni vegetali standardiza\u021bi care sus\u021bin echilibrul hormonal \u00eentr-un mod delicat \u0219i natural. De asemenea, con\u021bine lignani concentra\u021bi din semin\u021be de in pentru a promova un metabolism s\u0103n\u0103tos. O alimenta\u021bie corect\u0103, exerci\u021biile fizice \u0219i echilibrarea hormonilor pot ajuta la reducerea problemelor inconfortabile asociate cu sindromul premenstrual \u0219i tranzi\u021bia la menopauz\u0103 \u0219i pot oferi un sprijin suplimentar pentru s\u0103n\u0103tatea oaselor, a inimii \u0219i a \u021besutului mamar, precum \u0219i a altor structuri \u0219i func\u021bii ale corpului pe m\u0103sur\u0103 ce femeile \u00eemb\u0103tr\u00e2nesc.<\/p>\n<p>Pentru a r\u0103m\u00e2ne s\u0103n\u0103tos \u0219i vital toat\u0103 via\u021ba, trebuie s\u0103 m\u00e2nca\u021bi corect, s\u0103 v\u0103 men\u021bine\u021bi \u00een form\u0103 \u0219i s\u0103 face\u021bi fa\u021b\u0103 stresului. Alegerea unor produse de wellness naturale, complementare, ca parte a unei strategii de s\u0103n\u0103tate cuprinz\u0103toare, poate sprijini, de asemenea, bun\u0103starea la b\u0103tr\u00e2ne\u021be. Femeile au nevoi de s\u0103n\u0103tate specifice care pot necesita alegeri dietetice \u0219i de stil de via\u021b\u0103 specifice \u0219i specifice. Dac\u0103 aceste probleme de s\u0103n\u0103tate specifice nu sunt abordate la o v\u00e2rst\u0103 fraged\u0103, ele pot duce la probleme nepl\u0103cute \u0219i persistente legate de ciclurile hormonale \u0219i de \u00eemb\u0103tr\u00e2nire.<\/p>\n<p>Aproape toate func\u021biile din corpul unei femei sunt controlate de hormoni. Estrogenul \u0219i progesteronul sunt hormoni deosebit de importan\u021bi pentru femei \u0219i influen\u021beaz\u0103 s\u0103n\u0103tatea \u0219i bun\u0103starea emo\u021bional\u0103 a unei femei pe tot parcursul vie\u021bii. O produc\u021bie ridicat\u0103 de estrogen la femeile tinere poate duce la probleme semnificative asociate cu menstrua\u021bia, \u00een timp ce produc\u021bia prea mic\u0103 de estrogen pe m\u0103sur\u0103 ce femeile \u00eemb\u0103tr\u00e2nesc poate afecta multe aspecte ale s\u0103n\u0103t\u0103\u021bii reproductive a femeilor \u0219i poate contribui la problemele de s\u0103n\u0103tate pe care unele femei le au \u00een timpul menopauzei. Echilibrarea unor niveluri s\u0103n\u0103toase de estrogeni ajut\u0103 la reducerea fluctua\u021biilor hormonale lunare \u0219i a fluctua\u021biilor hormonale asociate menopauzei.<\/p>\n<p>De asemenea, este ideal \u00eempreun\u0103 cu Bone Nutrient Complex (consolidarea oaselor) \u0219i Clary Calm (echilibru hormonal) pentru o via\u021b\u0103 u\u0219oar\u0103 \u0219i relaxat\u0103 pe parcursul ciclului sau al schimb\u0103rilor.<\/p>\n<p>R\u0103sf\u0103\u021ba\u021bi-v\u0103 cu kitul de s\u0103n\u0103tate pentru femei la pre\u021buri accesibile.<\/p>\n<p><strong>Recomandare<\/strong><br \/>\nUna p\u00e2n\u0103 la dou\u0103 capsule de doTERRA Phytoestrogen Complex zilnic, la mese<\/p>\n<p><strong>Utilizare sigur\u0103<\/strong><br \/>\nA nu se p\u0103stra la \u00eendem\u00e2na copiilor. Ave\u021bi grij\u0103 s\u0103 nu dep\u0103\u0219i\u021bi doza zilnic\u0103 recomandat\u0103. V\u0103 rug\u0103m s\u0103 re\u021bine\u021bi c\u0103 suplimentele alimentare nu pot \u00eenlocui o diet\u0103 complet\u0103 \u0219i echilibrat\u0103 \u0219i un stil de via\u021b\u0103 s\u0103n\u0103tos. Femeile \u00eens\u0103rcinate \u0219i cele care al\u0103pteaz\u0103, precum \u0219i persoanele cu probleme de s\u0103n\u0103tate cunoscute trebuie s\u0103 solicite sfatul medicului \u00eenainte de a lua acest produs. A se p\u0103stra \u00eentr-un loc r\u0103coros \u0219i uscat. V\u0103 rug\u0103m s\u0103 re\u021bine\u021bi data limit\u0103 de consum (a se vedea partea de jos a sticlei).<\/p>\n","protected":false},"excerpt":{"rendered":"<h2 style=\"font-size: 28px;\">Echilibru hormonal \u00een echilibru<\/h2>\n<p>doTERRA Phytoestrogen Complex &#8211; Trece\u021bi cu calm peste zile \u0219i schimb\u0103ri.<\/p>\n","protected":false},"featured_media":4006,"template":"","meta":{"_et_pb_use_builder":"","_et_pb_old_content":"","_et_gb_content_width":""},"product_cat":[15,52,42,1970],"product_tag":[593],"_links":{"self":[{"href":"https:\/\/www.magnolioworld.com\/green-ro\/wp-json\/wp\/v2\/product\/847"}],"collection":[{"href":"https:\/\/www.magnolioworld.com\/green-ro\/wp-json\/wp\/v2\/product"}],"about":[{"href":"https:\/\/www.magnolioworld.com\/green-ro\/wp-json\/wp\/v2\/types\/product"}],"wp:featuredmedia":[{"embeddable":true,"href":"https:\/\/www.magnolioworld.com\/green-ro\/wp-json\/wp\/v2\/media\/4006"}],"wp:attachment":[{"href":"https:\/\/www.magnolioworld.com\/green-ro\/wp-json\/wp\/v2\/media?parent=847"}],"wp:term":[{"taxonomy":"product_cat","embeddable":true,"href":"https:\/\/www.magnolioworld.com\/green-ro\/wp-json\/wp\/v2\/product_cat?post=847"},{"taxonomy":"product_tag","embeddable":true,"href":"https:\/\/www.magnolioworld.com\/green-ro\/wp-json\/wp\/v2\/product_tag?post=847"}],"curies":[{"name":"wp","href":"https:\/\/api.w.org\/{rel}","templated":true}]}}