{"id":846,"date":"2020-04-22T14:01:52","date_gmt":"2020-04-22T12:01:52","guid":{"rendered":"https:\/\/www.magnolio.shop\/mito2max-mito2max\/"},"modified":"2025-12-29T17:37:57","modified_gmt":"2025-12-29T16:37:57","slug":"doterra-mito2max","status":"publish","type":"product","link":"https:\/\/www.magnolioworld.com\/green-ro\/doterra-mito2max\/","title":{"rendered":"doTERRA Mito2Max"},"content":{"rendered":"<p><strong>doTERRA Mito2Max<\/strong> &#8211; Un stimulent eficient \u0219i complet natural pentru \u00eentre mese<\/p>\n<p>Corpul uman este alc\u0103tuit din trilioane de celule. La o privire mai atent\u0103, sinergiile dintre aceste celule sunt \u00eentotdeauna remarcabile. Mitocondriile furnizeaz\u0103 &#8220;energia&#8221; pentru via\u021ba acestor celule. Cu toate acestea, performan\u021ba mitocondriilor scade odat\u0103 cu \u00eenaintarea \u00een v\u00e2rst\u0103. Ca urmare, avem mai pu\u021bin\u0103 energie \u0219i mai multe gaze reziduale celulare toxice. Sporturile \u0219i activit\u0103\u021bile de care ne bucuram \u00een tinere\u021be nu mai sunt at\u00e2t de u\u0219or de practicat. <\/p>\n<p>Unii oameni \u00eencearc\u0103 s\u0103 \u00ee\u0219i sporeasc\u0103 nivelul de energie cu cofein\u0103 \u0219i alte stimulente care le pot da un impuls rapid. Cu toate acestea, aceste substan\u021be ne las\u0103 adesea \u00eentr-o situa\u021bie mai rea dec\u00e2t \u00eenainte. Mito2Max, formula unic\u0103 de la doTERRA cu ingredientul principal acetil-L-carnitin\u0103, sus\u021bine un stil de via\u021b\u0103 s\u0103n\u0103tos \u0219i activ. De asemenea, con\u021bine Oligonol\u00ae, un amestec unic de antioxidan\u021bi care combin\u0103 polifenoli biologic activi din fructe de litchi \u0219i ceai verde. O alt\u0103 component\u0103 important\u0103 a Mito2Max este extractul de r\u0103d\u0103cin\u0103 Ashwaganda. Ashwaganda este cunoscut\u0103 sub numele de &#8220;planta b\u0103tr\u00e2ne\u021bii&#8221; datorit\u0103 numeroaselor sale utiliz\u0103ri. Ashwaganda a fost cercetat\u0103 de genera\u021bii \u00eentregi \u0219i poate avea un efect pozitiv asupra st\u0103rii de spirit \u0219i poate calma sistemul nervos.<\/p>\n<p><strong>doTERRA Mito2Max<\/strong> &#8211; trezirea \u00eentr-un mod complet natural, f\u0103r\u0103 agita\u021bie.<\/p>\n<p><strong>Recomandare<\/strong><br \/>\n2 capsule doTERRA Mito2Max zilnic, dac\u0103 este necesar<\/p>\n<p><strong>Utilizare sigur\u0103<\/strong><br \/>\nA nu se p\u0103stra la \u00eendem\u00e2na copiilor. Ave\u021bi grij\u0103 s\u0103 nu dep\u0103\u0219i\u021bi doza zilnic\u0103 recomandat\u0103. V\u0103 rug\u0103m s\u0103 re\u021bine\u021bi c\u0103 suplimentele alimentare nu pot \u00eenlocui o diet\u0103 complet\u0103 \u0219i echilibrat\u0103 \u0219i un stil de via\u021b\u0103 s\u0103n\u0103tos. Femeile \u00eens\u0103rcinate \u0219i cele care al\u0103pteaz\u0103, precum \u0219i persoanele cu probleme de s\u0103n\u0103tate cunoscute trebuie s\u0103 solicite sfatul medicului \u00eenainte de a lua acest produs. A se p\u0103stra \u00eentr-un loc r\u0103coros \u0219i uscat. V\u0103 rug\u0103m s\u0103 re\u021bine\u021bi data limit\u0103 de consum (a se vedea partea de jos a sticlei).<\/p>\n","protected":false},"excerpt":{"rendered":"<h2 style=\"font-size: 28px\">Stimulentul natural \u0219i rapid<\/h2>\n<p>doTERRA Mito2Max &#8211; Stimulentul rapid \u0219i, mai presus de toate, natural, f\u0103r\u0103 efect de stimulare. Acest lucru v\u0103 permite s\u0103 dep\u0103\u0219i\u021bi rapid \u0219i eficient orice sl\u0103biciune, d\u00e2ndu-v\u0103 o nou\u0103 energie \u0219i putere.<\/p>\n","protected":false},"featured_media":4083,"template":"","meta":{"_et_pb_use_builder":"","_et_pb_old_content":"","_et_gb_content_width":""},"product_cat":[15,52,36,41,1949,1966,1986],"product_tag":[592],"_links":{"self":[{"href":"https:\/\/www.magnolioworld.com\/green-ro\/wp-json\/wp\/v2\/product\/846"}],"collection":[{"href":"https:\/\/www.magnolioworld.com\/green-ro\/wp-json\/wp\/v2\/product"}],"about":[{"href":"https:\/\/www.magnolioworld.com\/green-ro\/wp-json\/wp\/v2\/types\/product"}],"wp:featuredmedia":[{"embeddable":true,"href":"https:\/\/www.magnolioworld.com\/green-ro\/wp-json\/wp\/v2\/media\/4083"}],"wp:attachment":[{"href":"https:\/\/www.magnolioworld.com\/green-ro\/wp-json\/wp\/v2\/media?parent=846"}],"wp:term":[{"taxonomy":"product_cat","embeddable":true,"href":"https:\/\/www.magnolioworld.com\/green-ro\/wp-json\/wp\/v2\/product_cat?post=846"},{"taxonomy":"product_tag","embeddable":true,"href":"https:\/\/www.magnolioworld.com\/green-ro\/wp-json\/wp\/v2\/product_tag?post=846"}],"curies":[{"name":"wp","href":"https:\/\/api.w.org\/{rel}","templated":true}]}}