{"id":839,"date":"2020-04-22T14:01:51","date_gmt":"2020-04-22T12:01:51","guid":{"rendered":"https:\/\/www.magnolio.shop\/alpha-crs-zellulaere-vitalkomplex-120-kapseln-alpha-crs-zellulaere-vitalkomplex-120-kapseln\/"},"modified":"2025-04-24T16:08:01","modified_gmt":"2025-04-24T14:08:01","slug":"doterra-alpha-crs","status":"publish","type":"product","link":"https:\/\/www.magnolioworld.com\/green-ro\/doterra-alpha-crs\/","title":{"rendered":"doTERRA Alpha CRS+"},"content":{"rendered":"<p><strong>doTERRA Alpha CRS+<\/strong> &#8211; Cell Vitality Complex &#8211; Amestecul optim pentru s\u0103n\u0103tatea \u0219i regenerarea celulelor tale<\/p>\n<p>doTERRA Alpha CRS+ Cellular Vitality Complex este un amestec special de cantit\u0103\u021bi eficiente de extracte naturale de plante care asigur\u0103 un metabolism s\u0103n\u0103tos \u00een interiorul celulelor. Este un supliment alimentar de \u00eenalt\u0103 calitate, ca baz\u0103 pentru o via\u021b\u0103 plin\u0103 de vitalitate \u0219i bun\u0103stare.<\/p>\n<p>Celulele sunt elementele de baz\u0103 ale \u00eentregii vie\u021bi. Organele s\u0103n\u0103toase, \u021besuturile s\u0103n\u0103toase \u0219i, \u00een cele din urm\u0103, organismele s\u0103n\u0103toase depind de reproducerea celular\u0103 \u0219i de produc\u021bia de energie, precum \u0219i de moartea la timp a celulelor care nu func\u021bioneaz\u0103 \u00een mod optim. Odat\u0103 cu \u00eenaintarea \u00een v\u00e2rst\u0103, func\u021bia celular\u0103 se poate deteriora, iar energia \u0219i performan\u021ba scad treptat.<\/p>\n<p>\u00cen plus, factorii de stres celular, inclusiv stresul oxidativ asupra ADN-ului celular \u0219i a altor structuri celulare cheie, pun \u00een pericol s\u0103n\u0103tatea celular\u0103. Aprovizionarea celulelor cu nutrien\u021bi importan\u021bi \u0219i factori metabolici ai energiei celulare \u0219i protejarea celulelor noastre \u00eempotriva factorilor de stres toxici sprijin\u0103 func\u021bia celular\u0103 s\u0103n\u0103toas\u0103, vitalitatea \u0219i bun\u0103starea.<\/p>\n<p>\u00cempreun\u0103 cu Microplex Vmz (complex de nutrien\u021bi) \u00een setul de nutrien\u021bi zilnici la un pre\u021b avantajos.<\/p>\n<p><strong>Recomandare<\/strong><br \/>\nLua\u021bi 4 capsule pe zi cu mese<\/p>\n<p><strong>Utilizare sigur\u0103<\/strong><br \/>\nA nu se p\u0103stra la \u00eendem\u00e2na copiilor. Ave\u021bi grij\u0103 s\u0103 nu dep\u0103\u0219i\u021bi doza zilnic\u0103 recomandat\u0103. V\u0103 rug\u0103m s\u0103 re\u021bine\u021bi c\u0103 suplimentele alimentare nu pot \u00eenlocui o diet\u0103 complet\u0103 \u0219i echilibrat\u0103 \u0219i un stil de via\u021b\u0103 s\u0103n\u0103tos. Femeile \u00eens\u0103rcinate \u0219i cele care al\u0103pteaz\u0103, precum \u0219i persoanele cu probleme de s\u0103n\u0103tate cunoscute trebuie s\u0103 solicite sfatul medicului \u00eenainte de a lua acest produs. A se p\u0103stra \u00eentr-un loc r\u0103coros \u0219i uscat. V\u0103 rug\u0103m s\u0103 re\u021bine\u021bi data limit\u0103 de consum (a se vedea partea de jos a sticlei).<\/p>\n","protected":false},"excerpt":{"rendered":"<h2 style=\"font-size: 28px\">Complex de vitalitate celular\u0103<\/h2>\n<p>doTERRA Alpha CRS+ &#8211; amestecul optim pentru s\u0103n\u0103tatea \u0219i regenerarea celular\u0103.<\/p>\n","protected":false},"featured_media":4003,"template":"","meta":{"_et_pb_use_builder":"","_et_pb_old_content":"","_et_gb_content_width":""},"product_cat":[15,52,44,36,1945,2002,2003,1972],"product_tag":[584],"_links":{"self":[{"href":"https:\/\/www.magnolioworld.com\/green-ro\/wp-json\/wp\/v2\/product\/839"}],"collection":[{"href":"https:\/\/www.magnolioworld.com\/green-ro\/wp-json\/wp\/v2\/product"}],"about":[{"href":"https:\/\/www.magnolioworld.com\/green-ro\/wp-json\/wp\/v2\/types\/product"}],"wp:featuredmedia":[{"embeddable":true,"href":"https:\/\/www.magnolioworld.com\/green-ro\/wp-json\/wp\/v2\/media\/4003"}],"wp:attachment":[{"href":"https:\/\/www.magnolioworld.com\/green-ro\/wp-json\/wp\/v2\/media?parent=839"}],"wp:term":[{"taxonomy":"product_cat","embeddable":true,"href":"https:\/\/www.magnolioworld.com\/green-ro\/wp-json\/wp\/v2\/product_cat?post=839"},{"taxonomy":"product_tag","embeddable":true,"href":"https:\/\/www.magnolioworld.com\/green-ro\/wp-json\/wp\/v2\/product_tag?post=839"}],"curies":[{"name":"wp","href":"https:\/\/api.w.org\/{rel}","templated":true}]}}