{"id":838,"date":"2020-04-22T14:01:51","date_gmt":"2020-04-22T12:01:51","guid":{"rendered":"https:\/\/www.magnolio.shop\/zendocrine-entgiftungskomplex-zendocrine-entgiftungskomplex\/"},"modified":"2026-03-11T11:42:15","modified_gmt":"2026-03-11T10:42:15","slug":"doterra-zendocrine-complex","status":"publish","type":"product","link":"https:\/\/www.magnolioworld.com\/green-ro\/doterra-zendocrine-complex\/","title":{"rendered":"doTERRA Zendocrine Complex"},"content":{"rendered":"<p><strong>doTERRA Zendocrine Complex<\/strong> &#8211; suport delicat \u0219i cur\u0103\u021bare a sistemului digestiv<\/p>\n<p>doTERRA Zendocrine Complex este un amestec patentat de extracte de alimente integrale \u00eentr-un sistem patentat de administrare a enzimelor care sprijin\u0103 func\u021bia de cur\u0103\u021bare \u0219i filtrare s\u0103n\u0103toas\u0103 a ficatului, rinichilor, colonului, pl\u0103m\u00e2nilor \u0219i pielii.<\/p>\n<p>Zendocrine este un amestec de extracte alimentare conceput pentru a sus\u021bine func\u021biile s\u0103n\u0103toase de cur\u0103\u021bare \u0219i filtrare a ficatului, rinichilor, colonului, pl\u0103m\u00e2nilor \u0219i pielii. Fiecare dintre extractele de alimente vegetale a fost selectat pentru a sus\u021bine puterea de cur\u0103\u021bare a organismului \u00een descompunerea produselor toxice.<\/p>\n<p>Complex utilizeaz\u0103 un sistem de suport enzimatic care ajut\u0103 la absorb\u021bia extractelor alimentare. Este ambalat \u00eentr-o capsul\u0103 vegetal\u0103 f\u0103r\u0103 SLS.<\/p>\n","protected":false},"excerpt":{"rendered":"<h2 style=\"font-size: 28px;\">Complex de detoxifiere<\/h2>\n<p>doTERRA Zendocrine Complex &#8211; Complexul sus\u021bine detoxifierea \u0219i \u00eent\u0103re\u0219te toate organele digestive &#8211; \u00een special ficatul. Este, de asemenea, foarte valoroas\u0103 \u00een toate procesele de tranzi\u021bie<strong>.<\/strong><\/p>\n","protected":false},"featured_media":4002,"template":"","meta":{"_et_pb_use_builder":"","_et_pb_old_content":"","_et_gb_content_width":""},"product_cat":[15,52,44,1943,1944],"product_tag":[583],"_links":{"self":[{"href":"https:\/\/www.magnolioworld.com\/green-ro\/wp-json\/wp\/v2\/product\/838"}],"collection":[{"href":"https:\/\/www.magnolioworld.com\/green-ro\/wp-json\/wp\/v2\/product"}],"about":[{"href":"https:\/\/www.magnolioworld.com\/green-ro\/wp-json\/wp\/v2\/types\/product"}],"wp:featuredmedia":[{"embeddable":true,"href":"https:\/\/www.magnolioworld.com\/green-ro\/wp-json\/wp\/v2\/media\/4002"}],"wp:attachment":[{"href":"https:\/\/www.magnolioworld.com\/green-ro\/wp-json\/wp\/v2\/media?parent=838"}],"wp:term":[{"taxonomy":"product_cat","embeddable":true,"href":"https:\/\/www.magnolioworld.com\/green-ro\/wp-json\/wp\/v2\/product_cat?post=838"},{"taxonomy":"product_tag","embeddable":true,"href":"https:\/\/www.magnolioworld.com\/green-ro\/wp-json\/wp\/v2\/product_tag?post=838"}],"curies":[{"name":"wp","href":"https:\/\/api.w.org\/{rel}","templated":true}]}}