{"id":837,"date":"2020-04-22T14:01:51","date_gmt":"2020-04-22T12:01:51","guid":{"rendered":"https:\/\/www.magnolio.shop\/terrazyme-verdauungsenzym-komplex-terrazyme-verdauungsenzym-komplex\/"},"modified":"2026-02-13T11:43:41","modified_gmt":"2026-02-13T10:43:41","slug":"doterra-terrazyme","status":"publish","type":"product","link":"https:\/\/www.magnolioworld.com\/green-ro\/doterra-terrazyme\/","title":{"rendered":"doTERRA TerraZyme"},"content":{"rendered":"<p><strong>doTERRA TerraZyme <\/strong>&#8211; amestec de enzime pentru a sus\u021bine o digestie optim\u0103<\/p>\n<p>Este un amestec patentat de enzime alimentare integrale active \u0219i cofactori de sus\u021binere care lipsesc adesea din alimentele g\u0103tite, procesate \u0219i bogate \u00een conservan\u021bi.  <\/p>\n<p>Combina\u021bia puternic\u0103 de enzime digestive con\u021binut\u0103 \u00een doTERRA TerraZyme sus\u021bine produc\u021bia constant\u0103 de enzime care sunt importante pentru o func\u021bie biochimic\u0103 s\u0103n\u0103toas\u0103. Promoveaz\u0103 o digestie s\u0103n\u0103toas\u0103 \u0219i metabolismul celular al nutrien\u021bilor pentru energie prin proteine, gr\u0103simi, carbohidra\u021bi complec\u0219i, zaharuri \u0219i fibre.<\/p>\n<p>Enzimele sunt proteine specializate care ac\u021bioneaz\u0103 ca catalizatori \u00een aproape toate func\u021biile celulare \u0219i reac\u021biile chimice din organism. Enzimele joac\u0103 un rol crucial \u00een cre\u0219tere, vindecare \u0219i reproducere. De asemenea, sunt necesare pentru respira\u021bie, g\u00e2ndire, func\u021bia imunitar\u0103, reglarea hormonilor, detoxifiere \u0219i mii de alte func\u021bii biochimice. De asemenea, enzimele sunt necesare pentru digestia alimentelor \u0219i pentru transformarea nutrien\u021bilor \u00een energie \u00een celule*.<\/p>\n<p>Enzimele pot fi produse \u00een interiorul \u0219i \u00een afara organismului. Enzimele endogene sunt produse \u00een organism \u0219i pot fi clasificate ca enzime metabolice \u0219i enzime digestive. Enzimele metabolice sunt active \u00een s\u00e2nge, \u021besuturi \u0219i organe. Enzimele digestive sunt secretate de ficat \u0219i de pancreas \u0219i ajut\u0103 organismul s\u0103 transforme alimentele \u00een nutrien\u021bi utilizabili. Enzimele exogene sunt enzimele produse \u00een mod natural \u00een organism \u0219i sunt clasificate ca enzime alimentare. Enzimele alimentare se g\u0103sesc \u00een alimentele crude, neprocesate \u0219i ajut\u0103 la descompunerea nutrien\u021bilor \u00een timpul digestiei*.<\/p>\n<p>Capacitatea organismului de a produce \u00een mod constant enzime metabolice \u0219i digestive este limitat\u0103 de disponibilitatea materiilor prime \u0219i de capacitatea de produc\u021bie proprie a organismului. Dac\u0103 dieta noastr\u0103 nu con\u021bine suficiente enzime alimentare pentru a descompune alimentele pe care le consum\u0103m, resursele enzimatice ale organismului trebuie s\u0103 fie direc\u021bionate c\u0103tre produc\u021bia de enzime digestive pentru a accelera transformarea alimentelor \u00een nutrien\u021bi biodisponibili. Capacitatea de produc\u021bie axat\u0103 pe produc\u021bia de enzime digestive nu este disponibil\u0103 pentru produc\u021bia de enzime metabolice importante.<\/p>\n<p>Nevoia constant\u0103 a organismului de a produce enzime digestive poate duce la o reducere a enzimelor metabolice, care sunt esen\u021biale pentru o s\u0103n\u0103tate \u0219i o func\u021bionare optim\u0103 a celulelor. Un exemplu de enzim\u0103 metabolic\u0103 important\u0103 este superoxid dismutaza (SOD), care protejeaz\u0103 celulele de moleculele radicale. Enzimele metabolice sunt, de asemenea, necesare pentru producerea de energie, cre\u0219terea \u0219i repararea \u021besuturilor \u0219i pentru eliminarea de\u0219eurilor toxice. Atunci c\u00e2nd consum\u0103m alimente bogate \u00een enzime alimentare, organismul nostru poate utiliza mai pu\u021bine resurse pentru a produce enzime digestive \u0219i are mai mult\u0103 capacitate de a produce niveluri optime de enzime metabolice.<\/p>\n<p><strong>doTERRA TerraZyme<\/strong> &#8211; Sprijin optim pentru digestia dumneavoastr\u0103. De asemenea, ideal \u00eempreun\u0103 cu celelalte produse din seria ZenGest digestiv.<\/p>\n<p><strong>Recomandare<\/strong><br \/>\nLua\u021bi una p\u00e2n\u0103 la trei capsule din plante de doTERRA TerraZyme cu mese.  <\/p>\n<p><strong>Utilizare sigur\u0103<\/strong><br \/>\nA nu se p\u0103stra la \u00eendem\u00e2na copiilor. Ave\u021bi grij\u0103 s\u0103 nu dep\u0103\u0219i\u021bi doza zilnic\u0103 recomandat\u0103. V\u0103 rug\u0103m s\u0103 re\u021bine\u021bi c\u0103 suplimentele alimentare nu pot \u00eenlocui o diet\u0103 complet\u0103 \u0219i echilibrat\u0103 \u0219i un stil de via\u021b\u0103 s\u0103n\u0103tos. Femeile \u00eens\u0103rcinate \u0219i cele care al\u0103pteaz\u0103, precum \u0219i persoanele cu probleme de s\u0103n\u0103tate cunoscute trebuie s\u0103 solicite sfatul medicului \u00eenainte de a lua acest produs. A se p\u0103stra \u00eentr-un loc r\u0103coros \u0219i uscat. V\u0103 rug\u0103m s\u0103 re\u021bine\u021bi data limit\u0103 de consum (a se vedea partea de jos a sticlei).<\/p>\n","protected":false},"excerpt":{"rendered":"<h2 style=\"font-size: 28px\">Complex de enzime digestive<\/h2>\n<p>doTERRA TerraZyme &#8211; suportul optim pentru digestia dumneavoastr\u0103. Datorit\u0103 combina\u021biei puternice de enzime digestive. Aceasta sus\u021bine produc\u021bia constant\u0103 de enzime care sunt importante pentru o func\u021bionare biochimic\u0103 s\u0103n\u0103toas\u0103. Acestea sus\u021bin digestia s\u0103n\u0103toas\u0103 a alimentelor \u0219i metabolismul celular.<\/p>\n","protected":false},"featured_media":4001,"template":"","meta":{"_et_pb_use_builder":"","_et_pb_old_content":"","_et_gb_content_width":""},"product_cat":[15,52,44,47,1943,1947],"product_tag":[582],"_links":{"self":[{"href":"https:\/\/www.magnolioworld.com\/green-ro\/wp-json\/wp\/v2\/product\/837"}],"collection":[{"href":"https:\/\/www.magnolioworld.com\/green-ro\/wp-json\/wp\/v2\/product"}],"about":[{"href":"https:\/\/www.magnolioworld.com\/green-ro\/wp-json\/wp\/v2\/types\/product"}],"wp:featuredmedia":[{"embeddable":true,"href":"https:\/\/www.magnolioworld.com\/green-ro\/wp-json\/wp\/v2\/media\/4001"}],"wp:attachment":[{"href":"https:\/\/www.magnolioworld.com\/green-ro\/wp-json\/wp\/v2\/media?parent=837"}],"wp:term":[{"taxonomy":"product_cat","embeddable":true,"href":"https:\/\/www.magnolioworld.com\/green-ro\/wp-json\/wp\/v2\/product_cat?post=837"},{"taxonomy":"product_tag","embeddable":true,"href":"https:\/\/www.magnolioworld.com\/green-ro\/wp-json\/wp\/v2\/product_tag?post=837"}],"curies":[{"name":"wp","href":"https:\/\/api.w.org\/{rel}","templated":true}]}}