{"id":835,"date":"2020-04-22T14:01:51","date_gmt":"2020-04-22T12:01:51","guid":{"rendered":"https:\/\/www.magnolio.shop\/gx-assist-gi-reinigungsformel-gx-assist-gi-reinigungsformel\/"},"modified":"2025-04-24T16:43:52","modified_gmt":"2025-04-24T14:43:52","slug":"doterra-gx-assist","status":"publish","type":"product","link":"https:\/\/www.magnolioworld.com\/green-ro\/doterra-gx-assist\/","title":{"rendered":"doTERRA GX Assist"},"content":{"rendered":"<p><strong>doTERRA GX Assist<\/strong> &#8211; Amestec de cur\u0103\u021bare &#8211; Pentru sus\u021binerea optim\u0103 a digestiei<\/p>\n<p>Este o combina\u021bie de uleiuri esen\u021biale certificate CPTG \u0219i acid caprilic. doTERRA GX Assist sprijin\u0103 men\u021binerea unui tract digestiv s\u0103n\u0103tos.<\/p>\n<p>Un sistem digestiv s\u0103n\u0103tos afecteaz\u0103 toate fa\u021betele organismului. Dac\u0103 sistemul digestiv nu func\u021bioneaz\u0103 \u00een mod optim, acest lucru poate avea un efect negativ asupra tuturor celorlalte func\u021bii ale organismului. Combina\u021bia dintre uleiurile esen\u021biale foarte puternice \u0219i acidul caprilic ajut\u0103 la cur\u0103\u021barea sistemului digestiv, ceea ce ajut\u0103 toate celelalte func\u021bii ale organismului s\u0103 lucreze la poten\u021bial maxim.<\/p>\n<p>GX Assist con\u021bine un amestec special de uleiuri esen\u021biale: oregano, arborele de ceai, l\u0103m\u00e2ie, l\u0103m\u00e2ie, iarb\u0103 de l\u0103m\u00e2ie, ment\u0103 \u0219i cimbru. Amestecul GX Assist poate \u00eembun\u0103t\u0103\u021bi echilibrul microbian. Acest amestec brevetat ajut\u0103 la cur\u0103\u021barea \u0219i repararea sistemului digestiv.<\/p>\n<p>De asemenea, ideal ca set ieftin \u00eempreun\u0103 cu amestecul probiotic PB Assist. Se recomand\u0103 s\u0103 efectua\u021bi o cur\u0103 de 10 zile cu GX Assist \u00eenainte de a utiliza amestecul probiotic PB Assist.<\/p>\n<p><strong>Recomandare<\/strong><br \/>\n1 capsul\u0103 moale doTERRA GX Assist zilnic. Ideal ca o cur\u0103 de 10 zile, ca preg\u0103tire pentru utilizarea amestecului probiotic PB Assist.<\/p>\n<p><strong>Utilizare sigur\u0103<\/strong><br \/>\nA nu se p\u0103stra la \u00eendem\u00e2na copiilor. Ave\u021bi grij\u0103 s\u0103 nu dep\u0103\u0219i\u021bi doza zilnic\u0103 recomandat\u0103. V\u0103 rug\u0103m s\u0103 re\u021bine\u021bi c\u0103 suplimentele alimentare nu pot \u00eenlocui o diet\u0103 complet\u0103 \u0219i echilibrat\u0103 \u0219i un stil de via\u021b\u0103 s\u0103n\u0103tos. Femeile \u00eens\u0103rcinate \u0219i cele care al\u0103pteaz\u0103, precum \u0219i persoanele cu probleme de s\u0103n\u0103tate cunoscute trebuie s\u0103 solicite sfatul medicului \u00eenainte de a lua acest produs. A se p\u0103stra \u00eentr-un loc r\u0103coros \u0219i uscat. V\u0103 rug\u0103m s\u0103 re\u021bine\u021bi data limit\u0103 de consum (a se vedea partea de jos a sticlei).<\/p>\n","protected":false},"excerpt":{"rendered":"<h2 style=\"font-size: 28px;\">Capsule de cur\u0103\u021bare<\/h2>\n<p>doTERRA GX Assist &#8211; Cur\u0103\u021b\u0103 delicat \u0219i temeinic organismul \u0219i creeaz\u0103 astfel baza pentru o digestie echilibrat\u0103. Ideal pentru o preg\u0103tire optim\u0103 pentru administrarea amestecului probiotic PB Assist.<\/p>\n","protected":false},"featured_media":4011,"template":"","meta":{"_et_pb_use_builder":"","_et_pb_old_content":"","_et_gb_content_width":""},"product_cat":[15,52,44,1943,1947,1989],"product_tag":[580],"_links":{"self":[{"href":"https:\/\/www.magnolioworld.com\/green-ro\/wp-json\/wp\/v2\/product\/835"}],"collection":[{"href":"https:\/\/www.magnolioworld.com\/green-ro\/wp-json\/wp\/v2\/product"}],"about":[{"href":"https:\/\/www.magnolioworld.com\/green-ro\/wp-json\/wp\/v2\/types\/product"}],"wp:featuredmedia":[{"embeddable":true,"href":"https:\/\/www.magnolioworld.com\/green-ro\/wp-json\/wp\/v2\/media\/4011"}],"wp:attachment":[{"href":"https:\/\/www.magnolioworld.com\/green-ro\/wp-json\/wp\/v2\/media?parent=835"}],"wp:term":[{"taxonomy":"product_cat","embeddable":true,"href":"https:\/\/www.magnolioworld.com\/green-ro\/wp-json\/wp\/v2\/product_cat?post=835"},{"taxonomy":"product_tag","embeddable":true,"href":"https:\/\/www.magnolioworld.com\/green-ro\/wp-json\/wp\/v2\/product_tag?post=835"}],"curies":[{"name":"wp","href":"https:\/\/api.w.org\/{rel}","templated":true}]}}