{"id":834,"date":"2020-04-22T14:01:51","date_gmt":"2020-04-22T12:01:51","guid":{"rendered":"https:\/\/www.magnolio.shop\/digesttab-digesttab\/"},"modified":"2026-03-27T12:44:47","modified_gmt":"2026-03-27T11:44:47","slug":"doterra-digesttab","status":"publish","type":"product","link":"https:\/\/www.magnolioworld.com\/green-ro\/doterra-digesttab\/","title":{"rendered":"doTERRA DigestTab"},"content":{"rendered":"<p><strong>doTERRA DigestTab<\/strong> &#8211; Amestecul digestiv sub form\u0103 de tablete practice<\/p>\n<p>DigestTab promoveaz\u0103 digestia, amelioreaz\u0103 disconfortul ocazional al stomacului \u0219i men\u021bine digestia general\u0103. Acest amestec deosebit de eficient este acum disponibil sub forma unei tablete practice de mestecat. De exemplu, <strong>doTERRA DigestTab<\/strong> este o tablet\u0103 de carbonat de calciu care este formulat\u0103 pe baza amestecului digestiv, pentru a utiliza toate beneficiile pentru digestie. Uleiurile esen\u021biale \u0219i propriet\u0103\u021bile de neutralizare a acizilor din carbonatul de calciu sus\u021bin eficient digestia.<\/p>\n<p>Carbonatul de calciu, care provine din minerale naturale, ajut\u0103 la men\u021binerea echilibrului acid din stomac prin neutralizarea excesului de acid din stomac. Acest lucru amelioreaz\u0103 disconfortul digestiv cauzat de aciditatea ridicat\u0103 ocazional\u0103. Acest carbonat de calciu special conceput este mai pu\u021bin calcaros dec\u00e2t alte produse comparabile.<\/p>\n<p>Amestecul de uleiuri esen\u021biale ZenGest din doTERRA DigestTab con\u021bine ghimbir, fenicul \u0219i coriandru pentru a ameliora disconfortul ocazional \u00een timpul c\u0103l\u0103toriilor \u0219i afec\u021biunile tractului digestiv. \u00cen timp ce menta, tarhonul, anasonul \u0219i chimenul sus\u021bin digestia \u0219i ajut\u0103 la men\u021binerea unui tract digestiv s\u0103n\u0103tos.  <\/p>\n<p>doTERRA DigestTab este un amestec natural \u0219i o modalitate delicat\u0103 de a contracara disconfortul gastric ocazional \u0219i de a men\u021bine un sistem digestiv optim.<\/p>\n<p><strong>Recomandare<\/strong><br \/>\nMesteca\u021bi o tablet\u0103 pe zi<\/p>\n<p><strong>Utilizare sigur\u0103<\/strong><br \/>\nA nu se p\u0103stra la \u00eendem\u00e2na copiilor. Ave\u021bi grij\u0103 s\u0103 nu dep\u0103\u0219i\u021bi doza zilnic\u0103 recomandat\u0103. V\u0103 rug\u0103m s\u0103 re\u021bine\u021bi c\u0103 suplimentele alimentare nu pot \u00eenlocui o diet\u0103 complet\u0103 \u0219i echilibrat\u0103 \u0219i un stil de via\u021b\u0103 s\u0103n\u0103tos. Femeile \u00eens\u0103rcinate \u0219i cele care al\u0103pteaz\u0103, precum \u0219i persoanele cu probleme de s\u0103n\u0103tate cunoscute trebuie s\u0103 solicite sfatul medicului \u00eenainte de a lua acest produs. A se p\u0103stra \u00eentr-un loc r\u0103coros \u0219i uscat. V\u0103 rug\u0103m s\u0103 re\u021bine\u021bi data limit\u0103 de consum (a se vedea partea de jos a sticlei).<\/p>\n","protected":false},"excerpt":{"rendered":"<h2 style=\"font-size: 28px\">Tablete masticabile pentru a ajuta digestia<\/h2>\n<p>doTERRA DigestTab &#8211; Amestecul digestiv sub form\u0103 de tablete practice. Promoveaz\u0103 digestia, amelioreaz\u0103 disconfortul stomacal ocazional \u0219i sus\u021bine digestia general\u0103.<\/p>\n","protected":false},"featured_media":4009,"template":"","meta":{"_et_pb_use_builder":"","_et_pb_old_content":"","_et_gb_content_width":""},"product_cat":[15,52,44,1988],"product_tag":[579],"_links":{"self":[{"href":"https:\/\/www.magnolioworld.com\/green-ro\/wp-json\/wp\/v2\/product\/834"}],"collection":[{"href":"https:\/\/www.magnolioworld.com\/green-ro\/wp-json\/wp\/v2\/product"}],"about":[{"href":"https:\/\/www.magnolioworld.com\/green-ro\/wp-json\/wp\/v2\/types\/product"}],"wp:featuredmedia":[{"embeddable":true,"href":"https:\/\/www.magnolioworld.com\/green-ro\/wp-json\/wp\/v2\/media\/4009"}],"wp:attachment":[{"href":"https:\/\/www.magnolioworld.com\/green-ro\/wp-json\/wp\/v2\/media?parent=834"}],"wp:term":[{"taxonomy":"product_cat","embeddable":true,"href":"https:\/\/www.magnolioworld.com\/green-ro\/wp-json\/wp\/v2\/product_cat?post=834"},{"taxonomy":"product_tag","embeddable":true,"href":"https:\/\/www.magnolioworld.com\/green-ro\/wp-json\/wp\/v2\/product_tag?post=834"}],"curies":[{"name":"wp","href":"https:\/\/api.w.org\/{rel}","templated":true}]}}