{"id":833,"date":"2020-04-22T14:01:51","date_gmt":"2020-04-22T12:01:51","guid":{"rendered":"https:\/\/www.magnolio.shop\/iq-mega-iq-mega\/"},"modified":"2026-04-27T15:41:42","modified_gmt":"2026-04-27T13:41:42","slug":"doterra-iq-mega","status":"publish","type":"product","link":"https:\/\/www.magnolioworld.com\/green-ro\/doterra-iq-mega\/","title":{"rendered":"doTERRA IQ Mega"},"content":{"rendered":"<p><strong>doTERRA IQ Mega<\/strong> &#8211; Por\u021bia optim\u0103 de acizi gra\u0219i omega pentru copiii dvs.<\/p>\n<p>doTERRA IQ Mega elimin\u0103 aroma de pe\u0219te din uleiul de pe\u0219te \u0219i adaug\u0103 gustul proasp\u0103t de portocal\u0103 al doTERRA Wild Orange pe por\u021bie la acest supliment omega-3 gustos \u0219i u\u0219or de \u00eenghi\u021bit, care con\u021bine 1.300 mg de acizi gra\u0219i omega-3 concentra\u021bi. IQ Mega con\u021bine nutrien\u021bi esen\u021biali DHA \u0219i EPA pentru a sus\u021bine s\u0103n\u0103tatea creierului, a sistemului cardiovascular, a sistemului imunitar \u0219i a func\u021biilor articulare. IQ Mega este formulat pentru utilizare zilnic\u0103 la copii \u0219i adul\u021bi cu doTERRA a2z Comprimate masticabile.<\/p>\n<p>Acizii gra\u0219i esen\u021biali (AGE) sunt nutrien\u021bi necesari pentru multe func\u021bii cheie din corpul uman, inclusiv cre\u0219terea celular\u0103, dezvoltarea creierului, activitatea muscular\u0103, func\u021bia imunitar\u0103, s\u0103n\u0103tatea articula\u021biilor \u0219i multe altele. \u00cen timp ce unii acizi gra\u0219i pot fi produ\u0219i \u00een organism, acizii gra\u0219i esen\u021biali nu pot fi produ\u0219i de corpul nostru. Trebuie s\u0103 ne baz\u0103m pe alimentele pe care le consum\u0103m pentru a ne furniza ace\u0219ti nutrien\u021bi importan\u021bi.<\/p>\n<p>Cei mai comuni acizi gra\u0219i esen\u021biali sunt acizii gra\u0219i omega-6 \u0219i omega-3. \u0218tiin\u021ba modern\u0103 sugereaz\u0103 c\u0103 oamenii ar trebui s\u0103 consume un raport de unu la unu \u00eentre acizii gra\u0219i esen\u021biali omega-6 \u0219i omega-3 pentru o s\u0103n\u0103tate optim\u0103. Din nefericire, din cauza abunden\u021bei acizilor gra\u0219i omega-6 din uleiurile vegetale \u0219i a consumului nostru tot mai mare de alimente pr\u0103jite \u0219i grase, o diet\u0103 occidental\u0103 tipic\u0103 con\u021bine acizi gra\u0219i omega-6 \u00eentr-un raport de 20 la 1! De\u0219i dieta noastr\u0103 trebuie s\u0103 con\u021bin\u0103 o parte din acizii gra\u0219i omega-6 ca nutrien\u021bi vitali, consumul excesiv de acizi gra\u0219i omega-6 \u0219i al\u021bi acizi gra\u0219i hidrogena\u021bi nes\u0103n\u0103to\u0219i sau gr\u0103simi trans este asociat cu o stare de s\u0103n\u0103tate precar\u0103. De asemenea, studiile fac leg\u0103tura \u00eentre un aport sc\u0103zut de acizi gra\u0219i omega-3 \u0219i reducerea st\u0103rii de spirit \u0219i a func\u021biei cognitive.<\/p>\n<p>\u00cen schimb, exist\u0103 o cantitate enorm\u0103 de informa\u021bii \u0219tiin\u021bifice care sus\u021bin beneficiile pentru s\u0103n\u0103tate ale cre\u0219terii aportului alimentar de acizi gra\u0219i omega-3. Studiile au ar\u0103tat c\u0103 un consum crescut de acizi gra\u0219i omega-3 are un efect pozitiv asupra s\u0103n\u0103t\u0103\u021bii cardiovasculare \u0219i a func\u021biei cerebrale \u0219i sus\u021bine un r\u0103spuns imunitar normal. S-a demonstrat, de asemenea, c\u0103 un consum crescut de acizi gra\u0219i omega-3 are un efect pozitiv asupra s\u0103n\u0103t\u0103\u021bii articula\u021biilor, mobilit\u0103\u021bii \u0219i s\u0103n\u0103t\u0103\u021bii pielii. Acest lucru este garantat de doTERRA IQ Mega.<\/p>\n<p>Nutrientul omega-3 DHA este esen\u021bial pentru comunicarea celulelor nervoase din creier, ochi \u0219i sistemul nervos. Ca factor determinant al cre\u0219terii \u0219i performan\u021bei creierului, DHA promoveaz\u0103 memoria normal\u0103, concentrarea, controlul aten\u021biei, vigilen\u021ba \u0219i starea de spirit pozitiv\u0103. Un aport constant de DHA este, de asemenea, necesar pentru ca retina \u0219i macula s\u0103 men\u021bin\u0103 o vedere s\u0103n\u0103toas\u0103. Numeroasele func\u021bii ale DHA fac din aceasta una dintre cele mai importante molecule din creier.<\/p>\n<p>Restabilirea echilibrului dintre acizii gra\u0219i omega-3 \u0219i omega-6 este un pas important pentru a v\u0103 men\u021bine organismul s\u0103n\u0103tos. Acest lucru poate fi realizat prin reducerea consumului de alimente bogate \u00een acizi gra\u0219i omega-6 \u0219i prin cre\u0219terea consumului de alimente bogate \u00een acizi gra\u0219i omega-3. Pe\u0219tele este o surs\u0103 excelent\u0103 de acizi gra\u0219i omega-3 \u00een alimenta\u021bie, dar acizii gra\u0219i omega-3 se g\u0103sesc, de asemenea, \u00een uleiul de rapi\u021b\u0103 \u0219i \u00een uleiul unor nuci \u0219i semin\u021be. Din cauza preocup\u0103rilor tot mai mari legate de nivelurile de toxine \u0219i metale grele din multe dintre oceanele lumii, consumul zilnic de pe\u0219te ca surs\u0103 de acizi gra\u0219i omega-3 nu este acceptabil pentru unii consumatori. Ca solu\u021bie, o por\u021bie zilnic\u0103 de IQ Mega\u00ae ofer\u0103 1.300 mg de lipide marine pure, microfiltrate, cu 900 mg de DHA \u0219i 400 mg de EPA, acizi gra\u0219i esen\u021biali omega-3 testa\u021bi pentru a dep\u0103\u0219i cerin\u021bele privind toxinele \u0219i metalele grele.<\/p>\n<p><strong>doTERRA IQ Mega <\/strong>&#8211; copiii dvs. \u00eel vor adora \u0219i nu vor mai dori s\u0103 r\u0103m\u00e2n\u0103 f\u0103r\u0103 el niciodat\u0103. De asemenea, ideal \u00een combina\u021bie cu complexul vitaminic A2Z Chewable \u0219i cu pudra probiotic\u0103 PB Assist Jr. R\u0103sf\u0103\u021ba\u021bi-v\u0103 \u0219i cu un set accesibil.<\/p>\n<p><strong>Recomandare<\/strong><br \/>\n1 linguri\u021b\u0103 de doTERRA IQ Mega zilnic<\/p>\n<p><strong>Utilizare sigur\u0103<\/strong><br \/>\nA nu se p\u0103stra la \u00eendem\u00e2na copiilor. Ave\u021bi grij\u0103 s\u0103 nu dep\u0103\u0219i\u021bi doza zilnic\u0103 recomandat\u0103. V\u0103 rug\u0103m s\u0103 re\u021bine\u021bi c\u0103 suplimentele alimentare nu pot \u00eenlocui o diet\u0103 complet\u0103 \u0219i echilibrat\u0103 \u0219i un stil de via\u021b\u0103 s\u0103n\u0103tos. Femeile \u00eens\u0103rcinate \u0219i cele care al\u0103pteaz\u0103, precum \u0219i persoanele cu probleme de s\u0103n\u0103tate cunoscute trebuie s\u0103 solicite sfatul medicului \u00eenainte de a lua acest produs. A se p\u0103stra \u00eentr-un loc r\u0103coros \u0219i uscat. V\u0103 rug\u0103m s\u0103 re\u021bine\u021bi data limit\u0103 de consum (a se vedea partea de jos a sticlei).<\/p>\n","protected":false},"excerpt":{"rendered":"<h2 style=\"font-size: 28px\">Omega 3 pentru copii<\/h2>\n<p>doTERRA IQ Mega &#8211; Por\u021bia optim\u0103 de acizi gra\u0219i omega pentru copiii dumneavoastr\u0103. \u00cen IQ Mega, aroma de pe\u0219te a fost eliminat\u0103 din uleiul de pe\u0219te, ceea ce confer\u0103 acestui supliment omega-3 gustos \u0219i u\u0219or de \u00eenghi\u021bit un gust pl\u0103cut pentru copii.<\/p>\n","protected":false},"featured_media":4015,"template":"","meta":{"_et_pb_use_builder":"","_et_pb_old_content":"","_et_gb_content_width":""},"product_cat":[15,52,43,46,2002,2003,1972,2065],"product_tag":[578],"_links":{"self":[{"href":"https:\/\/www.magnolioworld.com\/green-ro\/wp-json\/wp\/v2\/product\/833"}],"collection":[{"href":"https:\/\/www.magnolioworld.com\/green-ro\/wp-json\/wp\/v2\/product"}],"about":[{"href":"https:\/\/www.magnolioworld.com\/green-ro\/wp-json\/wp\/v2\/types\/product"}],"wp:featuredmedia":[{"embeddable":true,"href":"https:\/\/www.magnolioworld.com\/green-ro\/wp-json\/wp\/v2\/media\/4015"}],"wp:attachment":[{"href":"https:\/\/www.magnolioworld.com\/green-ro\/wp-json\/wp\/v2\/media?parent=833"}],"wp:term":[{"taxonomy":"product_cat","embeddable":true,"href":"https:\/\/www.magnolioworld.com\/green-ro\/wp-json\/wp\/v2\/product_cat?post=833"},{"taxonomy":"product_tag","embeddable":true,"href":"https:\/\/www.magnolioworld.com\/green-ro\/wp-json\/wp\/v2\/product_tag?post=833"}],"curies":[{"name":"wp","href":"https:\/\/api.w.org\/{rel}","templated":true}]}}