{"id":830,"date":"2020-04-22T14:01:50","date_gmt":"2020-04-22T12:01:50","guid":{"rendered":"https:\/\/www.magnolio.shop\/replenishing-body-butter-regeneriende-body-butter\/"},"modified":"2024-03-28T10:09:03","modified_gmt":"2024-03-28T09:09:03","slug":"doterra-spa-butter","status":"publish","type":"product","link":"https:\/\/www.magnolioworld.com\/green-ro\/doterra-spa-butter\/","title":{"rendered":"doTERRA Spa Butter"},"content":{"rendered":"<p><strong>doTERRA Spa Butter<\/strong> &#8211; Lux \u0219i bun\u0103stare pentru o piele hr\u0103nit\u0103 optim<\/p>\n<p>R\u0103sf\u0103\u021ba\u021bi-v\u0103 pielea cu senza\u021bia de lux a untului de corp \u00eembog\u0103\u021bit cu uleiuri esen\u021biale de portocal\u0103 s\u0103lbatic\u0103, t\u0103m\u00e2ie \u0219i brad Douglas. V\u0103 hr\u0103ne\u0219te \u0219i v\u0103 regenereaz\u0103 pielea \u0219i ofer\u0103, de asemenea, un sprijin optim pentru zonele uscate \u0219i sensibile. \u00cen plus, pielea preten\u021bioas\u0103 prime\u0219te nutrien\u021bii de care are nevoie pentru a fi elastic\u0103 \u0219i hr\u0103nit\u0103.<\/p>\n<p>Las\u0103-te \u00eenv\u0103luit de o senza\u021bie de lux pentru piele cu acest <strong>untul doTERRA Spa Butter<\/strong> bogat \u0219i de \u00eenalt\u0103 calitate. Lux pur pentru tratamente spa private, dar, bine\u00een\u021beles, ideal \u0219i pentru centrele spa profesionale \u0219i centrele de wellness.<\/p>\n<p>Bucura\u021bi-v\u0103 de o experien\u021b\u0103 regeneratoare pentru o senza\u021bie de bine pentru un corp hr\u0103nit \u00een mod optim \u00een spa-ul dumneavoastr\u0103 de acas\u0103. <br \/>\nPentru o eficien\u021b\u0103 maxim\u0103, folosi\u021bi doTERRA Spa Butter \u00eempreun\u0103 cu celelalte produse din gama doTERRA Spa Luxury (Body Scrub \u0219i Mud Mask).<br \/>\nDe asemenea, este complet ideal \u00een kitul doTERRA Spa Luxury Kit, la un pre\u021b avantajos.<\/p>\n<p><strong>Recomandare<\/strong><br \/>\nTopic: Aplica\u021bi doTERRA Spa Butter pe zonele care au nevoie de o hidratare suplimentar\u0103. Cum ar fi m\u00e2inile, genunchii, picioarele \u0219i coatele. Pentru a v\u0103 men\u021bine pielea supl\u0103 \u0219i neted\u0103 \u00een mod optim, \u00eencorpora\u021bi crema \u00een rutina zilnic\u0103 de frumuse\u021be diminea\u021ba \u0219i seara.<br \/>\nDe asemenea, minunat pentru o experien\u021b\u0103 spa acas\u0103, aplica\u021bi generos dup\u0103 o baie relaxant\u0103 \u0219i bucura\u021bi-v\u0103 de parfumul seduc\u0103tor.<br \/>\nCerere: Aplica\u021bi generos pe corp untul doTERRA Spa Butter care se tope\u0219te \u00een gur\u0103. Acorda\u021bi o aten\u021bie deosebit\u0103 zonelor care necesit\u0103 mult\u0103 umiditate.<\/p>\n<p><strong>Utilizare sigur\u0103<\/strong><br \/>\nNumai pentru uz extern. Evita\u021bi contactul direct cu ochii \u0219i membranele mucoase. \u00centrerupe\u021bi utilizarea produsului dac\u0103 apare iritarea pielii.<\/p>\n","protected":false},"excerpt":{"rendered":"<h2 style=\"font-size: 28px;\">Unt de corp regenerator<\/h2>\n<p><strong>doTERRA Spa Butter<\/strong> &#8211; R\u0103sf\u0103\u021ba\u021bi-v\u0103 pielea cu acest unt de corp pre\u021bios \u0219i bogat, care are \u0219i un parfum \u00eenc\u00e2nt\u0103tor datorit\u0103 uleiurilor esen\u021biale de portocale s\u0103lbatice, t\u0103m\u00e2ie \u0219i brad Douglas pe care le con\u021bine. Ideal pentru o experien\u021b\u0103 SPA de lux la domiciliu.<\/p>\n","protected":false},"featured_media":4007,"template":"","meta":{"_et_pb_use_builder":"","_et_pb_old_content":"","_et_gb_content_width":""},"product_cat":[15],"product_tag":[575,574],"_links":{"self":[{"href":"https:\/\/www.magnolioworld.com\/green-ro\/wp-json\/wp\/v2\/product\/830"}],"collection":[{"href":"https:\/\/www.magnolioworld.com\/green-ro\/wp-json\/wp\/v2\/product"}],"about":[{"href":"https:\/\/www.magnolioworld.com\/green-ro\/wp-json\/wp\/v2\/types\/product"}],"wp:featuredmedia":[{"embeddable":true,"href":"https:\/\/www.magnolioworld.com\/green-ro\/wp-json\/wp\/v2\/media\/4007"}],"wp:attachment":[{"href":"https:\/\/www.magnolioworld.com\/green-ro\/wp-json\/wp\/v2\/media?parent=830"}],"wp:term":[{"taxonomy":"product_cat","embeddable":true,"href":"https:\/\/www.magnolioworld.com\/green-ro\/wp-json\/wp\/v2\/product_cat?post=830"},{"taxonomy":"product_tag","embeddable":true,"href":"https:\/\/www.magnolioworld.com\/green-ro\/wp-json\/wp\/v2\/product_tag?post=830"}],"curies":[{"name":"wp","href":"https:\/\/api.w.org\/{rel}","templated":true}]}}