{"id":829,"date":"2020-04-22T14:01:50","date_gmt":"2020-04-22T12:01:50","guid":{"rendered":"https:\/\/www.magnolio.shop\/refreshing-body-wash-erfrischende-koerperpflege\/"},"modified":"2024-03-28T14:11:10","modified_gmt":"2024-03-28T13:11:10","slug":"doterra-body-wash","status":"publish","type":"product","link":"https:\/\/www.magnolioworld.com\/green-ro\/doterra-body-wash\/","title":{"rendered":"doTERRA Body Wash"},"content":{"rendered":"<p><strong>doTERRA Body Wash<\/strong> &#8211; Experien\u021ba du\u0219ului cu uleiuri esen\u021biale nutritive valoroase<\/p>\n<p>Gelul de du\u0219 revigorant este un produs natural de \u00eengrijire corporal\u0103 care ofer\u0103 o cur\u0103\u021bare bogat\u0103 \u0219i o experien\u021b\u0103 spa aromat\u0103.<\/p>\n<p>Parfumurile revigorante ale uleiurilor esen\u021biale de bergamot\u0103, grapefruit \u0219i lemn de cedru au un efect revigorant \u0219i revitalizant, ceea ce \u00eel face un produs de \u00eengrijire corporal\u0103 ideal pentru a \u00eencepe ziua. <\/p>\n<p>Surfactan\u021bii naturali din uleiul de nuc\u0103 de cocos \u0219i acizii gra\u0219i esen\u021biali cur\u0103\u021b\u0103 delicat \u0219i temeinic, f\u0103r\u0103 a irita pielea, precum alte s\u0103punuri \u0219i sp\u0103l\u0103ri de corp agresive. Acest gel de cur\u0103\u021bare natural ofer\u0103 un efect spumant perfect, dar f\u0103r\u0103 a \u00eendep\u0103rta uleiurile naturale ale pielii. Solu\u021bia de sp\u0103lare pentru corp doTERRA, realizat\u0103 doar din cele mai bune ingrediente naturale, v\u0103 las\u0103 pielea curat\u0103, neted\u0103 \u0219i proasp\u0103t\u0103.<\/p>\n<p>\u00cempreun\u0103 cu experien\u021ba de parfumare a uleiurilor esen\u021biale, du\u0219ul dumneavoastr\u0103 devine un du\u0219 aromatic de neuitat, care v\u0103 revitalizeaz\u0103 \u0219i v\u0103 lumineaz\u0103 starea de spirit.<\/p>\n<p>&#8211; Uleiul esen\u021bial de bergamot\u0103 cur\u0103\u021b\u0103 \u0219i calmeaz\u0103 pielea, conferindu-i o arom\u0103 revitalizant\u0103 \u0219i \u00een acela\u0219i timp \u00eemp\u0103m\u00e2ntenitoare.<br \/>\n&#8211; Grapefruit are un efect de cur\u0103\u021bare \u0219i un parfum stimulant care ridic\u0103 moralul.<br \/>\n&#8211; Uleiul esen\u021bial de lemn de cedru favorizeaz\u0103 relaxarea.<\/p>\n<p><strong>doTERRA Body Wash<\/strong> &#8211; Gelul de du\u0219 revigorant \u0219i experien\u021ba exclusiv\u0103 SPA pentru acas\u0103.<\/p>\n<p><strong>Recomandare<\/strong><br \/>\nDe actualitate: Pentru o cur\u0103\u021bare optim\u0103 \u0219i un aspect proasp\u0103t al pielii, \u00eencorporeaz\u0103 doTERRA Citrus Bliss Bath Bar \u00een rutina zilnic\u0103 de \u00eengrijire corporal\u0103 \u0219i bucur\u0103-te de parfumul minunat.<br \/>\nCerere: Se spumeaz\u0103 energic s\u0103punul cu ap\u0103. Folosi\u021bi s\u0103punul la du\u0219, baie sau lavoar. Pentru a prelungi durata de valabilitate a s\u0103punului, l\u0103sa\u021bi s\u0103 se usuce \u00eentre aplic\u0103ri. Se p\u0103streaz\u0103 la temperatura camerei. Evita\u021bi c\u0103ldura excesiv\u0103.<\/p>\n<p><strong>Utilizare sigur\u0103<\/strong><br \/>\nNumai pentru uz extern. Evita\u021bi contactul cu ochii. \u00centrerupe\u021bi utilizarea produsului dac\u0103 apare iritarea pielii.<\/p>\n","protected":false},"excerpt":{"rendered":"<h2 style=\"font-size: 28px;\">Gel de du\u0219 revigorant<\/h2>\n<p><strong>doTERRA Body Wash<\/strong> &#8211; Experien\u021ba du\u0219ului cu uleiuri esen\u021biale pre\u021bioase. Un gel revigorant \u0219i u\u0219or hr\u0103nitor care transform\u0103 du\u0219ul \u00eentr-un du\u0219 aromat de neuitat, v\u0103 revitalizeaz\u0103 sim\u021burile \u0219i v\u0103 \u00eenvioreaz\u0103 starea de spirit.<\/p>\n","protected":false},"featured_media":4010,"template":"","meta":{"_et_pb_use_builder":"","_et_pb_old_content":"","_et_gb_content_width":""},"product_cat":[15,56],"product_tag":[573,572],"_links":{"self":[{"href":"https:\/\/www.magnolioworld.com\/green-ro\/wp-json\/wp\/v2\/product\/829"}],"collection":[{"href":"https:\/\/www.magnolioworld.com\/green-ro\/wp-json\/wp\/v2\/product"}],"about":[{"href":"https:\/\/www.magnolioworld.com\/green-ro\/wp-json\/wp\/v2\/types\/product"}],"wp:featuredmedia":[{"embeddable":true,"href":"https:\/\/www.magnolioworld.com\/green-ro\/wp-json\/wp\/v2\/media\/4010"}],"wp:attachment":[{"href":"https:\/\/www.magnolioworld.com\/green-ro\/wp-json\/wp\/v2\/media?parent=829"}],"wp:term":[{"taxonomy":"product_cat","embeddable":true,"href":"https:\/\/www.magnolioworld.com\/green-ro\/wp-json\/wp\/v2\/product_cat?post=829"},{"taxonomy":"product_tag","embeddable":true,"href":"https:\/\/www.magnolioworld.com\/green-ro\/wp-json\/wp\/v2\/product_tag?post=829"}],"curies":[{"name":"wp","href":"https:\/\/api.w.org\/{rel}","templated":true}]}}