{"id":822,"date":"2020-04-22T14:01:48","date_gmt":"2020-04-22T12:01:48","guid":{"rendered":"https:\/\/www.magnolio.shop\/hydrating-body-mist-feuchtigkeit-fuer-die-ganze-haut\/"},"modified":"2025-08-06T13:31:34","modified_gmt":"2025-08-06T11:31:34","slug":"doterra-hydrating-body-mist","status":"publish","type":"product","link":"https:\/\/www.magnolioworld.com\/green-ro\/doterra-hydrating-body-mist\/","title":{"rendered":"doTERRA Hydrating Body Mist"},"content":{"rendered":"<p><strong>doTERRA Hydrating Body Mist<\/strong> &#8211; Spray-ul de corp hr\u0103nitor cu un parfum incomparabil<\/p>\n<p>R\u0103sf\u0103\u021ba\u021bi-v\u0103 \u00eentregul corp cu hidratarea lini\u0219titoare a acestui spray de corp. Combin\u0103 beneficiile uleiurilor esen\u021biale de bergamot\u0103, t\u0103m\u00e2ie \u0219i l\u0103m\u00e2ie verde cu propriet\u0103\u021bile hr\u0103nitoare ale uleiurilor de cocos, floarea-soarelui, avocado \u0219i fructul pasiunii. <strong>DoTERRA Hydrating Body Mist<\/strong> v\u0103 ajut\u0103 s\u0103 v\u0103 p\u0103stra\u021bi pielea s\u0103n\u0103toas\u0103 \u0219i radiant\u0103.<\/p>\n<p>&#8211; Uleiurile de floarea-soarelui, avocado \u0219i fructul pasiunii au un efect calmant asupra pielii, f\u0103c\u00e2nd-o moale \u0219i supl\u0103 \u0219i hidrat\u00e2nd-o pentru o str\u0103lucire s\u0103n\u0103toas\u0103.<br \/>\n&#8211; Triglicerida caprilic\u0103 (din nuc\u0103 de cocos) hr\u0103ne\u0219te \u0219i men\u021bine bariera natural\u0103 de protec\u021bie a pielii.<\/p>\n<p>\u00cencepe\u021bi ziua dup\u0103 du\u0219 cu o senza\u021bie general\u0103 de bun\u0103stare \u0219i cu parfumul minunat al <strong>doTERRA Hydrating Body Mist<\/strong>, care v\u0103 va purta pe tot parcursul zilei plini de energie.<\/p>\n<p><strong>Recomandare<br \/>\n<\/strong>Topic: Pentru o piele \u00eengrijit\u0103 \u0219i hr\u0103nit\u0103 optim, pulveriza\u021bi pe corp cu spray-ul dup\u0103 du\u0219 \u0219i baie \u0219i freca\u021bi u\u0219or pelicula delicat\u0103. Cel mai bine este s\u0103 \u00eencorpora\u021bi spray-ul \u00een rutina zilnic\u0103 de bun\u0103stare. Utilizarea regulat\u0103 este important\u0103 \u00een acest caz. Ideal vara sau \u00een timpul sportului pentru a ar\u0103ta picioare minunat de bine \u00eengrijite \u0219i str\u0103lucitoare.<br \/>\nDe asemenea, este minunat ca o r\u0103coritoare \u00eentre mese, \u00eenainte de \u00eent\u00e2lniri, evenimente sau activit\u0103\u021bi de petrecere a timpului liber. <br \/>\n<strong><br \/>\nSiguran\u021b\u0103 de utilizare<br \/>\n<\/strong>Numai pentru uz extern. Evita\u021bi contactul direct cu ochii \u0219i mucoasele. \u00centrerupe\u021bi utilizarea produsului dac\u0103 apare iritarea pielii.<\/p>\n","protected":false},"excerpt":{"rendered":"<h2>Spray de corp hr\u0103nitor<\/h2>\n<p><strong>doTERRA Hydrating Body Mist<\/strong> &#8211; R\u0103sf\u0103\u021ba\u021bi-v\u0103 \u00eentregul corp cu o hidratare lini\u0219titoare \u0219i un parfum incomparabil de uleiuri esen\u021biale pre\u021bioase. Las\u0103-te purtat pe tot parcursul zilei cu aceast\u0103 experien\u021b\u0103 de binefacere total\u0103.<\/p>\n","protected":false},"featured_media":4026,"template":"","meta":{"_et_pb_use_builder":"","_et_pb_old_content":"","_et_gb_content_width":""},"product_cat":[15,56],"product_tag":[539,538],"_links":{"self":[{"href":"https:\/\/www.magnolioworld.com\/green-ro\/wp-json\/wp\/v2\/product\/822"}],"collection":[{"href":"https:\/\/www.magnolioworld.com\/green-ro\/wp-json\/wp\/v2\/product"}],"about":[{"href":"https:\/\/www.magnolioworld.com\/green-ro\/wp-json\/wp\/v2\/types\/product"}],"wp:featuredmedia":[{"embeddable":true,"href":"https:\/\/www.magnolioworld.com\/green-ro\/wp-json\/wp\/v2\/media\/4026"}],"wp:attachment":[{"href":"https:\/\/www.magnolioworld.com\/green-ro\/wp-json\/wp\/v2\/media?parent=822"}],"wp:term":[{"taxonomy":"product_cat","embeddable":true,"href":"https:\/\/www.magnolioworld.com\/green-ro\/wp-json\/wp\/v2\/product_cat?post=822"},{"taxonomy":"product_tag","embeddable":true,"href":"https:\/\/www.magnolioworld.com\/green-ro\/wp-json\/wp\/v2\/product_tag?post=822"}],"curies":[{"name":"wp","href":"https:\/\/api.w.org\/{rel}","templated":true}]}}