{"id":816,"date":"2020-04-22T14:01:47","date_gmt":"2020-04-22T12:01:47","guid":{"rendered":"https:\/\/www.magnolio.shop\/hand-body-lotion-hand-body-lotion\/"},"modified":"2026-03-11T11:29:53","modified_gmt":"2026-03-11T10:29:53","slug":"doterra-body-lotion","status":"publish","type":"product","link":"https:\/\/www.magnolioworld.com\/green-ro\/doterra-body-lotion\/","title":{"rendered":"doTERRA Body Lotion"},"content":{"rendered":"<p><strong>doTERRA Body Lotion <\/strong>&#8211; Pentru o senza\u021bie de piele m\u0103t\u0103soas\u0103 \u0219i catifelat\u0103<strong><\/p>\n<p><\/strong>Lo\u021biunea const\u0103 \u00eentr-o formul\u0103 u\u0219oar\u0103, non-gras\u0103. Con\u021bine uleiuri valoroase din semin\u021be de jojoba \u0219i macadamia, unt de semin\u021be de murumuru \u0219i theobroma \u0219i extracte vegetale hr\u0103nitoare. <\/p>\n<p><strong>doTERRA Body Lotion<\/strong> se absoarbe rapid \u0219i las\u0103 pielea catifelat\u0103 \u0219i neted\u0103. Lo\u021biunea este ideal\u0103 pentru m\u00e2ini \u0219i corp \u0219i poate fi combinat\u0103 perfect cu uleiuri esen\u021biale. Aceasta creeaz\u0103 o experien\u021b\u0103 de arom\u0103 foarte personalizat\u0103 din cap p\u00e2n\u0103 \u00een picioare.<\/p>\n<p>Utiliza\u021bi \u00eempreun\u0103 cu celelalte produse din gama Spa pentru o piele hr\u0103nit\u0103 \u00een mod optim.<\/p>\n<div class=\"product-uses__directions-for-use\">\n<div class=\"product-uses__directions-for-use-item\">\n<div class=\"product-uses__directions-for-use-copy\">\n<strong>Recomandare<\/strong><br \/>\nTopic: Pentru un aspect s\u0103n\u0103tos optim \u0219i o piele ferm\u0103, \u00eencorpora\u021bi doTERRA Body Lotion \u00een rutina zilnic\u0103 de \u00eengrijire a pielii dup\u0103 baie sau du\u0219. De asemenea, este ideal pentru pielea uscat\u0103 \u00eentre utiliz\u0103ri. Ad\u0103uga\u021bi uleiurile dvs. preferate pentru o experien\u021b\u0103 special\u0103 de parfumare. Lemnul de santal, lemnul de cedru, copaiba \u0219i smirna au un efect deosebit de hr\u0103nitor. De asemenea, este ideal pentru un masaj de relaxare.<br \/>\nCerere: Aplica\u021bi lo\u021biunea cu generozitate pe m\u00e2ini \u0219i pe corp pentru o piele hr\u0103nit\u0103 \u0219i hidratat\u0103 \u00een mod optim. Ad\u0103uga\u021bi un ulei la alegere \u00een palmele m\u00e2inilor pentru o experien\u021b\u0103 parfumat\u0103 personalizat\u0103. Repeta\u021bi dac\u0103 este necesar.<\/p>\n<p><strong>Utilizare sigur\u0103<\/strong><br \/>\nA nu se p\u0103stra la \u00eendem\u00e2na copiilor. Numai pentru uz extern.<\/div>\n<\/div>\n<\/div>\n","protected":false},"excerpt":{"rendered":"<h2 style=\"font-size: 28px;\">Lo\u021biune pentru m\u00e2ini \u0219i corp<\/h2>\n<p><strong>doTERRA Body Lotion<\/strong> &#8211; Este ideal\u0103 pentru m\u00e2ini \u0219i corp \u0219i poate fi combinat\u0103 perfect cu uleiuri esen\u021biale. Ideal pentru o experien\u021b\u0103 de arom\u0103 bine \u00eengrijit\u0103 \u0219i personalizat\u0103 din cap p\u00e2n\u0103 \u00een picioare.<\/p>\n","protected":false},"featured_media":4022,"template":"","meta":{"_et_pb_use_builder":"","_et_pb_old_content":"","_et_gb_content_width":""},"product_cat":[15,2096,56],"product_tag":[531],"_links":{"self":[{"href":"https:\/\/www.magnolioworld.com\/green-ro\/wp-json\/wp\/v2\/product\/816"}],"collection":[{"href":"https:\/\/www.magnolioworld.com\/green-ro\/wp-json\/wp\/v2\/product"}],"about":[{"href":"https:\/\/www.magnolioworld.com\/green-ro\/wp-json\/wp\/v2\/types\/product"}],"wp:featuredmedia":[{"embeddable":true,"href":"https:\/\/www.magnolioworld.com\/green-ro\/wp-json\/wp\/v2\/media\/4022"}],"wp:attachment":[{"href":"https:\/\/www.magnolioworld.com\/green-ro\/wp-json\/wp\/v2\/media?parent=816"}],"wp:term":[{"taxonomy":"product_cat","embeddable":true,"href":"https:\/\/www.magnolioworld.com\/green-ro\/wp-json\/wp\/v2\/product_cat?post=816"},{"taxonomy":"product_tag","embeddable":true,"href":"https:\/\/www.magnolioworld.com\/green-ro\/wp-json\/wp\/v2\/product_tag?post=816"}],"curies":[{"name":"wp","href":"https:\/\/api.w.org\/{rel}","templated":true}]}}