{"id":796,"date":"2020-04-22T14:01:43","date_gmt":"2020-04-22T12:01:43","guid":{"rendered":"https:\/\/www.magnolio.shop\/hd-clear-hd-clear\/"},"modified":"2026-01-09T13:23:58","modified_gmt":"2026-01-09T12:23:58","slug":"doterra-hd-clear-roll-on","status":"publish","type":"product","link":"https:\/\/www.magnolioworld.com\/green-ro\/doterra-hd-clear-roll-on\/","title":{"rendered":"doTERRA HD Clear Roll On"},"content":{"rendered":"<p><strong>doTERRA HD Clear Roll On<\/strong> &#8211; Amestecul clarificator<\/p>\n<p>Acest amestec pentru piele este o component\u0103 important\u0103 a sistemului doTERRA HD Clear. Formula sa eficient\u0103 de eucalipt, arbore de ceai \u0219i alte uleiuri esen\u021biale CPTG\u2122 poate fi direc\u021bionat\u0103 c\u0103tre zone specifice ale fe\u021bei \u0219i corpului.  <br \/>\nUleiurile esen\u021biale din HD Clear nu sunt folosite doar pentru beneficiile lor recunoscute pe scar\u0103 larg\u0103, ci sunt \u0219i solubile \u00een piele prin intermediul lipidelor, permi\u021b\u00e2nd o absorb\u021bie \u0219i o eficacitate perfect\u0103. Amestecul HD Clear pentru piele ofer\u0103 un ten clar \u0219i neted pentru pielea de toate v\u00e2rstele \u0219i este deosebit de potrivit pentru pielea cu probleme \u0219i impurit\u0103\u021bi. Acesta neteze\u0219te imperfec\u021biunile pielii \u0219i combate neregulile. Atunci c\u00e2nd este utilizat \u00een mod regulat, <strong>doTERRA HD Clear Roll On<\/strong> ofer\u0103 pielii nutrien\u021bi \u0219i hidratare valoroas\u0103.  <\/p>\n<p>Ca un roll-on practic, \u00een special \u00een timpul c\u0103l\u0103toriilor. Ideal \u0219i \u00een setul economic ieftin HD Clear Kit.<\/p>\n<p><strong>Recomandare<\/strong><br \/>\nDup\u0103 cur\u0103\u021barea cu HD Clear\u2122 Foaming Facial Cleanser doTERRA HD Clear Roll On, aplica\u021bi cu modera\u021bie pe fa\u021b\u0103 \u0219i pe toate zonele cu probleme.<br \/>\nPentru rezultate optime, utiliza\u021bi \u00een mod regulat \u00eempreun\u0103 cu celelalte produse din seria HD Clear.<\/p>\n<p><strong>Utilizare sigur\u0103<\/strong><br \/>\nEste posibil\u0103 iritarea pielii. A nu se p\u0103stra la \u00eendem\u00e2na copiilor. Dac\u0103 sunte\u021bi \u00eens\u0103rcinat\u0103 sau urma\u021bi un tratament medical, v\u0103 rug\u0103m s\u0103 v\u0103 adresa\u021bi medicului dumneavoastr\u0103. Evita\u021bi contactul cu ochii, urechile interne, fa\u021ba, zonele sensibile \u0219i membranele mucoase. Numai pentru uz extern.<\/p>\n","protected":false},"excerpt":{"rendered":"<h2 style=\"font-size: 28px\">Amestec de clarificare Roll On<\/h2>\n<p>doTERRA HD Clear Roll On &#8211; Acest amestec clarificator cu uleiuri esen\u021biale valoroase, precum arborele de ceai, eucaliptul \u0219i geraniul, sus\u021bine cur\u0103\u021barea \u0219i are un efect calmant. Asigur\u0103 un ten clar \u0219i radiant prin aplicarea \u021bintit\u0103 asupra impurit\u0103\u021bilor pielii. Se potrive\u0219te de minune pentru toate v\u00e2rstele \u0219i pentru pielea cu probleme cu imperfec\u021biuni. Aici, \u00eentr-un roll-on practic.<\/p>\n<p>De asemenea, ideal \u00een kitul rentabil SparSet HD Clear Kit.<\/p>\n","protected":false},"featured_media":4045,"template":"","meta":{"_et_pb_use_builder":"","_et_pb_old_content":"","_et_gb_content_width":""},"product_cat":[15,51,1916,2006],"product_tag":[485],"_links":{"self":[{"href":"https:\/\/www.magnolioworld.com\/green-ro\/wp-json\/wp\/v2\/product\/796"}],"collection":[{"href":"https:\/\/www.magnolioworld.com\/green-ro\/wp-json\/wp\/v2\/product"}],"about":[{"href":"https:\/\/www.magnolioworld.com\/green-ro\/wp-json\/wp\/v2\/types\/product"}],"wp:featuredmedia":[{"embeddable":true,"href":"https:\/\/www.magnolioworld.com\/green-ro\/wp-json\/wp\/v2\/media\/4045"}],"wp:attachment":[{"href":"https:\/\/www.magnolioworld.com\/green-ro\/wp-json\/wp\/v2\/media?parent=796"}],"wp:term":[{"taxonomy":"product_cat","embeddable":true,"href":"https:\/\/www.magnolioworld.com\/green-ro\/wp-json\/wp\/v2\/product_cat?post=796"},{"taxonomy":"product_tag","embeddable":true,"href":"https:\/\/www.magnolioworld.com\/green-ro\/wp-json\/wp\/v2\/product_tag?post=796"}],"curies":[{"name":"wp","href":"https:\/\/api.w.org\/{rel}","templated":true}]}}