{"id":786,"date":"2020-04-22T14:01:41","date_gmt":"2020-04-22T12:01:41","guid":{"rendered":"https:\/\/www.magnolio.shop\/anti-aging-eye-cream-anti-aging-augencreme\/"},"modified":"2026-02-18T14:39:55","modified_gmt":"2026-02-18T13:39:55","slug":"doterra-anti-aging-eye-cream","status":"publish","type":"product","link":"https:\/\/www.magnolioworld.com\/green-ro\/doterra-anti-aging-eye-cream\/","title":{"rendered":"doTERRA Anti-Aging Eye Cream"},"content":{"rendered":"<p><strong>doTERRA Anti-Aging Eye Cream<\/strong> &#8211; Pentru momente de str\u0103lucire<\/p>\n<p>Aceast\u0103 crem\u0103 cu uleiuri esen\u021biale de t\u0103m\u00e2ie, Ylang Ylang \u0219i Tansy albastru reduce semnele de \u00eemb\u0103tr\u00e2nire din jurul zonei delicate a ochilor. <br \/>\nFormula inovatoare hidrateaz\u0103, \u00eembun\u0103t\u0103\u021be\u0219te fermitatea \u0219i elasticitatea pielii \u0219i reduce aspectul cearc\u0103nelor de sub ochi. Bakuchiol, un ingredient pe baz\u0103 de plante, reduce aspectul liniilor fine \u0219i al ridurilor \u0219i protejeaz\u0103 \u00eempotriva viitoarelor semne de \u00eemb\u0103tr\u00e2nire. Uleiul de meadowfoam ac\u021bioneaz\u0103 ca un umectant \u0219i hidrateaz\u0103 pielea \u00een profunzime <\/p>\n<p>Aplicatorul unic cu bil\u0103 rulant\u0103 din o\u021bel al acestei <strong>doTERRA Anti-Aging<\/strong> <strong>Eye Cream<\/strong> r\u0103core\u0219te \u0219i calmeaz\u0103 zona de sub ochi, reduc\u00e2nd aspectul de umfl\u0103turi. Crema de ochi doTERRA Anti-Aging are, de asemenea, un efect de regenerare \u0219i de re\u00eennoire celular\u0103.<\/p>\n<p><strong>Recomandare<\/strong><br \/>\nTopical: Pentru un aspect optim de s\u0103n\u0103tos \u0219i proasp\u0103t, \u00eencorpora\u021bi crema \u00een rutina zilnic\u0103 de frumuse\u021be diminea\u021ba \u0219i seara. Aplica\u021bi crema \u00een mod regulat pentru a preveni formarea cearc\u0103nelor. <br \/>\nCerere: Str\u00e2nge\u021bi pompa p\u00e2n\u0103 c\u00e2nd apare o cantitate mic\u0103 de crem\u0103 \u00een jurul rollerului. Apoi aplica\u021bi produsul cu o u\u0219oar\u0103 presiune din rollerball.<\/p>\n<p><strong>Utilizare sigur\u0103<\/strong><br \/>\nNumai pentru uz extern. Evita\u021bi contactul direct cu ochii \u0219i mucoasele. \u00centrerupe\u021bi utilizarea produsului dac\u0103 apare iritarea pielii.<\/p>\n","protected":false},"excerpt":{"rendered":"<h2 style=\"font-size: 28px;\">Crem\u0103 de ochi anti-\u00eemb\u0103tr\u00e2nire<\/h2>\n<p><strong>d\u014dTERRA Anti-Aging Eye Cream<\/strong> &#8211; Pentru momente radiante. Reduce semnele de \u00eemb\u0103tr\u00e2nire din jurul zonei delicate a ochilor. Formula inovatoare hidrateaz\u0103, \u00eembun\u0103t\u0103\u021be\u0219te fermitatea \u0219i elasticitatea pielii \u0219i reduce aspectul cearc\u0103nelor. Are un efect decongestionant \u0219i de r\u0103cire datorit\u0103 bilei metalice cu role.<\/p>\n","protected":false},"featured_media":4058,"template":"","meta":{"_et_pb_use_builder":"","_et_pb_old_content":"","_et_gb_content_width":""},"product_cat":[15,1916,2007],"product_tag":[468,467],"_links":{"self":[{"href":"https:\/\/www.magnolioworld.com\/green-ro\/wp-json\/wp\/v2\/product\/786"}],"collection":[{"href":"https:\/\/www.magnolioworld.com\/green-ro\/wp-json\/wp\/v2\/product"}],"about":[{"href":"https:\/\/www.magnolioworld.com\/green-ro\/wp-json\/wp\/v2\/types\/product"}],"wp:featuredmedia":[{"embeddable":true,"href":"https:\/\/www.magnolioworld.com\/green-ro\/wp-json\/wp\/v2\/media\/4058"}],"wp:attachment":[{"href":"https:\/\/www.magnolioworld.com\/green-ro\/wp-json\/wp\/v2\/media?parent=786"}],"wp:term":[{"taxonomy":"product_cat","embeddable":true,"href":"https:\/\/www.magnolioworld.com\/green-ro\/wp-json\/wp\/v2\/product_cat?post=786"},{"taxonomy":"product_tag","embeddable":true,"href":"https:\/\/www.magnolioworld.com\/green-ro\/wp-json\/wp\/v2\/product_tag?post=786"}],"curies":[{"name":"wp","href":"https:\/\/api.w.org\/{rel}","templated":true}]}}