{"id":782,"date":"2020-04-22T14:01:41","date_gmt":"2020-04-22T12:01:41","guid":{"rendered":"https:\/\/www.magnolio.shop\/ddr-prime-softgels-ddr-prime-softgels-zellerneuerung\/"},"modified":"2025-11-17T17:54:10","modified_gmt":"2025-11-17T16:54:10","slug":"doterra-ddr-prime-softgels","status":"publish","type":"product","link":"https:\/\/www.magnolioworld.com\/green-ro\/doterra-ddr-prime-softgels\/","title":{"rendered":"doTERRA DDR Prime Softgels"},"content":{"rendered":"<p><strong>doTERRA DDR Prime Softgels<\/strong> &#8211; Regenerare \u0219i re\u00eennoire celular\u0103 optim\u0103 \u00eentr-o capsul\u0103 oral\u0103 practic\u0103.<\/p>\n<p>Pentru a sus\u021bine regenerarea celular\u0103, DDR Prime con\u021bine un amestec brevetat de uleiuri esen\u021biale de t\u0103m\u00e2ie, portocal\u0103 s\u0103lbatic\u0103, cimbru, cui\u0219oare \u0219i l\u0103m\u00e2ie. Acestea sus\u021bin organismul \u0219i celulele corpului \u00een timpul stresului oxidativ \u0219i asigur\u0103 astfel o stare de bine optim\u0103.<\/p>\n<p>Din punct de vedere emo\u021bional, acest amestec este uleiul transform\u0103rii. Sus\u021bine procesele de schimbare prin claritate, curaj \u0219i deschidere spre nou. Acest lucru ne permite s\u0103 trecem prin procesele de transformare cu calm \u0219i plini de vitalitate \u0219i bucurie de a tr\u0103i.<\/p>\n<p>Capsulele moi de doTERRA DDR Prime Softgels sunt precis echilibrate \u00een cantitate \u0219i sunt u\u0219or \u0219i convenabil de \u00eenghi\u021bit. De asemenea, este ideal pentru c\u0103l\u0103torii.<\/p>\n<p><strong>Recomandare<\/strong><br \/>\nLua\u021bi 1 capsul\u0103 moale diminea\u021ba \u0219i 1 capsul\u0103 moale seara, la mas\u0103.  <\/p>\n<p><strong>Utilizare sigur\u0103<\/strong><br \/>\nA nu se p\u0103stra la \u00eendem\u00e2na copiilor. Dac\u0103 sunte\u021bi \u00eens\u0103rcinat\u0103 sau urma\u021bi un tratament medical, v\u0103 rug\u0103m s\u0103 v\u0103 adresa\u021bi medicului dumneavoastr\u0103. A se p\u0103stra \u00eentr-un loc r\u0103coros \u0219i uscat.<\/p>\n","protected":false},"excerpt":{"rendered":"<h2 style=\"font-size: 28px\">Capsule de regenerare celular\u0103<\/h2>\n<p>doTERRA DDR Prime Softgels &#8211; Acest amestec contribuie la sus\u021binerea regener\u0103rii celulare. Acesta protejeaz\u0103 organismul \u0219i celulele corpului \u00eempotriva stresului oxidativ \u0219i asigur\u0103 astfel o stare de bine optim\u0103. DDR Prime Softgels sunt ideale pentru a fi luate pe drum.<\/p>\n","protected":false},"featured_media":4029,"template":"","meta":{"_et_pb_use_builder":"","_et_pb_old_content":"","_et_gb_content_width":""},"product_cat":[15,52,44,36,1953],"product_tag":[460,461],"_links":{"self":[{"href":"https:\/\/www.magnolioworld.com\/green-ro\/wp-json\/wp\/v2\/product\/782"}],"collection":[{"href":"https:\/\/www.magnolioworld.com\/green-ro\/wp-json\/wp\/v2\/product"}],"about":[{"href":"https:\/\/www.magnolioworld.com\/green-ro\/wp-json\/wp\/v2\/types\/product"}],"wp:featuredmedia":[{"embeddable":true,"href":"https:\/\/www.magnolioworld.com\/green-ro\/wp-json\/wp\/v2\/media\/4029"}],"wp:attachment":[{"href":"https:\/\/www.magnolioworld.com\/green-ro\/wp-json\/wp\/v2\/media?parent=782"}],"wp:term":[{"taxonomy":"product_cat","embeddable":true,"href":"https:\/\/www.magnolioworld.com\/green-ro\/wp-json\/wp\/v2\/product_cat?post=782"},{"taxonomy":"product_tag","embeddable":true,"href":"https:\/\/www.magnolioworld.com\/green-ro\/wp-json\/wp\/v2\/product_tag?post=782"}],"curies":[{"name":"wp","href":"https:\/\/api.w.org\/{rel}","templated":true}]}}