{"id":780,"date":"2020-04-22T14:01:41","date_gmt":"2020-04-22T12:01:41","guid":{"rendered":"https:\/\/www.magnolio.shop\/air-breathe-vapor-stick-air-breathe-vapor-stick-luftholen\/"},"modified":"2026-01-26T10:27:59","modified_gmt":"2026-01-26T09:27:59","slug":"doterra-air-vapour-stick","status":"publish","type":"product","link":"https:\/\/www.magnolioworld.com\/green-ro\/doterra-air-vapour-stick\/","title":{"rendered":"doTERRA Air Vapour Stick"},"content":{"rendered":"<p><strong>doTERRA Air Vapour<\/strong> Stick &#8211; Aer pentru via\u021b\u0103 &#8211; Ca un stick delicat \u0219i practic<\/p>\n<p>\u00cen vremurile tulburi din prezent, sistemul respirator, \u00een special, este adesea supus unei mari tensiuni. Fie din cauza unor probleme acute ale c\u0103ilor respiratorii, fie din cauza unor op\u021biuni de respira\u021bie limitate.<br \/>\nUleiurile esen\u021biale din amestecul respirator ajut\u0103 la relaxarea c\u0103ilor respiratorii \u0219i la trecerea prin sezonul rece cu un amestec de arome proaspete.<br \/>\nAcest lucru ajut\u0103 pl\u0103m\u00e2nii, bronhiile \u0219i sinusurile s\u0103 se relaxeze \u0219i face ca respira\u021bia s\u0103 fie mai u\u0219oar\u0103 \u0219i mai liber\u0103.<\/p>\n<p>Pentru c\u0103 respira\u021bia profund\u0103 \u0219i relaxat\u0103 este esen\u021ba vie\u021bii.<\/p>\n<p>\u00cen doTERRA Air Vapour Stick, uleiurile esen\u021biale de \u00eenalt\u0103 calitate, cum ar fi cardamomul, menta, eucaliptul, arborele de ceai, l\u0103m\u00e2ia \u0219i Ravensara, au un efect unic de relaxare \u0219i de sus\u021binere.  <\/p>\n<p>Stickul poate fi aplicat \u0219i absorbit deosebit de delicat, este de lung\u0103 durat\u0103 \u0219i poate fi folosit oriunde datorit\u0103 metodei sale de dozare. Este, de asemenea, foarte util atunci c\u00e2nd c\u0103l\u0103tore\u0219ti cu avionul, de exemplu, deoarece are un efect r\u0103coritor \u0219i r\u0103coritor. doTERRA Air Vapour Stick poate fi aplicat direct pe piept \u0219i pe spate. Aplicarea \u00een punctele reflexe ale picioarelor este, de asemenea, deosebit de intens\u0103. Stickul alunec\u0103 u\u0219or pe piele, f\u0103r\u0103 a l\u0103sa o senza\u021bie gras\u0103 sau lipicioas\u0103.<\/p>\n<p>Pe l\u00e2ng\u0103 atingerea practic\u0103, amestecul pentru c\u0103ile respiratorii este disponibil \u0219i sub alte forme de produs. De exemplu, pur ca doTERRA Air, unde poate fi folosit \u00een difuzor pentru o u\u0219urare optim\u0103, purificarea camerei \u0219i relaxarea tractului respirator.  <br \/>\nDoTERRA Air Touch este special conceput pentru a putea respira rapid \u0219i revigorant \u00een timpul deplas\u0103rilor, \u00een timpul sportului, la birou \u0219i \u00een c\u0103l\u0103torii. Este ca o scurt\u0103 pauz\u0103 \u00een aer liber. Ca o briz\u0103 proasp\u0103t\u0103 de plecare,<br \/>\nAplica\u021bi-l pe punctele de puls \u0219i inspira\u021bi ad\u00e2nc amestecul sau aplica\u021bi-l direct pe pl\u0103m\u00e2ni \u0219i bronhii. Aplicarea pe punctele reflexe este, de asemenea, deosebit de eficient\u0103. <\/p>\n<p>DoTERRA Air Drops sunt recomandate \u00een special pentru \u00eemprosp\u0103tarea rapid\u0103 \u0219i \u00eengrijirea tractului respirator \u00eentre utiliz\u0103ri.<\/p>\n<p>Amestecul de uleiuri esen\u021biale nu are doar efecte fizice, ci \u0219i emo\u021bionale. La urma urmei, c\u00e2t de des sim\u021bi\u021bi c\u0103 v\u0103 vine respira\u021bia scurt\u0103, c\u0103 ave\u021bi g\u00e2tul str\u00e2mt sau pur \u0219i simplu nu ave\u021bi suficient aer pentru a respira? Aici, amestecul respirator are un efect minunat de eliberare \u0219i faciliteaz\u0103 o respira\u021bie relaxat\u0103.<\/p>\n<p>Mai ales sub form\u0103 de balsam stick, poate oferi, de asemenea, o u\u0219urare minunat\u0103 pentru copii.<\/p>\n<p><strong>Recomandare<\/strong><br \/>\nAromatic: Inhala\u021bi ad\u00e2nc prin punctele de puls sau prin palmele m\u00e2inilor pentru a optimiza efectul emo\u021bional. Sau se aplic\u0103 \u00een zona pieptului \u0219i a g\u00e2tului pentru a relaxa c\u0103ile respiratorii.<br \/>\nTopical: Aplica\u021bi pe piept \u0219i bucura\u021bi-v\u0103 de efectul r\u0103coritor \u0219i revitalizant. Freca\u021bi pieptul, g\u00e2tul \u0219i \u00eencheieturile m\u00e2inilor \u00eenainte de exerci\u021bii fizice. Pentru o briz\u0103 proasp\u0103t\u0103 \u00eentre timp, aplica\u021bi pur \u0219i simplu stickul pe \u00eencheieturi, g\u00e2t \u0219i umeri \u0219i aplica\u021bi acest amestec pe piept, spate sau t\u0103lpile picioarelor pentru a v\u0103 relaxa seara \u0219i a opri cinema-ul capului.<\/p>\n<p><strong>Utilizare sigur\u0103<\/strong><br \/>\nEste posibil\u0103 iritarea pielii. A nu se p\u0103stra la \u00eendem\u00e2na copiilor. Dac\u0103 sunte\u021bi \u00eens\u0103rcinat\u0103 sau urma\u021bi un tratament medical, v\u0103 rug\u0103m s\u0103 v\u0103 adresa\u021bi medicului dumneavoastr\u0103. Evita\u021bi contactul cu ochii, urechile interne, fa\u021ba, zonele sensibile \u0219i membranele mucoase. Numai pentru uz extern.<\/p>\n","protected":false},"excerpt":{"rendered":"<h2 style=\"font-size: 28px\">Stilou de inhalare<\/h2>\n<p>doTERRA Air Vapour Stick &#8211; Stickul poate fi inhalat ca un amestec de parfum sau aplicat pe piept, spate \u0219i t\u0103lpile picioarelor pentru a calma \u0219i \u00eengriji preventiv tractul respirator. O briz\u0103 proasp\u0103t\u0103 pentru a respira liber, chiar \u0219i \u00een timpul c\u0103l\u0103toriei<\/p>\n","protected":false},"featured_media":4067,"template":"","meta":{"_et_pb_use_builder":"","_et_pb_old_content":"","_et_gb_content_width":""},"product_cat":[15,37,48,1922],"product_tag":[456,457],"_links":{"self":[{"href":"https:\/\/www.magnolioworld.com\/green-ro\/wp-json\/wp\/v2\/product\/780"}],"collection":[{"href":"https:\/\/www.magnolioworld.com\/green-ro\/wp-json\/wp\/v2\/product"}],"about":[{"href":"https:\/\/www.magnolioworld.com\/green-ro\/wp-json\/wp\/v2\/types\/product"}],"wp:featuredmedia":[{"embeddable":true,"href":"https:\/\/www.magnolioworld.com\/green-ro\/wp-json\/wp\/v2\/media\/4067"}],"wp:attachment":[{"href":"https:\/\/www.magnolioworld.com\/green-ro\/wp-json\/wp\/v2\/media?parent=780"}],"wp:term":[{"taxonomy":"product_cat","embeddable":true,"href":"https:\/\/www.magnolioworld.com\/green-ro\/wp-json\/wp\/v2\/product_cat?post=780"},{"taxonomy":"product_tag","embeddable":true,"href":"https:\/\/www.magnolioworld.com\/green-ro\/wp-json\/wp\/v2\/product_tag?post=780"}],"curies":[{"name":"wp","href":"https:\/\/api.w.org\/{rel}","templated":true}]}}