{"id":779,"date":"2020-04-22T14:01:40","date_gmt":"2020-04-22T12:01:40","guid":{"rendered":"https:\/\/www.magnolio.shop\/air-breathe-respiratory-drops-air-breathe-respiratory-drops-luftholen\/"},"modified":"2026-01-02T15:00:15","modified_gmt":"2026-01-02T14:00:15","slug":"doterra-air-drops","status":"publish","type":"product","link":"https:\/\/www.magnolioworld.com\/green-ro\/doterra-air-drops\/","title":{"rendered":"doTERRA Air Drops"},"content":{"rendered":"<p><strong>doTERRA AIR Drops<\/strong> &#8211; Aer pentru via\u021b\u0103<\/p>\n<p>\u00cen vremurile tulburi din prezent, sistemul respirator, \u00een special, este adesea supus unei mari tensiuni. Fie din cauza unor probleme acute ale c\u0103ilor respiratorii, fie din cauza unor op\u021biuni de respira\u021bie limitate.<br \/>\nUleiurile con\u021binute \u00een doTERRA AIR Drops v\u0103 ajut\u0103 s\u0103 v\u0103 relaxa\u021bi respira\u021bia \u0219i s\u0103 trece\u021bi peste anotimpurile reci cu un amestec proasp\u0103t de arome.<br \/>\nAcest lucru ajut\u0103 pl\u0103m\u00e2nii, bronhiile \u0219i sinusurile s\u0103 se relaxeze \u0219i face ca respira\u021bia s\u0103 fie mai u\u0219oar\u0103 \u0219i mai liber\u0103.<\/p>\n<p>La urma urmei, respira\u021bia profund\u0103 \u0219i relaxat\u0103 este esen\u021ba vie\u021bii.<\/p>\n<p>Pic\u0103turile doTERRA AIR Drops con\u021bin uleiuri esen\u021biale de \u00eenalt\u0103 calitate din amestecul de uleiuri esen\u021biale doTERRA Air, cum ar fi cardamom, ment\u0103 \u0219i eucalipt. Arborele de ceai, l\u0103m\u00e2ia \u0219i Ravensara \u00eempreun\u0103 sunt deosebit de relaxante \u0219i de sus\u021bin\u0103toare.<\/p>\n<p>Amestecul de uleiuri esen\u021biale nu are doar un efect fizic, ci \u0219i unul emo\u021bional. La urma urmei, c\u00e2t de des sim\u021bi\u021bi c\u0103 v\u0103 vine respira\u021bia scurt\u0103, c\u0103 ave\u021bi g\u00e2tul str\u00e2mt sau pur \u0219i simplu nu ave\u021bi suficient aer pentru a respira? Aici, amestecul respirator are un efect minunat de eliberare \u0219i faciliteaz\u0103 o respira\u021bie relaxat\u0103.<\/p>\n<p>Pic\u0103turile de aer doTERRA Air Drops sunt recomandate \u00een special pentru cei care doresc s\u0103 aib\u0103 amestecul de uleiuri esen\u021biale la \u00eendem\u00e2n\u0103 \u00een orice moment \u0219i care apreciaz\u0103 o respira\u021bie clar\u0103.<\/p>\n<p>Amestecul este, de asemenea, ideal pentru a respira liber \u00een timpul activit\u0103\u021bilor sportive de orice fel. De asemenea, este ideal ca alternativ\u0103 gustoas\u0103 pentru copii.<\/p>\n<p>Sunt disponibile diferite forme de produs, astfel \u00eenc\u00e2t acest amestec pentru c\u0103ile respiratorii s\u0103 poat\u0103 fi utilizat \u00een c\u00e2t mai multe ocazii. Amestecul pentru c\u0103ile respiratorii este, de asemenea, disponibil pur ca doTERRA Air \u0219i poate fi utilizat \u00eentr-un difuzor pentru a cur\u0103\u021ba \u0219i relaxa c\u0103ile respiratorii. <br \/>\nAtingerea gata de utilizare diluat\u0103 cu ulei de nuc\u0103 de cocos frac\u021bionat este, de asemenea, deosebit de practic\u0103 atunci c\u00e2nd c\u0103l\u0103tori\u021bi.<\/p>\n<p>DoTERRA Air Vapour Stick poate fi aplicat \u0219i absorbit deosebit de delicat, este de lung\u0103 durat\u0103 \u0219i poate fi folosit oriunde datorit\u0103 metodei de dozare. Este, de asemenea, foarte util atunci c\u00e2nd c\u0103l\u0103tore\u0219ti cu avionul, de exemplu, deoarece are un efect r\u0103coritor \u0219i r\u0103coritor. Creionul poate fi aplicat direct pe piept \u0219i pe spate. Aplicarea \u00een punctele reflexe ale picioarelor este, de asemenea, deosebit de intens\u0103. Amestecul este, de asemenea, ideal pentru a respira liber \u00een timpul activit\u0103\u021bilor sportive de orice fel.<\/p>\n<p>Pic\u0103turile de amestec pentru c\u0103ile respiratorii sunt o modalitate delicioas\u0103 de a respira ad\u00e2nc \u0219i de a avea \u00eentotdeauna aer pentru a respira.<\/p>\n<p><strong>Recomandare<br \/>\n<\/strong>Adul\u021bi \u0219i copii cu v\u00e2rsta de peste 5 ani: dizolva\u021bi \u00eencet 1 pic\u0103tur\u0103 \u00een gur\u0103. Se repet\u0103 la fiecare 2 ore, dac\u0103 este necesar. <\/p>\n<p><strong>Utilizare sigur\u0103<\/strong><br \/>\nPericol de sufocare. A nu se p\u0103stra la \u00eendem\u00e2na copiilor cu v\u00e2rsta sub 3 ani. A se p\u0103stra \u00eentr-un loc r\u0103coros \u0219i uscat.<\/p>\n","protected":false},"excerpt":{"rendered":"<h2 style=\"font-size: 28px;\">Dulciuri de amestec pentru c\u0103ile respiratorii<\/h2>\n<p>Uleiurile esen\u021biale din doTERRA AIR Drops v\u0103 relaxeaz\u0103 respira\u021bia \u0219i v\u0103 ajut\u0103 s\u0103 trece\u021bi peste sezonul rece cu un amestec proasp\u0103t de arome. <br \/>\nAcestea v\u0103 ajut\u0103 s\u0103 respira\u021bi liber \u0219i profund \u00een orice condi\u021bii.<\/p>\n","protected":false},"featured_media":4070,"template":"","meta":{"_et_pb_use_builder":"","_et_pb_old_content":"","_et_gb_content_width":""},"product_cat":[15,51,37,1922],"product_tag":[454,455],"_links":{"self":[{"href":"https:\/\/www.magnolioworld.com\/green-ro\/wp-json\/wp\/v2\/product\/779"}],"collection":[{"href":"https:\/\/www.magnolioworld.com\/green-ro\/wp-json\/wp\/v2\/product"}],"about":[{"href":"https:\/\/www.magnolioworld.com\/green-ro\/wp-json\/wp\/v2\/types\/product"}],"wp:featuredmedia":[{"embeddable":true,"href":"https:\/\/www.magnolioworld.com\/green-ro\/wp-json\/wp\/v2\/media\/4070"}],"wp:attachment":[{"href":"https:\/\/www.magnolioworld.com\/green-ro\/wp-json\/wp\/v2\/media?parent=779"}],"wp:term":[{"taxonomy":"product_cat","embeddable":true,"href":"https:\/\/www.magnolioworld.com\/green-ro\/wp-json\/wp\/v2\/product_cat?post=779"},{"taxonomy":"product_tag","embeddable":true,"href":"https:\/\/www.magnolioworld.com\/green-ro\/wp-json\/wp\/v2\/product_tag?post=779"}],"curies":[{"name":"wp","href":"https:\/\/api.w.org\/{rel}","templated":true}]}}