{"id":763,"date":"2020-04-22T14:01:35","date_gmt":"2020-04-22T12:01:35","guid":{"rendered":"https:\/\/www.magnolio.shop\/mood-management-kit-stimmungs-management-kit\/"},"modified":"2025-11-02T15:09:44","modified_gmt":"2025-11-02T14:09:44","slug":"doterra-mood-management-kit","status":"publish","type":"product","link":"https:\/\/www.magnolioworld.com\/green-ro\/doterra-mood-management-kit\/","title":{"rendered":"doTERRA Mood Management Kit"},"content":{"rendered":"<p><strong>doTERRA Mood Management Kit<\/strong> &#8211; Uleiul potrivit pentru fiecare stare de spirit<\/p>\n<p>Toate emo\u021biile pot fi echilibrate \u00een mod optim cu ajutorul<strong> pachetului de dispozi\u021bie<\/strong>. Este combina\u021bia potrivit\u0103 pentru bun\u0103starea dumneavoastr\u0103. Amestecul de uleiuri Balance pe care \u00eel con\u021bine are un efect de echilibrare \u0219i de \u00eemp\u0103m\u00e2ntare \u0219i ne permite s\u0103 st\u0103m cu ambele picioare pe p\u0103m\u00e2nt. Amestecul Serenity calmeaz\u0103 \u0219i calmeaz\u0103 anxietatea \u0219i asigur\u0103 un somn relaxat. Amestecul Citrus Bliss creeaz\u0103 o stare de spirit pozitiv\u0103 \u0219i \u00een\u0103l\u021b\u0103toare, plin\u0103 de joie de vivre. Amestecul calmant Adaptiv creeaz\u0103 senin\u0103tate \u0219i relaxare \u0219i v\u0103 men\u021bine cu picioarele pe p\u0103m\u00e2nt pe tot parcursul zilei.<\/p>\n<p>Cu kitul de gestionare a st\u0103rii de spirit, ave\u021bi la \u00eendem\u00e2n\u0103 uleiul potrivit \u00een orice situa\u021bie pentru a trece prin via\u021b\u0103 calm \u0219i plin de energie pozitiv\u0103.<\/p>\n<p><strong>Recomandare<\/strong><br \/>\nRe\u021bine\u021bi recomand\u0103rile pentru fiecare produs \u00een parte.<\/p>\n<p><strong>Utilizare sigur\u0103<br \/>\n<\/strong>Respecta\u021bi instruc\u021biunile pentru fiecare produs \u00een parte.<\/p>\n","protected":false},"excerpt":{"rendered":"<h2 style=\"font-size: 28px;\">Pachet Mood<\/h2>\n<p style=\"font-size: 28px; color: #e20000; font-weight: bold;\">Economisi\u021bi 34 %<\/p>\n<p>doTERRA Mood Management Kit &#8211; Ave\u021bi la \u00eendem\u00e2n\u0103 uleiul potrivit \u00een orice situa\u021bie pentru a trece prin via\u021b\u0103 calm \u0219i plin de energie pozitiv\u0103.<\/p>\n","protected":false},"featured_media":4899,"template":"","meta":{"_et_pb_use_builder":"","_et_pb_old_content":"","_et_gb_content_width":""},"product_cat":[15,1921,38,48,1982,1985],"product_tag":[427,428],"_links":{"self":[{"href":"https:\/\/www.magnolioworld.com\/green-ro\/wp-json\/wp\/v2\/product\/763"}],"collection":[{"href":"https:\/\/www.magnolioworld.com\/green-ro\/wp-json\/wp\/v2\/product"}],"about":[{"href":"https:\/\/www.magnolioworld.com\/green-ro\/wp-json\/wp\/v2\/types\/product"}],"wp:featuredmedia":[{"embeddable":true,"href":"https:\/\/www.magnolioworld.com\/green-ro\/wp-json\/wp\/v2\/media\/4899"}],"wp:attachment":[{"href":"https:\/\/www.magnolioworld.com\/green-ro\/wp-json\/wp\/v2\/media?parent=763"}],"wp:term":[{"taxonomy":"product_cat","embeddable":true,"href":"https:\/\/www.magnolioworld.com\/green-ro\/wp-json\/wp\/v2\/product_cat?post=763"},{"taxonomy":"product_tag","embeddable":true,"href":"https:\/\/www.magnolioworld.com\/green-ro\/wp-json\/wp\/v2\/product_tag?post=763"}],"curies":[{"name":"wp","href":"https:\/\/api.w.org\/{rel}","templated":true}]}}