{"id":759,"date":"2020-04-22T14:01:35","date_gmt":"2020-04-22T12:01:35","guid":{"rendered":"https:\/\/www.magnolio.shop\/immune-booster-kit-immune-booster-kit\/"},"modified":"2025-10-15T17:53:35","modified_gmt":"2025-10-15T15:53:35","slug":"doterra-immune-booster-kit","status":"publish","type":"product","link":"https:\/\/www.magnolioworld.com\/green-ro\/doterra-immune-booster-kit\/","title":{"rendered":"doTERRA Immune Booster Kit"},"content":{"rendered":"<p><strong>doTERRA Immune Booster<\/strong> <strong>Kit<\/strong> &#8211; Reprezint\u0103 aprovizionarea de baz\u0103 atunci c\u00e2nd vine vorba de a v\u0103 proteja \u00eempotriva intru\u0219ilor nedori\u021bi. Toate produsele au propriet\u0103\u021bi speciale care v\u0103 protejeaz\u0103 ca un scut de ap\u0103rare.<\/p>\n<p>Trusa con\u021bine produse importante din gama On Guard, care protejeaz\u0103 \u0219i stimuleaz\u0103 sistemul imunitar, cum ar fi amestecul On Guard, s\u0103punul de m\u00e2ini On Guard pentru o cur\u0103\u021bare optim\u0103 \u0219i pasta de din\u021bi On Guard pentru o igien\u0103 dentar\u0103 ideal\u0103. \u00cen plus, l\u0103m\u00e2ia \u0219i grapefruit-ul cur\u0103\u021b\u0103 \u0219i \u00eembun\u0103t\u0103\u021besc starea de spirit.<\/p>\n<p>Cu aceast\u0103 combina\u021bie, ave\u021bi un scut de ap\u0103rare de \u00eencredere at\u00e2t fizic c\u00e2t \u0219i energetic.<\/p>\n<p><strong>doTERRA Immune Booster Kit<\/strong> &#8211; Pachetul ideal pentru o ap\u0103rare imunitar\u0103 puternic\u0103.<\/p>\n<p><strong>Recomandare<\/strong><br \/>\nRe\u021bine\u021bi recomand\u0103rile pentru fiecare produs \u00een parte.<\/p>\n<p><strong>Utilizare sigur\u0103<br \/>\n<\/strong>Respecta\u021bi instruc\u021biunile pentru fiecare produs \u00een parte.<\/p>\n","protected":false},"excerpt":{"rendered":"<h2 style=\"font-size: 28px;\">Pachet imunitar<\/h2>\n<p style=\"font-size: 28px; color: #e20000; font-weight: bold;\">Salva\u021bi 28 %<\/p>\n<p>doTERRA Immune Booster Kit &#8211; Pachetul ideal pentru o ap\u0103rare imunitar\u0103 puternic\u0103. Con\u021bine produse importante din gama On Guard, care protejeaz\u0103 \u0219i stimuleaz\u0103 imunitatea, precum \u0219i din gama On Guard, care cur\u0103\u021b\u0103 \u0219i \u00eembun\u0103t\u0103\u021be\u0219te starea de spirit cu l\u0103m\u00e2ie \u0219i grapefruit.<\/p>\n","protected":false},"featured_media":4078,"template":"","meta":{"_et_pb_use_builder":"","_et_pb_old_content":"","_et_gb_content_width":""},"product_cat":[15,1921,43,1971],"product_tag":[423],"_links":{"self":[{"href":"https:\/\/www.magnolioworld.com\/green-ro\/wp-json\/wp\/v2\/product\/759"}],"collection":[{"href":"https:\/\/www.magnolioworld.com\/green-ro\/wp-json\/wp\/v2\/product"}],"about":[{"href":"https:\/\/www.magnolioworld.com\/green-ro\/wp-json\/wp\/v2\/types\/product"}],"wp:featuredmedia":[{"embeddable":true,"href":"https:\/\/www.magnolioworld.com\/green-ro\/wp-json\/wp\/v2\/media\/4078"}],"wp:attachment":[{"href":"https:\/\/www.magnolioworld.com\/green-ro\/wp-json\/wp\/v2\/media?parent=759"}],"wp:term":[{"taxonomy":"product_cat","embeddable":true,"href":"https:\/\/www.magnolioworld.com\/green-ro\/wp-json\/wp\/v2\/product_cat?post=759"},{"taxonomy":"product_tag","embeddable":true,"href":"https:\/\/www.magnolioworld.com\/green-ro\/wp-json\/wp\/v2\/product_tag?post=759"}],"curies":[{"name":"wp","href":"https:\/\/api.w.org\/{rel}","templated":true}]}}