{"id":756,"date":"2020-04-22T14:01:34","date_gmt":"2020-04-22T12:01:34","guid":{"rendered":"https:\/\/www.magnolio.shop\/essential-aromatics-touch-essential-aromatics-touch\/"},"modified":"2025-07-02T12:20:49","modified_gmt":"2025-07-02T10:20:49","slug":"doterra-essential-aromatics-touch-kit","status":"publish","type":"product","link":"https:\/\/www.magnolioworld.com\/green-ro\/doterra-essential-aromatics-touch-kit\/","title":{"rendered":"doTERRA Essential Aromatics Touch Kit"},"content":{"rendered":"<p><strong>doTERRA Essential Aromatics Touch Kit<\/strong> &#8211; Este o op\u021biune simpl\u0103, dar bine fundamentat\u0103, pentru aromaterapia profesional\u0103. Se pot folosi uleiuri esen\u021biale individuale cu eficacitate ridicat\u0103. Cu \u0219ase categorii de bun\u0103stare emo\u021bional\u0103, aromaterapeu\u021bii experimenta\u021bi pot trata emo\u021biile negative, echilibra \u0219i \u00eenveseli st\u0103rile de spirit schimb\u0103toare. Uleiurile pot fi folosite \u00een arom\u0103 sau aplicate direct pe piele.<\/p>\n<p>Cu doar c\u00e2teva pic\u0103turi din aceste amestecuri parfumate, complexe \u0219i naturale, pute\u021bi evoca r\u0103spunsuri emo\u021bionale profunde pentru a v\u0103 elibera de stres, pentru a g\u0103si alinare \u0219i \u00eencurajare sau pentru a v\u0103 inspira s\u0103 visa\u021bi din nou cu pasiune.<\/p>\n<p><strong>doTERRA Essential Aromatics Touch Kit<\/strong> con\u021bine uleiurile emo\u021bionale \u00eentr-o atingere practic\u0103, gata de utilizare, pe care o pute\u021bi lua la pachet. Ideal pentru a fi aplicat \u00een punctele de puls, chakre sau \u00een zonele reflexe.<\/p>\n<p><strong>Recomandare<\/strong><br \/>\nRe\u021bine\u021bi recomand\u0103rile pentru fiecare produs \u00een parte.<\/p>\n<p><strong>Utilizare sigur\u0103<br \/>\n<\/strong>Respecta\u021bi instruc\u021biunile pentru fiecare produs \u00een parte.<\/p>\n","protected":false},"excerpt":{"rendered":"<h2 style=\"font-size: 28px;\">Pachet de uleiuri emo\u021bionale Roll-On<\/h2>\n<p><span style=\"font-size: 28px; color: #e20000; font-weight: bold;\">Economisi\u021bi 40 %<\/p>\n<p><\/span><strong>doTERRA Essential Aromatics Touch Kit<\/strong> &#8211; Setul perfect pentru o echilibrare rapid\u0103 a st\u0103rii de spirit a diferitelor emo\u021bii<\/p>\n","protected":false},"featured_media":4456,"template":"","meta":{"_et_pb_use_builder":"","_et_pb_old_content":"","_et_gb_content_width":""},"product_cat":[15,51,1921,40],"product_tag":[419],"_links":{"self":[{"href":"https:\/\/www.magnolioworld.com\/green-ro\/wp-json\/wp\/v2\/product\/756"}],"collection":[{"href":"https:\/\/www.magnolioworld.com\/green-ro\/wp-json\/wp\/v2\/product"}],"about":[{"href":"https:\/\/www.magnolioworld.com\/green-ro\/wp-json\/wp\/v2\/types\/product"}],"wp:featuredmedia":[{"embeddable":true,"href":"https:\/\/www.magnolioworld.com\/green-ro\/wp-json\/wp\/v2\/media\/4456"}],"wp:attachment":[{"href":"https:\/\/www.magnolioworld.com\/green-ro\/wp-json\/wp\/v2\/media?parent=756"}],"wp:term":[{"taxonomy":"product_cat","embeddable":true,"href":"https:\/\/www.magnolioworld.com\/green-ro\/wp-json\/wp\/v2\/product_cat?post=756"},{"taxonomy":"product_tag","embeddable":true,"href":"https:\/\/www.magnolioworld.com\/green-ro\/wp-json\/wp\/v2\/product_tag?post=756"}],"curies":[{"name":"wp","href":"https:\/\/api.w.org\/{rel}","templated":true}]}}