{"id":752,"date":"2020-04-22T14:01:34","date_gmt":"2020-04-22T12:01:34","guid":{"rendered":"https:\/\/www.magnolio.shop\/gx-assist-pb-assist-reinigen-wiederherstellen-gx-assist-pb-assist\/"},"modified":"2025-03-26T09:43:23","modified_gmt":"2025-03-26T08:43:23","slug":"doterra-gx-assist-si-pb-assist","status":"publish","type":"product","link":"https:\/\/www.magnolioworld.com\/green-ro\/doterra-gx-assist-si-pb-assist\/","title":{"rendered":"doTERRA GX Assist \u0219i PB Assist"},"content":{"rendered":"<p><strong>doTERRA GX Assist \u0219i PB Assist<\/strong> &#8211; Pentru o digestie optim\u0103.<\/p>\n<p>Ambele sunt dou\u0103 complexe care se bazeaz\u0103 unul pe cel\u0103lalt pentru a men\u021bine \u0219i restabili un tract digestiv intact.<\/p>\n<p><strong>doTERRA GX Assist<\/strong> este o combina\u021bie de uleiuri esen\u021biale certificate CPTG \u0219i acid caprilic. Sus\u021bine men\u021binerea unui tract digestiv s\u0103n\u0103tos. Administrarea GX Assist este o condi\u021bie prealabil\u0103 pentru to\u021bi pa\u0219ii urm\u0103tori \u00een vederea ob\u021binerii unui sistem digestiv puternic.<\/p>\n<p><strong>doTERRA PB Assist<\/strong> con\u021bine o formul\u0103 de fibre probiotice \u0219i \u0219ase tulpini de microorganisme probiotice \u00eentr-o capsul\u0103 unic\u0103 cu dou\u0103 camere pe baz\u0103 de plante. Con\u021bine 6 miliarde de unit\u0103\u021bi formatoare de colonii (UFC) de culturi probiotice active \u0219i FOS (fructo-oligozaharide) prebiotice solubile, care favorizeaz\u0103 dezvoltarea bacteriilor benefice. Eliberarea \u00eent\u00e2rziat\u0103 datorat\u0103 sistemului cu dou\u0103 camere protejeaz\u0103 culturile probiotice sensibile de acidul gastric. PB Assist+ ofer\u0103 o solu\u021bie unic\u0103, sigur\u0103 \u0219i eficient\u0103 pentru a utiliza beneficiile bine-cunoscute ale probioticelor \u00een beneficiul sistemului imunitar.<\/p>\n<p>Se recomand\u0103 s\u0103 efectua\u021bi o cur\u0103 de 10 zile cu GX Assist \u00eenainte de a utiliza amestecul probiotic PB Assist.<\/p>\n<p>Cu doTERRA GX Assist \u0219i PB Assist ave\u021bi tot ce v\u0103 trebuie pentru a v\u0103 sus\u021bine optim digestia.<\/p>\n<p><strong>Recomandare<\/strong><br \/>\nGX Assist &#8211; 1 softgel zilnic<br \/>\nPB Assist &#8211; 3 capsule pe zi cu mese  <br \/>\nAmestecul de cur\u0103\u021bare GX Assist este preg\u0103tirea optim\u0103 pentru administrarea ulterioar\u0103 a amestecului probiotic PB Assist.<\/p>\n<p><strong>Utilizare sigur\u0103<\/strong><br \/>\nA nu se p\u0103stra la \u00eendem\u00e2na copiilor. Ave\u021bi grij\u0103 s\u0103 nu dep\u0103\u0219i\u021bi doza zilnic\u0103 recomandat\u0103. V\u0103 rug\u0103m s\u0103 re\u021bine\u021bi c\u0103 suplimentele alimentare nu pot \u00eenlocui o diet\u0103 complet\u0103 \u0219i echilibrat\u0103 \u0219i un stil de via\u021b\u0103 s\u0103n\u0103tos. Femeile \u00eens\u0103rcinate \u0219i cele care al\u0103pteaz\u0103, precum \u0219i persoanele cu probleme de s\u0103n\u0103tate cunoscute trebuie s\u0103 solicite sfatul medicului \u00eenainte de a lua acest produs. A se p\u0103stra \u00eentr-un loc r\u0103coros \u0219i uscat. V\u0103 rug\u0103m s\u0103 re\u021bine\u021bi data limit\u0103 de consum (a se vedea partea de jos a sticlei).<\/p>\n","protected":false},"excerpt":{"rendered":"<h2 style=\"font-size: 28px;text-align: left\">Cur\u0103\u021bare \u0219i restaurare<\/h2>\n<p>doTERRA GX Assist \u0219i PB Assist &#8211; Ofer\u0103 tot ceea ce ave\u021bi nevoie pentru a v\u0103 sus\u021bine \u00een mod optim digestia. \u00cen timp ce GX Assist are un efect de cur\u0103\u021bare, PB Assist sus\u021bine dezvoltarea unei flore intestinale valoroase prin culturi probiotice.<\/p>\n","protected":false},"featured_media":4091,"template":"","meta":{"_et_pb_use_builder":"","_et_pb_old_content":"","_et_gb_content_width":""},"product_cat":[15,52,44,47,1943,1947,1989],"product_tag":[414,415],"_links":{"self":[{"href":"https:\/\/www.magnolioworld.com\/green-ro\/wp-json\/wp\/v2\/product\/752"}],"collection":[{"href":"https:\/\/www.magnolioworld.com\/green-ro\/wp-json\/wp\/v2\/product"}],"about":[{"href":"https:\/\/www.magnolioworld.com\/green-ro\/wp-json\/wp\/v2\/types\/product"}],"wp:featuredmedia":[{"embeddable":true,"href":"https:\/\/www.magnolioworld.com\/green-ro\/wp-json\/wp\/v2\/media\/4091"}],"wp:attachment":[{"href":"https:\/\/www.magnolioworld.com\/green-ro\/wp-json\/wp\/v2\/media?parent=752"}],"wp:term":[{"taxonomy":"product_cat","embeddable":true,"href":"https:\/\/www.magnolioworld.com\/green-ro\/wp-json\/wp\/v2\/product_cat?post=752"},{"taxonomy":"product_tag","embeddable":true,"href":"https:\/\/www.magnolioworld.com\/green-ro\/wp-json\/wp\/v2\/product_tag?post=752"}],"curies":[{"name":"wp","href":"https:\/\/api.w.org\/{rel}","templated":true}]}}