{"id":749,"date":"2020-04-22T14:01:34","date_gmt":"2020-04-22T12:01:34","guid":{"rendered":"https:\/\/www.magnolio.shop\/trio-fuer-anfaenger-15ml-trio-fuer-anfaenger-15ml\/"},"modified":"2025-08-27T16:49:44","modified_gmt":"2025-08-27T14:49:44","slug":"doterra-beginners-trio","status":"publish","type":"product","link":"https:\/\/www.magnolioworld.com\/green-ro\/doterra-beginners-trio\/","title":{"rendered":"doTERRA Beginners Trio"},"content":{"rendered":"<p><strong>doTERRA Beginners Trio<\/strong> &#8211; Pentru \u00eencep\u0103tori este setul ideal pentru \u00eencep\u0103tori. Este un mod simplu, dar bine fundamentat de a intra \u00een lumea uleiurilor.<\/p>\n<p>Cu uleiurile esen\u021biale de lev\u0103n\u021bic\u0103, l\u0103m\u00e2ie \u0219i ment\u0103 din <strong>doTERRA Beginners Trio<\/strong>, ave\u021bi o baz\u0103 de mare eficien\u021b\u0103 pentru diferite afec\u021biuni. Uleiurile pot fi folosite \u00een arom\u0103 sau aplicate direct pe piele. Cu 1-2 pic\u0103turi de l\u0103m\u00e2ie, apa de b\u0103ut poate fi \u0219i ea minunat aromat\u0103 \u0219i organismul detoxificat \u00een acela\u0219i timp.<\/p>\n<p>Cu doar c\u00e2teva pic\u0103turi din aceste amestecuri parfumate, complexe \u0219i naturale, pute\u021bi evoca r\u0103spunsuri emo\u021bionale profunde pentru a v\u0103 elibera de stres, pentru a g\u0103si alinare \u0219i \u00eencurajare sau pentru a v\u0103 inspira s\u0103 visa\u021bi din nou cu pasiune.<\/p>\n<p>Aceast\u0103 combina\u021bie, \u00een special, v\u0103 ofer\u0103 oportunitatea ideal\u0103 de a traversa anotimpurile f\u0103r\u0103 griji \u0219i ofer\u0103, de asemenea, un sprijin optim pentru \u00eenv\u0103\u021bare.<\/p>\n<p>Un cadou ideal pentru \u00eencep\u0103torii \u00een domeniul uleiului sau ca o completare parfumat\u0103.<\/p>\n<p><strong>Recomandare<\/strong><br \/>\nRe\u021bine\u021bi recomand\u0103rile pentru fiecare produs \u00een parte.<\/p>\n<p><strong>Utilizare sigur\u0103<br \/>\n<\/strong>Respecta\u021bi instruc\u021biunile pentru fiecare produs \u00een parte.<\/p>\n","protected":false},"excerpt":{"rendered":"<h2 style=\"font-size: 28px;\">Trio pentru \u00eencep\u0103tori<\/h2>\n<p style=\"font-size: 28px; color: #e20000; font-weight: bold;\">Salva\u021bi 32 %<\/p>\n<p>doTERRA Beginners Trio &#8211; Pentru \u00eencep\u0103tori este setul ideal pentru \u00eencep\u0103tori. Este un mod simplu, dar bine fundamentat de a intra \u00een lumea uleiurilor. Acesta con\u021bine cele mai frecvent utilizate uleiuri esen\u021biale, cum ar fi l\u0103m\u00e2ia, lavanda \u0219i menta.<\/p>\n","protected":false},"featured_media":4088,"template":"","meta":{"_et_pb_use_builder":"","_et_pb_old_content":"","_et_gb_content_width":""},"product_cat":[15,1921,36,37,46,1957],"product_tag":[411],"_links":{"self":[{"href":"https:\/\/www.magnolioworld.com\/green-ro\/wp-json\/wp\/v2\/product\/749"}],"collection":[{"href":"https:\/\/www.magnolioworld.com\/green-ro\/wp-json\/wp\/v2\/product"}],"about":[{"href":"https:\/\/www.magnolioworld.com\/green-ro\/wp-json\/wp\/v2\/types\/product"}],"wp:featuredmedia":[{"embeddable":true,"href":"https:\/\/www.magnolioworld.com\/green-ro\/wp-json\/wp\/v2\/media\/4088"}],"wp:attachment":[{"href":"https:\/\/www.magnolioworld.com\/green-ro\/wp-json\/wp\/v2\/media?parent=749"}],"wp:term":[{"taxonomy":"product_cat","embeddable":true,"href":"https:\/\/www.magnolioworld.com\/green-ro\/wp-json\/wp\/v2\/product_cat?post=749"},{"taxonomy":"product_tag","embeddable":true,"href":"https:\/\/www.magnolioworld.com\/green-ro\/wp-json\/wp\/v2\/product_tag?post=749"}],"curies":[{"name":"wp","href":"https:\/\/api.w.org\/{rel}","templated":true}]}}