{"id":743,"date":"2020-04-22T14:01:33","date_gmt":"2020-04-22T12:01:33","guid":{"rendered":"https:\/\/www.magnolio.shop\/cleanse-restore-kit-with-llv-deu-cleanse-restore-kit-with-llv-deu\/"},"modified":"2025-09-02T12:43:28","modified_gmt":"2025-09-02T10:43:28","slug":"doterra-cleanse-and-restore-kit","status":"publish","type":"product","link":"https:\/\/www.magnolioworld.com\/green-ro\/doterra-cleanse-and-restore-kit\/","title":{"rendered":"doTERRA Cleanse and Restore Kit"},"content":{"rendered":"<p><strong>doTERRA Cleanse and Restore Kit<\/strong> &#8211; Pachetul ideal de detoxifiere \u0219i re\u00eennoire<\/p>\n<p>Acest kit asigur\u0103 s\u0103n\u0103tatea \u0219i ajut\u0103 la revenirea acesteia pe drumul cel bun. Con\u021bine produse selec\u021bionate care sprijin\u0103 organismul \u00een restabilirea func\u021biilor vitale ale corpului \u0219i au efecte preventive.<\/p>\n<p><span style=\"text-decoration: underline;\"><strong>doTERRA Cleanse and Restore Kit<\/strong> con\u021bine urm\u0103toarele produse:<\/span><br \/>\n<span style=\"color: #000000;\"><a class=\"item product-whats-inside__info-list-item active\" style=\"color: #000000;\" data-js-wi-tab=\"\" data-target=\"#tab1\">DDR Prime Softgels &#8211; Re\u00eennoire celular\u0103<br \/>\n<\/a> <a class=\"item product-whats-inside__info-list-item\" style=\"color: #000000;\" data-js-wi-tab=\"\" data-target=\"#tab2\"> ZenGest <\/a><\/span><a class=\"item product-whats-inside__info-list-item\" style=\"color: #000000;\" data-js-wi-tab=\"\" data-target=\"#tab2\">GX Assist\u2122 &#8211; Cur\u0103\u021barea stomacului \u0219i a intestinelor<\/a><span style=\"color: #000000;\"><a class=\"item product-whats-inside__info-list-item\" style=\"color: #000000;\" data-js-wi-tab=\"\" data-target=\"#tab2\"><br \/>\n<\/a><a class=\"item product-whats-inside__info-list-item\" style=\"color: #000000;\" data-js-wi-tab=\"\" data-target=\"#tab3\">d\u014dTERRA Lifelong Vitality Pack\u2122- <\/a><a class=\"item product-whats-inside__info-list-item\" data-js-wi-tab=\"\" data-target=\"#tab2\"> <span style=\"color: #000000;\">Supliment alimentar<\/span> <\/a><a class=\"item product-whats-inside__info-list-item\" style=\"color: #000000;\" data-js-wi-tab=\"\" data-target=\"#tab3\"><br \/>\n<\/a> <a class=\"item product-whats-inside__info-list-item\" style=\"color: #000000;\" data-js-wi-tab=\"\" data-target=\"#tab4\"> Zengest\u2122 PB Assist\u2122- Probiotice<br \/>\n<\/a> <a class=\"item product-whats-inside__info-list-item\" style=\"color: #000000;\" data-js-wi-tab=\"\" data-target=\"#tab5\"> ZenGest TerraZyme\u2122 <\/a> <a class=\"item product-whats-inside__info-list-item\" style=\"color: #000000;\" data-js-wi-tab=\"\" data-target=\"#tab6\"> &#8211; Enzime digestive<br \/>\nZendocrine\u2122 Softgels <\/a> <a class=\"item product-whats-inside__info-list-item\" style=\"color: #000000;\" data-js-wi-tab=\"\" data-target=\"#tab7\"> &#8211; Detoxifiere \u0219i suport hepatic \u0219i intestinal<br \/>\nZenGest\u2122 Softgels <\/a> <a class=\"item product-whats-inside__info-list-item\" style=\"color: #000000;\" data-js-wi-tab=\"\" data-target=\"#tab8\"> &#8211; Suport digestiv<br \/>\nBro\u0219ura d\u014dTERRA Essentials <\/p>\n<p><\/a><\/span>Un pachet complet de bine pentru organism, care se utilizeaz\u0103 cel mai bine \u00een cadrul unei cure de detoxifiere de dou\u0103 ori pe an (de exemplu, prim\u0103vara \u0219i toamna).<\/p>\n<p><strong>Recomandare<\/strong><br \/>\nRe\u021bine\u021bi recomand\u0103rile pentru fiecare produs \u00een parte.<\/p>\n<p><strong>Utilizare sigur\u0103<br \/>\n<\/strong>Respecta\u021bi instruc\u021biunile pentru fiecare produs \u00een parte.<\/p>\n<div class=\"notranslate\">\u00a0<\/div>\n","protected":false},"excerpt":{"rendered":"<h2 style=\"font-size: 28px;\">Pachet de detoxifiere \u0219i re\u00eennoire<\/h2>\n<p><span style=\"font-size: 28px; color: #e20000; font-weight: bold;\">Salva\u021bi 26 %<\/span><\/p>\n<p><strong>doTERRA Cleanse and Restore Kit<\/strong> &#8211; Este pachetul ideal de detoxifiere \u0219i re\u00eennoire. Pentru un efect de binefacere general\u0103 pentru corp \u0219i minte.<\/p>\n","protected":false},"featured_media":4452,"template":"","meta":{"_et_pb_use_builder":"","_et_pb_old_content":"","_et_gb_content_width":""},"product_cat":[15,49,44,1944],"product_tag":[405],"_links":{"self":[{"href":"https:\/\/www.magnolioworld.com\/green-ro\/wp-json\/wp\/v2\/product\/743"}],"collection":[{"href":"https:\/\/www.magnolioworld.com\/green-ro\/wp-json\/wp\/v2\/product"}],"about":[{"href":"https:\/\/www.magnolioworld.com\/green-ro\/wp-json\/wp\/v2\/types\/product"}],"wp:featuredmedia":[{"embeddable":true,"href":"https:\/\/www.magnolioworld.com\/green-ro\/wp-json\/wp\/v2\/media\/4452"}],"wp:attachment":[{"href":"https:\/\/www.magnolioworld.com\/green-ro\/wp-json\/wp\/v2\/media?parent=743"}],"wp:term":[{"taxonomy":"product_cat","embeddable":true,"href":"https:\/\/www.magnolioworld.com\/green-ro\/wp-json\/wp\/v2\/product_cat?post=743"},{"taxonomy":"product_tag","embeddable":true,"href":"https:\/\/www.magnolioworld.com\/green-ro\/wp-json\/wp\/v2\/product_tag?post=743"}],"curies":[{"name":"wp","href":"https:\/\/api.w.org\/{rel}","templated":true}]}}