{"id":741,"date":"2020-04-22T14:01:33","date_gmt":"2020-04-22T12:01:33","guid":{"rendered":"https:\/\/www.magnolio.shop\/natural-solutions-kit-deu-premium-paket\/"},"modified":"2025-09-02T12:43:37","modified_gmt":"2025-09-02T10:43:37","slug":"doterra-natural-solutions-kit","status":"publish","type":"product","link":"https:\/\/www.magnolioworld.com\/green-ro\/doterra-natural-solutions-kit\/","title":{"rendered":"doTERRA Natural Solutions Kit"},"content":{"rendered":"<p><strong>doTERRA Natural Solutions Kit-<\/strong> Kitul ideal de ini\u021biere \u00een lumea uleiurilor doTERRA, a produselor de \u00eengrijire corporal\u0103 \u0219i a suplimentelor nutritive.<\/p>\n<p>Cur\u0103\u021ba\u021bi-v\u0103 din temelii cu pachetul Lifelong Vitality \u0219i PB Assist, folosi\u021bi produsele doTERRA pentru \u00eengrijirea p\u0103rului, cur\u0103\u021ba\u021bi-v\u0103 din\u021bii \u0219i pielea cu produse unice din natur\u0103 \u00een acest kit doTERRA Natural Solutions.<br \/>\nAcesta este format din urm\u0103toarele componente:<\/p>\n<p>Cuprins:<br \/>\nUleiuri simple (15 ml): <br \/>\n1x t\u0103m\u00e2ie<br \/>\n1x lavanda<br \/>\n1x l\u0103m\u00e2ie<br \/>\n1x arbore de ceai<br \/>\n1x ment\u0103<br \/>\n1x Wild Orange<\/p>\n<p>Amestecuri (15 ml):<br \/>\n1x doTERRA Air<br \/>\n1x doTERRA AromaTouch<br \/>\n1x doTERRA Balance<br \/>\n1x doTERRA OnGuard<br \/>\n1x doTERRA Serenity<br \/>\n1x doTERRA ZenGest <\/p>\n<p>Amestecuri (10 ml):<br \/>\n1x doTERRA PastTense<\/p>\n<p>Colec\u021bia On Guard: <br \/>\n1x Pe margele de gard\u0103<br \/>\n1x On Guard hand wash cu dou\u0103 dozatoare<br \/>\n1x On Guard Softgels<br \/>\n1x Past\u0103 de din\u021bi On Guard <\/p>\n<p>Alte produse:<br \/>\n1x doTERRA Air Vapour Stick<br \/>\n1x Correct-X<br \/>\n1x ZenGest TerraZyme<br \/>\n1x unguent Deep Blue<br \/>\n1x ulei de cocos frac\u021bionat<br \/>\n1x Difuzor Lumo<br \/>\n1x PB Assist+<br \/>\n1x Salon Essentials \u0218ampon de protec\u021bie<br \/>\n1x Salon Essentials Smoothing Conditioner<br \/>\n1x Pachet de vitalitate pe tot parcursul vie\u021bii<br \/>\n1x carte de bun venit<br \/>\n1x cutie de lemn pentru uleiuri<\/p>\n<p>Intra\u021bi \u00een lumea doTERRA Natural Solutions Kit.<\/p>\n<p><strong>Recomandare<\/strong><br \/>\nRe\u021bine\u021bi recomand\u0103rile pentru fiecare produs \u00een parte.<\/p>\n<p><strong>Utilizare sigur\u0103<br \/>\n<\/strong>Respecta\u021bi instruc\u021biunile pentru fiecare produs \u00een parte.<\/p>\n","protected":false},"excerpt":{"rendered":"<h2 style=\"font-size: 28px;\">Pachet Premium<\/h2>\n<p><span style=\"font-size: 28px; color: #e20000; font-weight: bold;\">Economisi\u021bi 39 %<\/span><\/p>\n<p><strong>doTERRA Natural Solutions Kit<\/strong> &#8211; Este o modalitate versatil\u0103 de a intra \u00een lumea uleiurilor esen\u021biale. Cele mai importante uleiuri \u0219i amestecuri de uleiuri sunt incluse \u00een acest kit, precum \u0219i produse importante pentru \u00eengrijirea intern\u0103 \u0219i extern\u0103 a corpului.<\/p>\n","protected":false},"featured_media":4447,"template":"","meta":{"_et_pb_use_builder":"","_et_pb_old_content":"","_et_gb_content_width":""},"product_cat":[15,49],"product_tag":[401,402],"_links":{"self":[{"href":"https:\/\/www.magnolioworld.com\/green-ro\/wp-json\/wp\/v2\/product\/741"}],"collection":[{"href":"https:\/\/www.magnolioworld.com\/green-ro\/wp-json\/wp\/v2\/product"}],"about":[{"href":"https:\/\/www.magnolioworld.com\/green-ro\/wp-json\/wp\/v2\/types\/product"}],"wp:featuredmedia":[{"embeddable":true,"href":"https:\/\/www.magnolioworld.com\/green-ro\/wp-json\/wp\/v2\/media\/4447"}],"wp:attachment":[{"href":"https:\/\/www.magnolioworld.com\/green-ro\/wp-json\/wp\/v2\/media?parent=741"}],"wp:term":[{"taxonomy":"product_cat","embeddable":true,"href":"https:\/\/www.magnolioworld.com\/green-ro\/wp-json\/wp\/v2\/product_cat?post=741"},{"taxonomy":"product_tag","embeddable":true,"href":"https:\/\/www.magnolioworld.com\/green-ro\/wp-json\/wp\/v2\/product_tag?post=741"}],"curies":[{"name":"wp","href":"https:\/\/api.w.org\/{rel}","templated":true}]}}