{"id":740,"date":"2020-04-22T14:01:33","date_gmt":"2020-04-22T12:01:33","guid":{"rendered":"https:\/\/www.magnolio.shop\/aromatouch-diffused-kit-deu-aromatouch-diffused-kit-deu\/"},"modified":"2025-09-02T12:43:52","modified_gmt":"2025-09-02T10:43:52","slug":"doterra-aromatouch-diffused-kit","status":"publish","type":"product","link":"https:\/\/www.magnolioworld.com\/green-ro\/doterra-aromatouch-diffused-kit\/","title":{"rendered":"doTERRA AromaTouch Diffused Kit"},"content":{"rendered":"<p><strong>doTERRA AromaTouch Diffused Kit<\/strong> &#8211; Un mod simplu, dar bine fundamentat de a intra \u00een lumea minunatei tehnologii AromaTouch, special dezvoltat\u0103 de doTERRA. <\/p>\n<p>Diferite uleiuri esen\u021biale cu eficacitate ridicat\u0103 pot fi utilizate individual sau \u00een combina\u021bie. Uleiurile pot fi folosite \u00een arom\u0103 sau aplicate direct pe piele. De asemenea, acestea \u00ee\u0219i pot dezvolta \u00eentregul efect emo\u021bional \u00een difuzor.<\/p>\n<p>Pe l\u00e2ng\u0103 cele 8 (5 ml) uleiuri relaxante, regeneratoare \u0219i r\u0103coritoare, ve\u021bi primi \u0219i ulei de cocos ca ulei suport hr\u0103nitor pentru tratament. \u00cen plus, difuzorul de petale, silen\u021bios \u0219i elegant, este inclus pentru acompaniament aromatic.<\/p>\n<p>Aceast\u0103 tehnic\u0103 Aromatouch, dezvoltat\u0103 special de doTERRA, este o modalitate minunat\u0103 de a atenua stresul cronic \u0219i de a ob\u021bine un echilibru mental \u0219i fizic optim.<\/p>\n<p>Aplicarea are loc \u00een 4 etape succesive:<\/p>\n<p>1. Echilibrarea stresului: Cu amestecul de uleiuri de \u00eemp\u0103m\u00e2ntare doTERRA Balance \u0219i ulei de lavand\u0103.<br \/>\n2. \u00eent\u0103rirea sistemului imunitar: Cu ulei de arbore de ceai \u0219i amestecul protector doTERRA On Guard.<br \/>\n3. echilibreaz\u0103 procesele inflamatorii: Cu ajutorul amestecului de masaj Aromatouch \u0219i al amestecului lini\u0219titor Deep Blue.<br \/>\n4. homeostazia (echilibru fizic \u0219i psihic) \u0219i \u00eemprosp\u0103tarea: cu uleiuri de portocal\u0103 s\u0103lbatic\u0103 \u0219i ment\u0103.<\/p>\n<p>Cu doar c\u00e2teva pic\u0103turi din aceste amestecuri naturale complexe \u0219i parfumate din doTERRA AromaTouch Diffused Kit, pute\u021bi evoca r\u0103spunsuri emo\u021bionale \u0219i fizice profund lini\u0219titoare. V\u0103 pute\u021bi elibera de poveri, pute\u021bi g\u0103si alinare \u0219i \u00eencurajare, v\u0103 pute\u021bi inspira sau visa din nou cu pasiune.<\/p>\n<div class=\"flex flex-grow flex-col gap-3 max-w-full\">\n<div class=\"min-h-[20px] flex flex-col items-start gap-3 whitespace-pre-wrap break-words overflow-x-auto\">\n<div class=\"markdown prose w-full break-words dark:prose-invert dark\">\n<p><strong>doTERRA AromaTouch Diffused Kit<\/strong> &#8211; Un \u00eenceput ideal \u00een lumea fascinant\u0103 a tehnologiei AromaTouch sau pentru aplica\u021bii profesionale \u00een spa. <\/p>\n<p>Kitul de formare Aromatouch cu curs de certificare de la inventatorul Aromatouch, Dr. Hill, este ideal pentru \u00eencep\u0103tori \u00een utilizarea tehnicii Aromatouch. Acesta con\u021bine 15 ml de uleiuri \u0219i amestecuri de uleiuri.<\/p>\n<p>De asemenea, este nou \u0219i kitul de reumplere Aromatouch pentru a reumple produsul Aromatouch.<\/p>\n<p>De asemenea, ideal ca un cadou valoros.<\/p>\n<\/div>\n<\/div>\n<\/div>\n<p>Kit doTERRA AromaTouch Diffused Kit &#8211; startul ideal \u00een lumea fascinant\u0103 a uleiurilor &#8211; practic cu difuzor suplimentar.<\/p>\n<p><strong>Recomandare<\/strong><br \/>\nRe\u021bine\u021bi recomand\u0103rile pentru fiecare produs \u00een parte.<\/p>\n<p><strong>Utilizare sigur\u0103<br \/>\n<\/strong>Respecta\u021bi instruc\u021biunile pentru fiecare produs \u00een parte.<\/p>\n","protected":false},"excerpt":{"rendered":"<h2 style=\"font-size: 28px;\">Pachet Aromatouch cu difuzor<\/h2>\n<p><span style=\"font-size: 28px; color: #e20000; font-weight: bold;\">Salva\u021bi 26 %<\/span><\/p>\n<p><strong>doTERRA AromaTouch Diffused Kit<\/strong> &#8211; Un mod simplu, dar bine fundamentat de a intra \u00een lumea minunatei tehnologii AromaTouch, special dezvoltat\u0103 de doTERRA.<\/p>\n","protected":false},"featured_media":4453,"template":"","meta":{"_et_pb_use_builder":"","_et_pb_old_content":"","_et_gb_content_width":""},"product_cat":[15,49],"product_tag":[400],"_links":{"self":[{"href":"https:\/\/www.magnolioworld.com\/green-ro\/wp-json\/wp\/v2\/product\/740"}],"collection":[{"href":"https:\/\/www.magnolioworld.com\/green-ro\/wp-json\/wp\/v2\/product"}],"about":[{"href":"https:\/\/www.magnolioworld.com\/green-ro\/wp-json\/wp\/v2\/types\/product"}],"wp:featuredmedia":[{"embeddable":true,"href":"https:\/\/www.magnolioworld.com\/green-ro\/wp-json\/wp\/v2\/media\/4453"}],"wp:attachment":[{"href":"https:\/\/www.magnolioworld.com\/green-ro\/wp-json\/wp\/v2\/media?parent=740"}],"wp:term":[{"taxonomy":"product_cat","embeddable":true,"href":"https:\/\/www.magnolioworld.com\/green-ro\/wp-json\/wp\/v2\/product_cat?post=740"},{"taxonomy":"product_tag","embeddable":true,"href":"https:\/\/www.magnolioworld.com\/green-ro\/wp-json\/wp\/v2\/product_tag?post=740"}],"curies":[{"name":"wp","href":"https:\/\/api.w.org\/{rel}","templated":true}]}}