{"id":736,"date":"2020-04-22T14:01:31","date_gmt":"2020-04-22T12:01:31","guid":{"rendered":"https:\/\/www.magnolio.shop\/zengest-softgels-zengest-softgels-verdauungsmischung\/"},"modified":"2026-01-09T13:13:17","modified_gmt":"2026-01-09T12:13:17","slug":"doterra-zengest-softgels","status":"publish","type":"product","link":"https:\/\/www.magnolioworld.com\/green-ro\/doterra-zengest-softgels\/","title":{"rendered":"doTERRA ZenGest Softgels"},"content":{"rendered":"<p><strong>doTERRA ZenGest<\/strong> <strong>Softgels<\/strong> &#8211; Uleiul Digestiei &#8211; V\u0103 ajut\u0103 s\u0103 digera\u021bi mai bine via\u021ba at\u00e2t fizic c\u00e2t \u0219i mental. Aici ca o capsul\u0103 moale pentru o ingestie convenabil\u0103.<\/p>\n<p>Amestecul digestiv de uleiuri doTERRA de \u00eenalt\u0103 calitate con\u021bine uleiuri esen\u021biale de sus\u021binere a digestiei: ghimbir, ment\u0103, chimen, anason stelar, coriandru, tarhon \u0219i fenicul.<\/p>\n<ul>\n<li>Uleiul de ghimbir se extrage din rizom \u0219i din r\u0103d\u0103cin\u0103. Promoveaz\u0103 activitatea gastric\u0103, ajut\u0103 la ameliorarea st\u0103rii de grea\u021b\u0103 \u0219i creeaz\u0103 o c\u0103ldur\u0103 confortabil\u0103 \u00een tot corpul.<\/li>\n<li>Uleiul de ment\u0103 este extras din plant\u0103 \u0219i ajut\u0103 la stimularea digestiei. Favorizeaz\u0103 reducerea st\u0103rilor de grea\u021b\u0103 \u0219i a acumul\u0103rii de gaze \u00een zona digestiv\u0103. De asemenea, este minunat de r\u0103coritoare.<\/li>\n<li>Uleiul de anason extras din semin\u021be \u00eent\u0103re\u0219te \u00eentregul sistem digestiv, favorizeaz\u0103 relaxarea \u0219i reduce senza\u021bia de sa\u021bietate.<\/li>\n<li>Semin\u021bele de chimen ajut\u0103 la stimularea tractului gastro-intestinal \u0219i la cre\u0219terea poftei de m\u00e2ncare.<\/li>\n<li>Semin\u021bele de coriandru favorizeaz\u0103 digestia, regleaz\u0103 pofta de m\u00e2ncare \u0219i, prin urmare, sunt folosite \u00een multe moduri diferite \u00een buc\u0103t\u0103rie.<\/li>\n<li>Uleiul de tarhon din plante are propriet\u0103\u021bi calmante \u0219i ajut\u0103 \u00een cazul tulbur\u0103rilor digestive legate de stres.<\/li>\n<li>Semin\u021bele de ulei de fenicul \u00eent\u0103resc stomacul, reduc foamea, reduc balonarea \u0219i ajut\u0103 la indigestie.<\/li>\n<\/ul>\n<p>\n\u00cen plus, fiecare ulei \u0219i fiecare amestec de uleiuri are \u00een mod natural \u0219i un efect emo\u021bional. Amestecul digestiv <strong>doTERRA ZenGest<\/strong> ajut\u0103 la o mai bun\u0103 digestie a stresului, a furiei \u0219i a problemelor. De asemenea, poate ajuta la dep\u0103\u0219irea oboselii \u0219i a oboselii \u0219i la \u00eenviorarea st\u0103rii de spirit: Acest lucru este cu at\u00e2t mai important cu c\u00e2t intestinul are o importan\u021b\u0103 fundamental\u0103 pentru bun\u0103starea trupului, a min\u021bii \u0219i a sufletului.<\/p>\n<p>Persoanele care c\u0103l\u0103toresc mult vor aprecia gelurile moi ZenGest, care ofer\u0103 rapid o u\u0219urare \u0219i \u00eembun\u0103t\u0103\u021besc starea de bine. De asemenea, au un puternic efect calmant datorit\u0103 uleiurilor de \u00eenalt\u0103 calitate. Acest lucru \u00eenseamn\u0103 c\u0103 doTERRA ZenGest Softgels poate fi folosit de asemenea minunat ca tratament preventiv sau acut pentru schimb\u0103rile de dispozi\u021bie \u00een timpul c\u0103l\u0103toriilor. De asemenea, este deosebit de util atunci c\u00e2nd v\u0103 schimba\u021bi dieta \u00een \u021b\u0103ri \u00eendep\u0103rtate. ZenGest Touch gata de utilizare este ideal pentru aplicarea local\u0103, \u00een special \u00een timpul c\u0103l\u0103toriilor.<br \/>\nDoTERRA <strong>ZenGest softgels<\/strong> con\u021bin 120 mg de ulei doTERRA ZenGest.<\/p>\n<p><strong>Recomandare<br \/>\n<\/strong>Intern: se administreaz\u0103 1 capsul\u0103 moale pe zi. V\u0103 rug\u0103m s\u0103 respecta\u021bi toate precau\u021biile \u0219i avertismentele \u00eenainte de utilizare.<\/p>\n<p><strong>Utilizare sigur\u0103<\/strong><br \/>\nNu dep\u0103\u0219i\u021bi doza zilnic\u0103 recomandat\u0103. A nu se p\u0103stra la \u00eendem\u00e2na copiilor. De\u0219i suplimentele alimentare sunt un plus excelent pentru dieta dumneavoastr\u0103, ele nu pot \u00eenlocui o diet\u0103 variat\u0103 \u0219i echilibrat\u0103 \u0219i un stil de via\u021b\u0103 s\u0103n\u0103tos. Se p\u0103streaz\u0103 \u00eentr-un loc r\u0103coros.<\/p>\n","protected":false},"excerpt":{"rendered":"<h2 style=\"font-size: 28px\">Capsule digestive<\/h2>\n<p>doTERRA ZenGest Softgels &#8211; sus\u021bine digestia \u00eentr-un mod natural dovedit. Sunt, de asemenea, foarte recomandate \u00een cazul intoleran\u021belor \u00een timpul c\u0103l\u0103toriilor \u0219i dup\u0103 o mas\u0103 mare.<\/p>\n","protected":false},"featured_media":4056,"template":"","meta":{"_et_pb_use_builder":"","_et_pb_old_content":"","_et_gb_content_width":""},"product_cat":[15,52,47,1987,1988],"product_tag":[387,388],"_links":{"self":[{"href":"https:\/\/www.magnolioworld.com\/green-ro\/wp-json\/wp\/v2\/product\/736"}],"collection":[{"href":"https:\/\/www.magnolioworld.com\/green-ro\/wp-json\/wp\/v2\/product"}],"about":[{"href":"https:\/\/www.magnolioworld.com\/green-ro\/wp-json\/wp\/v2\/types\/product"}],"wp:featuredmedia":[{"embeddable":true,"href":"https:\/\/www.magnolioworld.com\/green-ro\/wp-json\/wp\/v2\/media\/4056"}],"wp:attachment":[{"href":"https:\/\/www.magnolioworld.com\/green-ro\/wp-json\/wp\/v2\/media?parent=736"}],"wp:term":[{"taxonomy":"product_cat","embeddable":true,"href":"https:\/\/www.magnolioworld.com\/green-ro\/wp-json\/wp\/v2\/product_cat?post=736"},{"taxonomy":"product_tag","embeddable":true,"href":"https:\/\/www.magnolioworld.com\/green-ro\/wp-json\/wp\/v2\/product_tag?post=736"}],"curies":[{"name":"wp","href":"https:\/\/api.w.org\/{rel}","templated":true}]}}