{"id":735,"date":"2020-04-22T14:01:31","date_gmt":"2020-04-22T12:01:31","guid":{"rendered":"https:\/\/www.magnolio.shop\/zengest-zengest-verdauungsmischung\/"},"modified":"2026-03-02T16:48:41","modified_gmt":"2026-03-02T15:48:41","slug":"doterra-zengest","status":"publish","type":"product","link":"https:\/\/www.magnolioworld.com\/green-ro\/doterra-zengest\/","title":{"rendered":"doTERRA ZenGest"},"content":{"rendered":"<p> <strong> doTERRA ZenGest<\/strong> &#8211; Uleiul digestiei &#8211; V\u0103 ajut\u0103 s\u0103 digera\u021bi mai bine via\u021ba din punct de vedere fizic \u0219i psihic.<\/p>\n<p>Amestecul digestiv de uleiuri doTERRA de \u00eenalt\u0103 calitate con\u021bine uleiuri esen\u021biale de sus\u021binere a digestiei: ghimbir, ment\u0103, chimen, anason stelar, coriandru, tarhon \u0219i fenicul.<\/p>\n<ul>\n<li>Uleiul de ghimbir se extrage din rizom \u0219i din r\u0103d\u0103cin\u0103. Stimuleaz\u0103 activitatea gastric\u0103, ajut\u0103 la ameliorarea st\u0103rii de grea\u021b\u0103 \u0219i creeaz\u0103 o c\u0103ldur\u0103 confortabil\u0103 \u00een tot corpul.<\/li>\n<li>Uleiul de ment\u0103 este extras din plant\u0103 \u0219i ajut\u0103 la stimularea digestiei. Favorizeaz\u0103 reducerea st\u0103rilor de grea\u021b\u0103 \u0219i a acumul\u0103rii de gaze \u00een zona digestiv\u0103. De asemenea, este minunat de r\u0103coritoare.<\/li>\n<li>Uleiul de anason extras din semin\u021be \u00eent\u0103re\u0219te \u00eentregul sistem digestiv, favorizeaz\u0103 relaxarea \u0219i reduce senza\u021bia de sa\u021bietate.<\/li>\n<li>Semin\u021bele de chimen ajut\u0103 la stimularea tractului gastro-intestinal \u0219i la cre\u0219terea poftei de m\u00e2ncare.<\/li>\n<li>Semin\u021bele de coriandru favorizeaz\u0103 digestia, regleaz\u0103 pofta de m\u00e2ncare \u0219i, prin urmare, sunt folosite \u00een multe moduri diferite \u00een buc\u0103t\u0103rie.<\/li>\n<li>Uleiul de tarhon din plante are propriet\u0103\u021bi calmante \u0219i ajut\u0103 \u00een cazul tulbur\u0103rilor digestive legate de stres.<\/li>\n<li>Semin\u021bele de ulei de fenicul \u00eent\u0103resc stomacul, reduc foamea \u0219i ajut\u0103 la indigestie.<\/li>\n<\/ul>\n<p>\n\u00cen plus, fiecare ulei \u0219i fiecare amestec de uleiuri are \u00een mod natural \u0219i un efect emo\u021bional. Amestecul digestiv <strong>doTERRA ZenGest<\/strong> ajut\u0103 la o mai bun\u0103 digestie a stresului, a furiei \u0219i a problemelor. De asemenea, poate ajuta la dep\u0103\u0219irea oboselii \u0219i a oboselii \u0219i la \u00eenviorarea st\u0103rii de spirit: Acest lucru este cu at\u00e2t mai important cu c\u00e2t intestinul are o importan\u021b\u0103 fundamental\u0103 pentru bun\u0103starea trupului, a min\u021bii \u0219i a sufletului.<\/p>\n<p>Amestecul digestiv poate fi folosit intern cu 1-2 pic\u0103turi \u00eentr-un pahar de ap\u0103 sau frecat direct \u00een zona gastrointestinal\u0103 \u00een sensul acelor de ceasornic diluat cu ulei de cocos frac\u021bionat.  <\/p>\n<p>Cei care se afl\u0103 adesea \u00een mi\u0219care vor aprecia gelurile moi ZenGest, care ofer\u0103 rapid u\u0219urare \u0219i \u00eembun\u0103t\u0103\u021besc starea de bine. De asemenea, au un puternic efect calmant datorit\u0103 uleiurilor de \u00eenalt\u0103 calitate. Acest lucru \u00eenseamn\u0103 c\u0103 doTERRA ZenGest Softgels poate fi folosit de asemenea minunat ca tratament preventiv sau acut pentru schimb\u0103rile de dispozi\u021bie \u00een timpul c\u0103l\u0103toriilor. De asemenea, este deosebit de util atunci c\u00e2nd v\u0103 schimba\u021bi dieta \u00een \u021b\u0103ri \u00eendep\u0103rtate. ZenGest Touch gata de utilizare este ideal pentru aplicarea local\u0103, \u00een special \u00een timpul c\u0103l\u0103toriilor.<\/p>\n<p><strong>Recomandare<br \/>\n<\/strong>Intern: Dac\u0103 este necesar, be\u021bi 1 pic\u0103tur\u0103 de doTERRA ZenGest \u00een 125 ml de ap\u0103. Ideal dup\u0103 o mas\u0103 copioas\u0103 sau \u00een caz de grea\u021b\u0103. Poate fi folosit \u0219i pentru ameliorarea problemelor de stomac. Este, de asemenea, minunat de potrivit ca \u00eenso\u021bitor de c\u0103l\u0103torie pentru prevenirea afec\u021biunilor de c\u0103l\u0103torie sau acut.  <br \/>\nSus\u021bine\u021bi efectul prin frecarea a 1-2 pic\u0103turi de ulei \u00een sensul acelor de ceasornic pe stomac.  <\/p>\n<p><strong>Utilizare sigur\u0103<\/strong><br \/>\nPoate provoca irita\u021bii ale pielii. A nu se p\u0103stra la \u00eendem\u00e2na copiilor. Dac\u0103 sunte\u021bi \u00eens\u0103rcinat\u0103 sau urma\u021bi un tratament medical, v\u0103 rug\u0103m s\u0103 v\u0103 adresa\u021bi medicului dumneavoastr\u0103. Evita\u021bi contactul cu ochii, urechile interne, fa\u021ba, zonele sensibile \u0219i membranele mucoase. Pentru aplicarea local\u0103, dilua\u021bi uleiul cu un ulei purt\u0103tor (de exemplu, ulei de cocos frac\u021bionat).<\/p>\n","protected":false},"excerpt":{"rendered":"<h2 style=\"font-size: 28px\">Amestec digestiv<\/h2>\n<p>doTERRA ZenGest &#8211; Sus\u021bine digestia \u00eentr-un mod natural dovedit. De asemenea, foarte recomandat \u00een timpul c\u0103l\u0103toriilor sau dup\u0103 o mas\u0103 mare sau afec\u021biuni ale stomacului.<\/p>\n","protected":false},"featured_media":4181,"template":"","meta":{"_et_pb_use_builder":"","_et_pb_old_content":"","_et_gb_content_width":""},"product_cat":[47,15,51,44,1947,1987,1988],"product_tag":[385,386],"_links":{"self":[{"href":"https:\/\/www.magnolioworld.com\/green-ro\/wp-json\/wp\/v2\/product\/735"}],"collection":[{"href":"https:\/\/www.magnolioworld.com\/green-ro\/wp-json\/wp\/v2\/product"}],"about":[{"href":"https:\/\/www.magnolioworld.com\/green-ro\/wp-json\/wp\/v2\/types\/product"}],"wp:featuredmedia":[{"embeddable":true,"href":"https:\/\/www.magnolioworld.com\/green-ro\/wp-json\/wp\/v2\/media\/4181"}],"wp:attachment":[{"href":"https:\/\/www.magnolioworld.com\/green-ro\/wp-json\/wp\/v2\/media?parent=735"}],"wp:term":[{"taxonomy":"product_cat","embeddable":true,"href":"https:\/\/www.magnolioworld.com\/green-ro\/wp-json\/wp\/v2\/product_cat?post=735"},{"taxonomy":"product_tag","embeddable":true,"href":"https:\/\/www.magnolioworld.com\/green-ro\/wp-json\/wp\/v2\/product_tag?post=735"}],"curies":[{"name":"wp","href":"https:\/\/api.w.org\/{rel}","templated":true}]}}