{"id":733,"date":"2020-04-22T14:01:30","date_gmt":"2020-04-22T12:01:30","guid":{"rendered":"https:\/\/www.magnolio.shop\/zendocrine-zendocrine-entgiftend\/"},"modified":"2025-11-17T18:53:46","modified_gmt":"2025-11-17T17:53:46","slug":"doterra-zendocrine","status":"publish","type":"product","link":"https:\/\/www.magnolioworld.com\/green-ro\/doterra-zendocrine\/","title":{"rendered":"doTERRA Zendocrine"},"content":{"rendered":"<p><strong>doTERRA Zendocrine<\/strong> &#8211; Pentru un nou \u00eenceput fizic \u0219i mental.<\/p>\n<p>Utilizarea regulat\u0103 a <strong>doTERRA Zendocrine<\/strong> v\u0103 ajut\u0103 corpul \u0219i mintea s\u0103 renun\u021be la ceea ce este vechi \u0219i s\u0103 fac\u0103 loc noului.<\/p>\n<p>Uleiurile esen\u021biale de rozmarin, coriandru \u0219i fructe de ienup\u0103r sunt cunoscute pentru c\u0103 elibereaz\u0103 organismul de substan\u021bele nedorite. Mandarina \u0219i geraniul sus\u021bin acest lucru \u0219i creeaz\u0103 o atmosfer\u0103 care ridic\u0103 starea de spirit, care te face s\u0103 te sim\u021bi bine.  <\/p>\n<p>Lua\u021bi o pic\u0103tur\u0103 de Zendocrine \u00een mod regulat \u00eentr-o b\u0103utur\u0103 la alegere \u0219i bun\u0103starea dumneavoastr\u0103 individual\u0103 \u0219i personal\u0103 vor beneficia. De asemenea, ideal ca parte a unei s\u0103pt\u0103m\u00e2ni de wellness pentru consumul zilnic.<\/p>\n<p>Din punct de vedere emo\u021bional, Zendocrine v\u0103 poate ajuta s\u0103 \u00eencepe\u021bi din nou cu \u00eencredere \u0219i vigoare. Cel mai bine este s\u0103 folosi\u021bi uleiul pe cale aromatic\u0103 \u0219i s\u0103 inhala\u021bi \u00een difuzor sau \u00een palmele m\u00e2inilor.<\/p>\n<p><strong>Recomandare<br \/>\n<\/strong>Aromatic: Ad\u0103uga\u021bi 3-4 pic\u0103turi \u00een difuzor.  <br \/>\nIntern: Be\u021bi 1 pahar de ap\u0103 sau ceai cu o pic\u0103tur\u0103 de amestec. De asemenea, este ideal pentru aromatizarea m\u00e2nc\u0103rurilor. Folosi\u021bi doar pu\u021bin la \u00eenceput (metoda scobitorii).<\/p>\n<p><strong>Utilizare sigur\u0103<\/strong><br \/>\nV\u0103 rug\u0103m s\u0103 ave\u021bi grij\u0103 s\u0103 nu folosi\u021bi mai mult de 1 pic\u0103tur\u0103 pe zi pe cale intern\u0103. A nu se p\u0103stra la \u00eendem\u00e2na copiilor. Dac\u0103 sunte\u021bi gravid\u0103 sau sub supraveghere medical\u0103, v\u0103 rug\u0103m s\u0103 v\u0103 adresa\u021bi medicului dumneavoastr\u0103. Evita\u021bi contactul cu ochii, urechile interne, fa\u021ba, zonele sensibile \u0219i membranele mucoase. Nu v\u0103 expune\u021bi la soare sau la radia\u021bii UV timp de cel pu\u021bin 12 ore dup\u0103 contactul cu pielea.<\/p>\n","protected":false},"excerpt":{"rendered":"<h2 style=\"font-size: 28px\">Amestec pentru un nou \u00eenceput<\/h2>\n<p>doTERRA Zendocrine &#8211; Sus\u021bine eficient eliberarea de vechi &#8211; at\u00e2t fizic, c\u00e2t \u0219i mental. Lua\u021bi \u00een mod regulat \u00een fiecare zi cu un pahar de ap\u0103 sau ceai.<\/p>\n","protected":false},"featured_media":4059,"template":"","meta":{"_et_pb_use_builder":"","_et_pb_old_content":"","_et_gb_content_width":""},"product_cat":[15,51,44,1943,1944],"product_tag":[381,382],"_links":{"self":[{"href":"https:\/\/www.magnolioworld.com\/green-ro\/wp-json\/wp\/v2\/product\/733"}],"collection":[{"href":"https:\/\/www.magnolioworld.com\/green-ro\/wp-json\/wp\/v2\/product"}],"about":[{"href":"https:\/\/www.magnolioworld.com\/green-ro\/wp-json\/wp\/v2\/types\/product"}],"wp:featuredmedia":[{"embeddable":true,"href":"https:\/\/www.magnolioworld.com\/green-ro\/wp-json\/wp\/v2\/media\/4059"}],"wp:attachment":[{"href":"https:\/\/www.magnolioworld.com\/green-ro\/wp-json\/wp\/v2\/media?parent=733"}],"wp:term":[{"taxonomy":"product_cat","embeddable":true,"href":"https:\/\/www.magnolioworld.com\/green-ro\/wp-json\/wp\/v2\/product_cat?post=733"},{"taxonomy":"product_tag","embeddable":true,"href":"https:\/\/www.magnolioworld.com\/green-ro\/wp-json\/wp\/v2\/product_tag?post=733"}],"curies":[{"name":"wp","href":"https:\/\/api.w.org\/{rel}","templated":true}]}}