{"id":732,"date":"2020-04-22T14:01:29","date_gmt":"2020-04-22T12:01:29","guid":{"rendered":"https:\/\/www.magnolio.shop\/triease-softgels-triease-softgels-abwehrfrei\/"},"modified":"2024-12-23T11:42:48","modified_gmt":"2024-12-23T10:42:48","slug":"doterra-triease-softgels","status":"publish","type":"product","link":"https:\/\/www.magnolioworld.com\/green-ro\/doterra-triease-softgels\/","title":{"rendered":"doTERRA TriEase Softgels"},"content":{"rendered":"<p><strong>doTERRA TriEase Softgels<\/strong> &#8211; Pl\u0103cerea f\u0103r\u0103 griji \u00een natur\u0103<\/p>\n<p>Oricine este deranjat de influen\u021bele sezoniere ale mediului \u00eenconjur\u0103tor va adora aceste capsule, deoarece acestea ofer\u0103 rapid o u\u0219urare lini\u0219titoare.  <\/p>\n<p>Capsulele moi sunt umplute cu p\u0103r\u021bi egale de uleiuri esen\u021biale de l\u0103m\u00e2ie, lavand\u0103 \u0219i ment\u0103. L\u0103m\u00e2ia are un efect de cur\u0103\u021bare \u0219i de \u00eembun\u0103t\u0103\u021bire a concentr\u0103rii care creeaz\u0103 instantaneu claritate. Uleiul de lavand\u0103 are un efect calmant \u0219i echilibrant asupra sistemului respirator \u0219i a \u00eentregului organism. Uleiul proasp\u0103t de ment\u0103 ofer\u0103 clarificare, re\u00eemprosp\u0103tare \u0219i vigilen\u021b\u0103 \u0219i favorizeaz\u0103 o respira\u021bie liber\u0103 \u0219i un cap limpede.<\/p>\n<p>doTERRA TriEase Softgels &#8211; Ideal pentru primele semne de afec\u021biuni sau \u00eenainte de a merge \u00een aer liber.<br \/>\nDe asemenea, este ideal \u00een kitul de schimbare a anotimpurilor, la un pre\u021b avantajos.<\/p>\n<p><strong>Recomandare<\/strong><br \/>\n1 softgel zilnic<\/p>\n<p><strong>Utilizare sigur\u0103<\/strong><br \/>\nA nu se p\u0103stra la \u00eendem\u00e2na copiilor. Ave\u021bi grij\u0103 s\u0103 nu dep\u0103\u0219i\u021bi doza zilnic\u0103 recomandat\u0103. V\u0103 rug\u0103m s\u0103 re\u021bine\u021bi c\u0103 suplimentele alimentare nu pot \u00eenlocui o diet\u0103 complet\u0103 \u0219i echilibrat\u0103 \u0219i un stil de via\u021b\u0103 s\u0103n\u0103tos. Femeile \u00eens\u0103rcinate \u0219i cele care al\u0103pteaz\u0103, precum \u0219i persoanele cu probleme de s\u0103n\u0103tate cunoscute trebuie s\u0103 solicite sfatul medicului \u00eenainte de a lua acest produs. A se p\u0103stra \u00eentr-un loc r\u0103coros \u0219i uscat. V\u0103 rug\u0103m s\u0103 re\u021bine\u021bi data limit\u0103 de consum (a se vedea partea de jos a sticlei).<\/p>\n","protected":false},"excerpt":{"rendered":"<h2 style=\"font-size: 28px\">Capsule sezoniere<\/h2>\n<p>doTERRA TriEase Softgels &#8211; Ideal pentru toate provoc\u0103rile sezoniere de prim\u0103var\u0103, var\u0103 \u0219i nu numai. Pentru un sejur f\u0103r\u0103 griji \u00een aer liber.<\/p>\n","protected":false},"featured_media":4687,"template":"","meta":{"_et_pb_use_builder":"","_et_pb_old_content":"","_et_gb_content_width":""},"product_cat":[15,52,37,2103,1957],"product_tag":[2108,377,378],"_links":{"self":[{"href":"https:\/\/www.magnolioworld.com\/green-ro\/wp-json\/wp\/v2\/product\/732"}],"collection":[{"href":"https:\/\/www.magnolioworld.com\/green-ro\/wp-json\/wp\/v2\/product"}],"about":[{"href":"https:\/\/www.magnolioworld.com\/green-ro\/wp-json\/wp\/v2\/types\/product"}],"wp:featuredmedia":[{"embeddable":true,"href":"https:\/\/www.magnolioworld.com\/green-ro\/wp-json\/wp\/v2\/media\/4687"}],"wp:attachment":[{"href":"https:\/\/www.magnolioworld.com\/green-ro\/wp-json\/wp\/v2\/media?parent=732"}],"wp:term":[{"taxonomy":"product_cat","embeddable":true,"href":"https:\/\/www.magnolioworld.com\/green-ro\/wp-json\/wp\/v2\/product_cat?post=732"},{"taxonomy":"product_tag","embeddable":true,"href":"https:\/\/www.magnolioworld.com\/green-ro\/wp-json\/wp\/v2\/product_tag?post=732"}],"curies":[{"name":"wp","href":"https:\/\/api.w.org\/{rel}","templated":true}]}}