{"id":730,"date":"2020-04-22T14:01:29","date_gmt":"2020-04-22T12:01:29","guid":{"rendered":"https:\/\/www.magnolio.shop\/terrashield-spray-terrashield-spray-abwehrend\/"},"modified":"2025-10-31T16:24:31","modified_gmt":"2025-10-31T15:24:31","slug":"doterra-terrashield-spray","status":"publish","type":"product","link":"https:\/\/www.magnolioworld.com\/green-ro\/doterra-terrashield-spray\/","title":{"rendered":"doTERRA Terrashield Spray"},"content":{"rendered":"<p><strong>doTERRA Terrashield Spray<\/strong> &#8211; Sigur \u0219i protejat pentru toate activit\u0103\u021bile \u00een aer liber &#8211; Uleiul de protec\u021bie &#8211; Aici ca un spray practic pentru c\u0103l\u0103torii.<\/p>\n<p>Cu acest spray, v\u0103 pute\u021bi proteja pe dumneavoastr\u0103 \u0219i familia dumneavoastr\u0103 \u00een timpul activit\u0103\u021bilor \u00een aer liber \u00eentr-un mod sigur \u0219i natural. <br \/>\nUleiurile esen\u021biale din acest amestec v\u0103 vor ajuta s\u0103 v\u0103 face\u021bi \u0219ederea \u00een aer liber c\u00e2t mai pl\u0103cut\u0103 \u0219i mai lini\u0219tit\u0103 atunci c\u00e2nd merge\u021bi cu cortul, face\u021bi sport sau alte activit\u0103\u021bi \u00een aer liber.<\/p>\n<p>Acesta este alc\u0103tuit din uleiuri esen\u021biale de Ylang Ylang, Cedru, L\u0103m\u00e2ie-Eucalipt, Litsea, Arborvitae, Nootka \u0219i Vanilla Absolue \u0219i permite o pl\u0103cere netulburat\u0103 \u00een aer liber. Pentru a face acest lucru, pur \u0219i simplu pulveriza\u021bi spray-ul \u00een jurul dumneavoastr\u0103 \u00eenainte de a ie\u0219i \u00een natur\u0103. <\/p>\n<p>Din punct de vedere emo\u021bional, uleiul de demarca\u021bie ajut\u0103 la asigurarea unei protec\u021bii energetice. Ac\u021bioneaz\u0103 ca un scut protector energetic.<\/p>\n<p><strong>Recomandare<br \/>\n<\/strong> doTERRA Terrashield Spray pulveriza\u021bi pur \u0219i simplu \u00een jurul dumneavoastr\u0103 \u00eenainte de a ie\u0219i \u00een aer liber sau utiliza\u021bi \u00een cas\u0103, pe teras\u0103 sau \u00een jurul cortului. Repeta\u021bi dac\u0103 este necesar.<br \/>\nPulveriza\u021bi \u00een jurul dumneavoastr\u0103 ca protec\u021bie energetic\u0103, dac\u0103 este necesar.<\/p>\n<p><strong>Siguran\u021ba utiliz\u0103rii<br \/>\n<\/strong> Nu aplica\u021bi produsul \u00een apropierea zonelor sensibile, cum ar fi fa\u021ba, ochii \u0219i urechea intern\u0103. A nu se p\u0103stra la \u00eendem\u00e2na copiilor. Dac\u0103 sunte\u021bi \u00eens\u0103rcinat\u0103, al\u0103pta\u021bi sau sunte\u021bi sub supraveghere medical\u0103, v\u0103 rug\u0103m s\u0103 v\u0103 adresa\u021bi medicului dumneavoastr\u0103.<\/p>\n","protected":false},"excerpt":{"rendered":"<h2 style=\"font-size: 28px;\">Spray cu amestec de ap\u0103rare<\/h2>\n<p>doTERRA Terrashield Spray &#8211; Uleiurile esen\u021biale din spray v\u0103 ajut\u0103 s\u0103 v\u0103 face\u021bi \u0219ederea \u00een aer liber c\u00e2t mai pl\u0103cut\u0103 atunci c\u00e2nd merge\u021bi cu cortul, face\u021bi sport sau alte activit\u0103\u021bi \u00een aer liber, \u00eentr-un mod complet natural. Bucura\u021bi-v\u0103 din nou de natur\u0103 al\u0103turi de familie \u0219i prieteni. De asemenea, este ideal ca scut protector energetic.<\/p>\n","protected":false},"featured_media":4066,"template":"","meta":{"_et_pb_use_builder":"","_et_pb_old_content":"","_et_gb_content_width":""},"product_cat":[15,51],"product_tag":[373,374],"_links":{"self":[{"href":"https:\/\/www.magnolioworld.com\/green-ro\/wp-json\/wp\/v2\/product\/730"}],"collection":[{"href":"https:\/\/www.magnolioworld.com\/green-ro\/wp-json\/wp\/v2\/product"}],"about":[{"href":"https:\/\/www.magnolioworld.com\/green-ro\/wp-json\/wp\/v2\/types\/product"}],"wp:featuredmedia":[{"embeddable":true,"href":"https:\/\/www.magnolioworld.com\/green-ro\/wp-json\/wp\/v2\/media\/4066"}],"wp:attachment":[{"href":"https:\/\/www.magnolioworld.com\/green-ro\/wp-json\/wp\/v2\/media?parent=730"}],"wp:term":[{"taxonomy":"product_cat","embeddable":true,"href":"https:\/\/www.magnolioworld.com\/green-ro\/wp-json\/wp\/v2\/product_cat?post=730"},{"taxonomy":"product_tag","embeddable":true,"href":"https:\/\/www.magnolioworld.com\/green-ro\/wp-json\/wp\/v2\/product_tag?post=730"}],"curies":[{"name":"wp","href":"https:\/\/api.w.org\/{rel}","templated":true}]}}