{"id":729,"date":"2020-04-22T14:01:28","date_gmt":"2020-04-22T12:01:28","guid":{"rendered":"https:\/\/www.magnolio.shop\/terrashield-terrashield-abwehrend\/"},"modified":"2025-11-17T18:49:50","modified_gmt":"2025-11-17T17:49:50","slug":"doterra-terrashield","status":"publish","type":"product","link":"https:\/\/www.magnolioworld.com\/green-ro\/doterra-terrashield\/","title":{"rendered":"doTERRA Terrashield"},"content":{"rendered":"<p><strong>doTERRA Terrashield<\/strong> &#8211; Sigur \u0219i protejat pentru toate activit\u0103\u021bile \u00een aer liber &#8211; Uleiul de protec\u021bie<\/p>\n<p>Cu acest amestec, v\u0103 pute\u021bi proteja pe dumneavoastr\u0103 \u0219i familia dumneavoastr\u0103 \u00een timpul activit\u0103\u021bilor \u00een aer liber \u00eentr-un mod sigur \u0219i natural.  <\/p>\n<p>Uleiurile esen\u021biale din acest amestec v\u0103 ajut\u0103 s\u0103 v\u0103 face\u021bi \u0219ederea \u00een aer liber c\u00e2t mai pl\u0103cut\u0103 \u0219i mai lini\u0219tit\u0103 atunci c\u00e2nd merge\u021bi cu cortul, face\u021bi sport sau alte activit\u0103\u021bi \u00een aer liber.<\/p>\n<p>Acesta este alc\u0103tuit din uleiuri esen\u021biale de Ylang Ylang, Cedru, L\u0103m\u00e2ie-Eucalipt, Litsea, Arborvitae, Nootka \u0219i Vanilla Absolue \u0219i permite o pl\u0103cere netulburat\u0103 \u00een aer liber.<\/p>\n<p>Pentru a face acest lucru, pur \u0219i simplu dilua\u021bi uleiul (a se vedea recomandarea de mai jos) \u0219i aplica\u021bi-l pe bra\u021be \u0219i picioare \u00eenainte de a ie\u0219i afar\u0103 sau pune\u021bi-l \u00eentr-un difuzor. Difuzorul wireless Roam este disponibil \u0219i pentru utilizare \u00een exterior. Deoarece uleiurile esen\u021biale de \u00eenalt\u0103 calitate nu las\u0103 pete pe haine, un amestec de ulei \u0219i ap\u0103 poate fi pulverizat \u0219i pe corp.<\/p>\n<p>Practicul spray doTERRA Terrashield este, de asemenea, disponibil pentru o aplicare u\u0219oar\u0103 \u0219i f\u0103r\u0103 complica\u021bii \u00een timpul c\u0103l\u0103toriilor.<\/p>\n<p>Pe plan emo\u021bional, uleiul de demarca\u021bie ajut\u0103 la asigurarea protec\u021biei \u0219i demarca\u021biei energetice.<\/p>\n<p><strong>Recomandare<br \/>\n<\/strong>Aromatic: Pentru o \u0219edere proasp\u0103t\u0103 \u0219i netulburat\u0103 \u00een aer liber sau \u00een interior, este suficient s\u0103 ad\u0103uga\u021bi 2-3 pic\u0103turi de doTERRA Terrashield \u00een difuzor. Poate fi folosit \u00een mod ideal \u0219i cu citronella.<br \/>\nTopic: Se dilueaz\u0103 cu un ulei purt\u0103tor \u0219i se aplic\u0103 pe zonele de piele dorite atunci c\u00e2nd se afl\u0103 \u00een aer liber (se amestec\u0103 5 pic\u0103turi cu 10 ml de ulei purt\u0103tor). <strong><\/p>\n<p>Utilizare sigur\u0103<br \/>\n<\/strong>A nu se p\u0103stra la \u00eendem\u00e2na copiilor. Dac\u0103 sunte\u021bi gravid\u0103 sau sub supraveghere medical\u0103, v\u0103 rug\u0103m s\u0103 v\u0103 adresa\u021bi medicului dumneavoastr\u0103. Evita\u021bi contactul cu ochii, urechile interne, fa\u021ba, zonele sensibile \u0219i membranele mucoase. Aplica\u021bi \u00eentotdeauna local diluat cu un ulei purt\u0103tor, de exemplu, ulei de cocos frac\u021bionat.<\/p>\n","protected":false},"excerpt":{"rendered":"<h2 style=\"font-size: 28px\">Amestec de ap\u0103rare &#8211; Uleiul de demarca\u021bie<\/h2>\n<p>doTERRA-Terrashield &#8211; Acest amestec v\u0103 ajut\u0103 s\u0103 v\u0103 face\u021bi \u0219ederea \u00een aer liber c\u00e2t mai pl\u0103cut\u0103 \u0219i c\u00e2t mai pu\u021bin deranjant\u0103 atunci c\u00e2nd merge\u021bi cu cortul, face\u021bi sport sau alte activit\u0103\u021bi \u00een aer liber.<\/p>\n","protected":false},"featured_media":4110,"template":"","meta":{"_et_pb_use_builder":"","_et_pb_old_content":"","_et_gb_content_width":""},"product_cat":[15,51],"product_tag":[371,372],"_links":{"self":[{"href":"https:\/\/www.magnolioworld.com\/green-ro\/wp-json\/wp\/v2\/product\/729"}],"collection":[{"href":"https:\/\/www.magnolioworld.com\/green-ro\/wp-json\/wp\/v2\/product"}],"about":[{"href":"https:\/\/www.magnolioworld.com\/green-ro\/wp-json\/wp\/v2\/types\/product"}],"wp:featuredmedia":[{"embeddable":true,"href":"https:\/\/www.magnolioworld.com\/green-ro\/wp-json\/wp\/v2\/media\/4110"}],"wp:attachment":[{"href":"https:\/\/www.magnolioworld.com\/green-ro\/wp-json\/wp\/v2\/media?parent=729"}],"wp:term":[{"taxonomy":"product_cat","embeddable":true,"href":"https:\/\/www.magnolioworld.com\/green-ro\/wp-json\/wp\/v2\/product_cat?post=729"},{"taxonomy":"product_tag","embeddable":true,"href":"https:\/\/www.magnolioworld.com\/green-ro\/wp-json\/wp\/v2\/product_tag?post=729"}],"curies":[{"name":"wp","href":"https:\/\/api.w.org\/{rel}","templated":true}]}}