{"id":724,"date":"2020-04-22T14:01:28","date_gmt":"2020-04-22T12:01:28","guid":{"rendered":"https:\/\/www.magnolio.shop\/serenity-combo-pack-serenity-combo-pack-beruhigend\/"},"modified":"2025-10-15T18:20:35","modified_gmt":"2025-10-15T16:20:35","slug":"doterra-serenity-combo-pack","status":"publish","type":"product","link":"https:\/\/www.magnolioworld.com\/green-ro\/doterra-serenity-combo-pack\/","title":{"rendered":"doTERRA Serenity Combo Pack"},"content":{"rendered":"<p><strong>doTERRA Serenity Combo Pack<\/strong> &#8211; Setul ideal pentru o zi calm\u0103 \u0219i echilibrat\u0103 \u0219i o noapte odihnitoare<\/p>\n<p>Dac\u0103 v\u0103 r\u0103suci\u021bi \u00een pat \u0219i nu pute\u021bi dormi a\u0219a cum merita\u021bi, pute\u021bi lua una sau dou\u0103 capsule de Serenity \u0219i v\u0103 pute\u021bi odihni. <\/p>\n<p>Amestecul calmant de uleiuri esen\u021biale de lev\u0103n\u021bic\u0103, melis\u0103, floarea pasiunii \u0219i mu\u0219e\u021bel, \u00eempreun\u0103 cu L-teanina, favorizeaz\u0103 procesul de relaxare, astfel \u00eenc\u00e2t s\u0103 pute\u021bi l\u0103sa \u00een urm\u0103 epuizarea \u0219i oboseala. Cu pachetul doTERRA Serenity Combo Pack, ave\u021bi \u00eentotdeauna la \u00eendem\u00e2n\u0103 remediul potrivit pentru culcare.<\/p>\n<p><strong>Recomandare<\/strong><br \/>\nSerenitate: Pentru un masaj, amesteca\u021bi 5 pic\u0103turi cu 10 ml de ulei purt\u0103tor. Ca aditiv pentru baie, se amestec\u0103 5 pic\u0103turi cu 5 ml de ulei purt\u0103tor.<br \/>\nSerenity Softgels: 1 softgel zilnic<\/p>\n<p><strong>Utilizare sigur\u0103<\/strong><br \/>\nA nu se p\u0103stra la \u00eendem\u00e2na copiilor. Ave\u021bi grij\u0103 s\u0103 nu dep\u0103\u0219i\u021bi doza zilnic\u0103 recomandat\u0103. V\u0103 rug\u0103m s\u0103 re\u021bine\u021bi c\u0103 suplimentele alimentare nu pot \u00eenlocui o diet\u0103 complet\u0103 \u0219i echilibrat\u0103 \u0219i un stil de via\u021b\u0103 s\u0103n\u0103tos. Femeile \u00eens\u0103rcinate \u0219i cele care al\u0103pteaz\u0103, precum \u0219i persoanele cu probleme de s\u0103n\u0103tate cunoscute trebuie s\u0103 solicite sfatul medicului \u00eenainte de a lua acest produs. A se p\u0103stra \u00eentr-un loc r\u0103coros \u0219i uscat. V\u0103 rug\u0103m s\u0103 re\u021bine\u021bi data limit\u0103 de consum (a se vedea partea de jos a sticlei).<\/p>\n","protected":false},"excerpt":{"rendered":"<h2 style=\"font-size: 28px;\">Duo relaxant<\/h2>\n<p style=\"font-size: 28px; color: #e20000; font-weight: bold;\">Economisi\u021bi 39 %<\/p>\n<p>doTERRA Serenity Combo Pack. Calmeaz\u0103 mintea \u0219i sim\u021burile \u00een timpul zilei \u0219i asigur\u0103 un somn profund \u0219i odihnitor. Ideal \u00eenainte de a merge la culcare<\/p>\n","protected":false},"featured_media":5329,"template":"","meta":{"_et_pb_use_builder":"","_et_pb_old_content":"","_et_gb_content_width":""},"product_cat":[15,1921,38,45,2103,1958,1984],"product_tag":[361,362],"_links":{"self":[{"href":"https:\/\/www.magnolioworld.com\/green-ro\/wp-json\/wp\/v2\/product\/724"}],"collection":[{"href":"https:\/\/www.magnolioworld.com\/green-ro\/wp-json\/wp\/v2\/product"}],"about":[{"href":"https:\/\/www.magnolioworld.com\/green-ro\/wp-json\/wp\/v2\/types\/product"}],"wp:featuredmedia":[{"embeddable":true,"href":"https:\/\/www.magnolioworld.com\/green-ro\/wp-json\/wp\/v2\/media\/5329"}],"wp:attachment":[{"href":"https:\/\/www.magnolioworld.com\/green-ro\/wp-json\/wp\/v2\/media?parent=724"}],"wp:term":[{"taxonomy":"product_cat","embeddable":true,"href":"https:\/\/www.magnolioworld.com\/green-ro\/wp-json\/wp\/v2\/product_cat?post=724"},{"taxonomy":"product_tag","embeddable":true,"href":"https:\/\/www.magnolioworld.com\/green-ro\/wp-json\/wp\/v2\/product_tag?post=724"}],"curies":[{"name":"wp","href":"https:\/\/api.w.org\/{rel}","templated":true}]}}