{"id":722,"date":"2020-04-22T14:01:28","date_gmt":"2020-04-22T12:01:28","guid":{"rendered":"https:\/\/www.magnolio.shop\/serenity-serenity-beruhigend\/"},"modified":"2026-03-11T11:19:49","modified_gmt":"2026-03-11T10:19:49","slug":"doterra-serenity","status":"publish","type":"product","link":"https:\/\/www.magnolioworld.com\/green-ro\/doterra-serenity\/","title":{"rendered":"doTERRA Serenity"},"content":{"rendered":"<p><strong>doTERRA Serenity<\/strong> &#8211; Relaxare, calm \u0219i somn echilibrat &#8211; Uleiul de lini\u0219te<\/p>\n<p>Suferi\u021bi de senza\u021bii de tensiune, sunte\u021bi nelini\u0219tit \u0219i nu v\u0103 pute\u021bi relaxa cu adev\u0103rat? Atunci amestecul calmant <strong>doTERRA Serenity<\/strong> este partenerul t\u0103u ideal.<\/p>\n<p>Amestecul de uleiuri are o arom\u0103 lini\u0219titoare \u0219i relaxant\u0103 care amelioreaz\u0103 tensiunea \u0219i v\u0103 permite s\u0103 v\u0103 bucura\u021bi de o odihn\u0103 bine meritat\u0103. De asemenea, sprijin\u0103 somnul odihnitor \u00eentr-un mod special \u0219i este un ajutor minunat pentru a adormi.<\/p>\n<p>Uleiurile esen\u021biale de Ho-Wood \u0219i Vetiver, \u00een special, confer\u0103 Serenity o arom\u0103 de \u00eemp\u0103m\u00e2ntare care calmeaz\u0103 mintea \u0219i sim\u021burile. \u00cen plus, uleiurile esen\u021biale echilibrante, cum ar fi lemnul de cedru, lavanda, ylang ylang, m\u0103ghiranul, mu\u0219e\u021belul roman, lemnul de santal hawaiian \u0219i boabele de vanilie (p\u0103staie de vanilie) asigur\u0103 o relaxare optim\u0103.<\/p>\n<p>\u00cen mod ideal, doTERRA Serenity ar trebui aplicat pe t\u0103lpile picioarelor \u0219i masat \u00eenainte de culcare. Folosirea difuzorului este, de asemenea, foarte recomandat\u0103 pentru relaxare.<\/p>\n<p><strong>Recomandare<br \/>\n<\/strong>Aromatic: Ad\u0103uga\u021bi 3-4 pic\u0103turi \u00een difuzor pentru o atmosfer\u0103 de somn lini\u0219titoare. <br \/>\nTopic\/extern: Merge\u021bi la culcare cu calm \u0219i aplica\u021bi 1 -2 pic\u0103turi diluate cu ulei purt\u0103tor pe t\u0103lpile picioarelor. Diluat\u0103 \u0219i aplicat\u0103 \u00een zona inimii sau a g\u00e2tului creeaz\u0103, de asemenea, un efect calmant pl\u0103cut. Amesteca\u021bi 5 pic\u0103turi cu 10 ml de ulei purt\u0103tor (de exemplu, ulei de cocos frac\u021bionat) pentru un masaj relaxant \u0219i binef\u0103c\u0103tor. Se amestec\u0103 5 pic\u0103turi cu 5 ml de ulei purt\u0103tor sau lapte de migdale pentru o baie de bine pentru o noapte bun\u0103.<\/p>\n<p><strong>Utilizare sigur\u0103<br \/>\n<\/strong>A nu se l\u0103sa la \u00eendem\u00e2na copiilor. Dac\u0103 sunte\u021bi gravid\u0103 sau sub supraveghere medical\u0103, v\u0103 rug\u0103m s\u0103 v\u0103 adresa\u021bi medicului dumneavoastr\u0103. Evita\u021bi contactul cu ochii, urechile interne, fa\u021ba, zonele sensibile \u0219i membranele mucoase. Poate provoca irita\u021bii ale pielii. Pentru uz extern, v\u0103 rug\u0103m s\u0103 dilua\u021bi uleiul cu un ulei purt\u0103tor (de exemplu, ulei de cocos frac\u021bionat).<\/p>\n","protected":false},"excerpt":{"rendered":"<h2 style=\"font-size: 28px;\">Amestec de relaxare &#8211; Uleiul lini\u0219tii<\/h2>\n<p>doTERRA Serenity calmeaz\u0103 mintea, amelioreaz\u0103 tensiunea vie\u021bii de zi cu zi \u0219i v\u0103 permite s\u0103 visa\u021bi din nou. Companie ideal\u0103 dup\u0103 o zi lung\u0103. De asemenea, pentru \u00eemp\u0103m\u00e2ntare \u0219i deconectare \u00een perioadele turbulente.<\/p>\n","protected":false},"featured_media":4688,"template":"","meta":{"_et_pb_use_builder":"","_et_pb_old_content":"","_et_gb_content_width":""},"product_cat":[15,51,36,38,42,45,2103,1948,1958,1970,1972,1984],"product_tag":[357,358],"_links":{"self":[{"href":"https:\/\/www.magnolioworld.com\/green-ro\/wp-json\/wp\/v2\/product\/722"}],"collection":[{"href":"https:\/\/www.magnolioworld.com\/green-ro\/wp-json\/wp\/v2\/product"}],"about":[{"href":"https:\/\/www.magnolioworld.com\/green-ro\/wp-json\/wp\/v2\/types\/product"}],"wp:featuredmedia":[{"embeddable":true,"href":"https:\/\/www.magnolioworld.com\/green-ro\/wp-json\/wp\/v2\/media\/4688"}],"wp:attachment":[{"href":"https:\/\/www.magnolioworld.com\/green-ro\/wp-json\/wp\/v2\/media?parent=722"}],"wp:term":[{"taxonomy":"product_cat","embeddable":true,"href":"https:\/\/www.magnolioworld.com\/green-ro\/wp-json\/wp\/v2\/product_cat?post=722"},{"taxonomy":"product_tag","embeddable":true,"href":"https:\/\/www.magnolioworld.com\/green-ro\/wp-json\/wp\/v2\/product_tag?post=722"}],"curies":[{"name":"wp","href":"https:\/\/api.w.org\/{rel}","templated":true}]}}