{"id":721,"date":"2020-04-22T14:01:28","date_gmt":"2020-04-22T12:01:28","guid":{"rendered":"https:\/\/www.magnolio.shop\/salubelle-salubelle-anti-aging\/"},"modified":"2026-02-10T13:27:01","modified_gmt":"2026-02-10T12:27:01","slug":"doterra-salubelle","status":"publish","type":"product","link":"https:\/\/www.magnolioworld.com\/green-ro\/doterra-salubelle\/","title":{"rendered":"doTERRA Salubelle"},"content":{"rendered":"<p><strong>doTERRA Salubelle<\/strong> &#8211; Amestecul de frumuse\u021be &#8211; F\u00e2nt\u00e2na tinere\u021bii pentru pielea ta<\/p>\n<p>Acest amestec de uleiuri esen\u021biale asigur\u0103 un ten t\u00e2n\u0103r \u0219i proasp\u0103t. Pe de o parte, pielea prime\u0219te nutrien\u021bi importan\u021bi, iar pe de alt\u0103 parte, contracareaz\u0103 factorii care, altfel, duc la \u00eemb\u0103tr\u00e2nirea prematur\u0103 a pielii. Adev\u0103rata \u00eengrijire anti-\u00eemb\u0103tr\u00e2nire.<strong><\/p>\n<p><\/strong>Acest amestec atenueaz\u0103 aspectul liniilor fine \u0219i al ridurilor, contribuind la aspectul dumneavoastr\u0103 impecabil. De asemenea, poate fi folosit pentru irita\u021biile pielii \u0219i pentru tenul neuniform. Salubelle se aplic\u0103 \u00een strat sub\u021bire pe fa\u021b\u0103, g\u00e2t \u0219i decolteu. Uleiurile esen\u021biale de t\u0103m\u00e2ie, lemn de santal hawaiian, lavand\u0103, smirn\u0103, helicrisum \u0219i trandafir sus\u021bin efectele de regenerare a pielii.<\/p>\n<p>Bucura\u021bi-v\u0103 de aceast\u0103 experien\u021b\u0103 spa de lux la domiciliu. Se utilizeaz\u0103 cel mai bine zilnic, diminea\u021ba \u0219i seara, dup\u0103 cur\u0103\u021bare. Apoi, aplica\u021bi alte produse de \u00eengrijire doTERRA din seria Ver\u00e1ge sau Essential Skin Care.<\/p>\n<p><strong>Recomandare<\/strong><br \/>\nTopical: Dup\u0103 cur\u0103\u021bare, aplica\u021bi un strat sub\u021bire pe zonele dorite pentru a crea o baz\u0103 uniform\u0103 pentru \u00eengrijirea ulterioar\u0103. \u00cencorpora\u021bi Salubelle \u00een rutina de \u00eengrijire a pielii de diminea\u021b\u0103 \u0219i aplica\u021bi un strat sub\u021bire pe fa\u021b\u0103, g\u00e2t \u0219i decolteu.  <br \/>\nSe aplic\u0103 \u00een mod regulat pe irita\u021biile pielii, pe pielea neuniform\u0103 \u0219i pe zonele uscate.<\/p>\n<p><strong>Utilizare sigur\u0103<\/strong><br \/>\nEste posibil\u0103 iritarea pielii. A nu se p\u0103stra la \u00eendem\u00e2na copiilor. Dac\u0103 sunte\u021bi \u00eens\u0103rcinat\u0103 sau urma\u021bi un tratament medical, v\u0103 rug\u0103m s\u0103 v\u0103 adresa\u021bi medicului dumneavoastr\u0103. Evita\u021bi contactul cu ochii, urechile interne, fa\u021ba, zonele sensibile \u0219i membranele mucoase. Potrivit numai pentru uz extern.<\/p>\n","protected":false},"excerpt":{"rendered":"<h2 style=\"font-size: 28px\">Amestecul de frumuse\u021be<\/h2>\n<p>doTERRA Salubelle &#8211; Ofer\u0103 pielii tale nutrien\u021bi \u0219i asigur\u0103 un ten t\u00e2n\u0103r \u0219i ferm. Reduce liniile fine \u0219i ridurile. Este un adev\u0103rat izvor de tinere\u021be pentru piele. De asemenea, este ideal pentru irita\u021biile pielii \u0219i pentru tenul neuniform.<\/p>\n","protected":false},"featured_media":4112,"template":"","meta":{"_et_pb_use_builder":"","_et_pb_old_content":"","_et_gb_content_width":""},"product_cat":[15,51],"product_tag":[355,356],"_links":{"self":[{"href":"https:\/\/www.magnolioworld.com\/green-ro\/wp-json\/wp\/v2\/product\/721"}],"collection":[{"href":"https:\/\/www.magnolioworld.com\/green-ro\/wp-json\/wp\/v2\/product"}],"about":[{"href":"https:\/\/www.magnolioworld.com\/green-ro\/wp-json\/wp\/v2\/types\/product"}],"wp:featuredmedia":[{"embeddable":true,"href":"https:\/\/www.magnolioworld.com\/green-ro\/wp-json\/wp\/v2\/media\/4112"}],"wp:attachment":[{"href":"https:\/\/www.magnolioworld.com\/green-ro\/wp-json\/wp\/v2\/media?parent=721"}],"wp:term":[{"taxonomy":"product_cat","embeddable":true,"href":"https:\/\/www.magnolioworld.com\/green-ro\/wp-json\/wp\/v2\/product_cat?post=721"},{"taxonomy":"product_tag","embeddable":true,"href":"https:\/\/www.magnolioworld.com\/green-ro\/wp-json\/wp\/v2\/product_tag?post=721"}],"curies":[{"name":"wp","href":"https:\/\/api.w.org\/{rel}","templated":true}]}}