{"id":719,"date":"2020-04-22T14:01:27","date_gmt":"2020-04-22T12:01:27","guid":{"rendered":"https:\/\/www.magnolio.shop\/purify-purify-reinigend\/"},"modified":"2025-04-24T21:11:47","modified_gmt":"2025-04-24T19:11:47","slug":"doterra-purify","status":"publish","type":"product","link":"https:\/\/www.magnolioworld.com\/green-ro\/doterra-purify\/","title":{"rendered":"doTERRA Purify"},"content":{"rendered":"<p><strong>doTERRA Purify<\/strong> &#8211; Cleanse and Refresh &#8211; Uleiul de cur\u0103\u021bare<\/p>\n<p>Cur\u0103\u021barea cu puterea naturii este u\u0219oar\u0103 cu acest amestec \u00een toat\u0103 casa \u0219i nu numai. Fie c\u0103 este vorba de aerul din interior, de cur\u0103\u021barea blaturilor de lucru din buc\u0103t\u0103rie sau a altor suprafe\u021be, totul devine str\u0103lucitor de curat, f\u0103r\u0103 substan\u021be chimice \u0219i cu un parfum revigorant. Amestecul poate fi folosit \u0219i pentru a elimina mirosurile nepl\u0103cute din ma\u0219in\u0103, ma\u0219ina de sp\u0103lat vase, aspiratorul sau co\u0219ul de gunoi.<\/p>\n<p>Amestecul de uleiuri esen\u021biale combin\u0103 l\u0103m\u00e2ie, lime, coriandru \u0219i arbore de ceai, toate cunoscute pentru efectul lor de cur\u0103\u021bare.<br \/>\n\u00cen plus, uleiurile esen\u021biale din bradul siberian asigur\u0103 un efect general \u0219i pl\u0103cut de \u00eemprosp\u0103tare a aerului.  <\/p>\n<p>doTERRA Purify cur\u0103\u021b\u0103 energetic climatul camerei \u0219i v\u0103 elibereaz\u0103 emo\u021bional de g\u00e2ndurile \u0219i sentimentele negative.<br \/>\nDe asemenea, are un efect de cur\u0103\u021bare a pielii \u0219i poate fi folosit pentru a trata irita\u021biile pielii.<\/p>\n<p>Utiliza\u021bi uleiul pentru un efect r\u0103coritor \u00een difuzor \u0219i oriunde apar mirosuri nepl\u0103cute.<br \/>\nAmestecul este, de asemenea, ideal pentru a petrece timp \u00een aer liber \u00een timpul verii, f\u0103r\u0103 a fi deranjat de insecte.<\/p>\n<p><strong>Recomandare<\/strong><br \/>\nAromatic: Pentru un climat pur \u0219i revigorant \u00een camer\u0103, nebuliza\u021bi 3-4 pic\u0103turi de doTERRA Purify \u00een difuzor. Pentru un efect emo\u021bional optim, inhala\u021bi ad\u00e2nc 1-2 pic\u0103turi pe \u00eencheieturile m\u00e2inilor sau \u00een palme.<br \/>\nTopic: Pentru irita\u021biile pielii, aplica\u021bi amestecul pe zonele dorite. Pentru un produs de cur\u0103\u021bare natural \u0219i eficient, este suficient s\u0103 ad\u0103uga\u021bi 5 pic\u0103turi \u00eentr-o sticl\u0103 cu pulverizator cu ap\u0103. Pentru a \u00eemprosp\u0103ta camerele mici, aspiratorul, co\u0219ul de gunoi, frigiderul sau ma\u0219ina, aplica\u021bi c\u00e2teva pic\u0103turi pe un tampon de vat\u0103 \u0219i pune\u021bi-l \u00een locul dorit. Aspira\u021bi-l cu aspiratorul \u0219i pune\u021bi-l \u00een gura de aerisire a ma\u0219inii.<br \/>\nCa aditiv de cur\u0103\u021bare a b\u0103ii, se amestec\u0103 5 pic\u0103turi cu 5 ml de ulei purt\u0103tor. Ca parfum pentru activit\u0103\u021bile \u00een aer liber, se amestec\u0103 1 pic\u0103tur\u0103 din amestec cu 10 ml de ulei purt\u0103tor.<\/p>\n<p><strong>Utilizare sigur\u0103<\/strong><br \/>\nEste posibil\u0103 iritarea pielii. A nu se p\u0103stra la \u00eendem\u00e2na copiilor. Dac\u0103 sunte\u021bi \u00eens\u0103rcinat\u0103 sau urma\u021bi un tratament medical, v\u0103 rug\u0103m s\u0103 v\u0103 adresa\u021bi medicului dumneavoastr\u0103. Evita\u021bi contactul cu ochii, urechile interne, fa\u021ba, zonele sensibile \u0219i membranele mucoase. Evita\u021bi lumina soarelui \u0219i razele UV timp de cel pu\u021bin 12 ore dup\u0103 aplicare. Numai pentru uz extern.<\/p>\n","protected":false},"excerpt":{"rendered":"<h2 style=\"font-size: 28px\">Amestec de cur\u0103\u021bare &#8211; Uleiul de purificare<\/h2>\n<p>doTERRA Purify &#8211; Este uleiul ideal atunci c\u00e2nd vine vorba de purificarea camerei sau de cur\u0103\u021barea emo\u021bional\u0103 a emo\u021biilor negative. Aroma lor seduc\u0103toare neutralizeaz\u0103 \u00een mod fiabil toate mirosurile nepl\u0103cute.<\/p>\n","protected":false},"featured_media":4407,"template":"","meta":{"_et_pb_use_builder":"","_et_pb_old_content":"","_et_gb_content_width":""},"product_cat":[15,51,37,1955],"product_tag":[351,352],"_links":{"self":[{"href":"https:\/\/www.magnolioworld.com\/green-ro\/wp-json\/wp\/v2\/product\/719"}],"collection":[{"href":"https:\/\/www.magnolioworld.com\/green-ro\/wp-json\/wp\/v2\/product"}],"about":[{"href":"https:\/\/www.magnolioworld.com\/green-ro\/wp-json\/wp\/v2\/types\/product"}],"wp:featuredmedia":[{"embeddable":true,"href":"https:\/\/www.magnolioworld.com\/green-ro\/wp-json\/wp\/v2\/media\/4407"}],"wp:attachment":[{"href":"https:\/\/www.magnolioworld.com\/green-ro\/wp-json\/wp\/v2\/media?parent=719"}],"wp:term":[{"taxonomy":"product_cat","embeddable":true,"href":"https:\/\/www.magnolioworld.com\/green-ro\/wp-json\/wp\/v2\/product_cat?post=719"},{"taxonomy":"product_tag","embeddable":true,"href":"https:\/\/www.magnolioworld.com\/green-ro\/wp-json\/wp\/v2\/product_tag?post=719"}],"curies":[{"name":"wp","href":"https:\/\/api.w.org\/{rel}","templated":true}]}}