{"id":718,"date":"2020-04-22T14:01:27","date_gmt":"2020-04-22T12:01:27","guid":{"rendered":"https:\/\/www.magnolio.shop\/peace-touch-peace-touch-friedvoll\/"},"modified":"2025-11-17T14:08:08","modified_gmt":"2025-11-17T13:08:08","slug":"doterra-peace-touch","status":"publish","type":"product","link":"https:\/\/www.magnolioworld.com\/green-ro\/doterra-peace-touch\/","title":{"rendered":"doTERRA Peace Touch"},"content":{"rendered":"<p><strong>doTERRA Peace<\/strong> <strong>Touch<\/strong> &#8211; Amestecul pa\u0219nic &#8211; \u00cen pace cu tine \u0219i cu via\u021ba &#8211; Aici ca o atingere pentru a fi \u00een mi\u0219care<\/p>\n<p>Pacea interioar\u0103 este o condi\u021bie prealabil\u0103 pentru o via\u021b\u0103 \u00eemplinit\u0103. Nici tu \u0219i nici lumea din jurul t\u0103u nu sunte\u021bi perfec\u021bi. Bucura\u021bi-v\u0103 de un traseu senin \u0219i lini\u0219tit, plin de calm \u0219i echilibru.  <br \/>\ndoTERRA Peace &#8211; Amestecul te \u00eencetine\u0219te, te las\u0103 s\u0103 respiri ad\u00e2nc, te ajut\u0103 s\u0103 g\u0103se\u0219ti calmul \u0219i pacea interioar\u0103. \u00ce\u021bi d\u0103 confirmarea de a merge pe drumul t\u0103u cu senin\u0103tate, relaxat \u0219i lini\u0219tit pe din\u0103untru \u0219i pe dinafar\u0103.<\/p>\n<p>Uleiurile esen\u021biale pre\u021bioase de vetiver, lavand\u0103, ylang ylang, t\u0103m\u00e2ie, salvie, m\u0103ghiran \u0219i ment\u0103 verde v\u0103 sprijin\u0103 \u00een acest demers.  <\/p>\n<p>Pacea ta interioar\u0103 \u0219i credin\u021ba ferm\u0103 \u00eentr-un viitor pozitiv \u00eencep cu c\u00e2teva pic\u0103turi din amestecul lini\u0219titor Peace.<\/p>\n<p>Amestecul de uleiuri esen\u021biale <strong>doTERRA Peace Touch<\/strong> este gata de utilizare, amestecat cu ulei de cocos frac\u021bionat \u0219i conceput pentru buzunarul t\u0103u, pentru lini\u0219te \u0219i relaxare \u00een deplasare.<\/p>\n<p><strong>Recomandare<\/strong><br \/>\nAromatic: Pentru senza\u021bii de pace interioar\u0103 diminea\u021ba, inhala\u021bi amestecul pe palmele m\u00e2inilor. Pentru un mediu ambiant relaxant la locul de munc\u0103 sau acas\u0103, nebuliza\u021bi 3-4 pic\u0103turi de amestec \u00een difuzor. De asemenea, este ideal ca \u00eenso\u021bitor pentru un somn lini\u0219tit.<br \/>\nTopic: Aplica\u021bi doTERRA Peace Touch pe t\u0103lpile picioarelor diminea\u021ba pentru un \u00eenceput plin de calm \u0219i siguran\u021b\u0103. Pentru un somn lini\u0219tit, aplica\u021bi amestecul pe talpa picioarelor. Ca un final relaxant al unei zile lungi, un masaj cu ulei purt\u0103tor \u0219i amestec poate crea o stare de bine. Se aplic\u0103 pe t\u0103lpile picioarelor, pe ceaf\u0103 sau pe \u00eencheieturile m\u00e2inilor \u00eenainte de yoga sau medita\u021bie.<br \/>\nSe aplic\u0103 ca parfum pe g\u00e2t \u0219i pe \u00eencheieturi \u0219i se poart\u0103 pe tot parcursul zilei cu pace interioar\u0103.<\/p>\n<p><strong>Utilizare sigur\u0103<\/strong><br \/>\nEste posibil\u0103 iritarea pielii. A nu se p\u0103stra la \u00eendem\u00e2na copiilor. Dac\u0103 sunte\u021bi \u00eens\u0103rcinat\u0103 sau urma\u021bi un tratament medical, v\u0103 rug\u0103m s\u0103 v\u0103 adresa\u021bi medicului dumneavoastr\u0103. Evita\u021bi contactul cu ochii, urechile interne, fa\u021ba, zonele sensibile \u0219i membranele mucoase. Evita\u021bi lumina soarelui \u0219i razele UV timp de cel pu\u021bin 12 ore dup\u0103 aplicare. Numai pentru uz extern.<\/p>\n","protected":false},"excerpt":{"rendered":"<h2 style=\"font-size: 28px\">Amestec pa\u0219nic de atingere &#8211; Uleiul de confirmare<\/h2>\n<p>doTERRA Peace Touch &#8211; Amestecul v\u0103 \u00eencetine\u0219te, v\u0103 permite s\u0103 respira\u021bi profund, v\u0103 ajut\u0103 s\u0103 g\u0103si\u021bi calmul \u0219i pacea interioar\u0103. \u00ce\u021bi d\u0103 confirmarea de a merge pe drumul t\u0103u cu calm. Aici ca o atingere gata de utilizare pentru a fi folosit\u0103 \u00een deplasare.<\/p>\n","protected":false},"featured_media":4079,"template":"","meta":{"_et_pb_use_builder":"","_et_pb_old_content":"","_et_gb_content_width":""},"product_cat":[15,51,38,40,1960],"product_tag":[349,350],"_links":{"self":[{"href":"https:\/\/www.magnolioworld.com\/green-ro\/wp-json\/wp\/v2\/product\/718"}],"collection":[{"href":"https:\/\/www.magnolioworld.com\/green-ro\/wp-json\/wp\/v2\/product"}],"about":[{"href":"https:\/\/www.magnolioworld.com\/green-ro\/wp-json\/wp\/v2\/types\/product"}],"wp:featuredmedia":[{"embeddable":true,"href":"https:\/\/www.magnolioworld.com\/green-ro\/wp-json\/wp\/v2\/media\/4079"}],"wp:attachment":[{"href":"https:\/\/www.magnolioworld.com\/green-ro\/wp-json\/wp\/v2\/media?parent=718"}],"wp:term":[{"taxonomy":"product_cat","embeddable":true,"href":"https:\/\/www.magnolioworld.com\/green-ro\/wp-json\/wp\/v2\/product_cat?post=718"},{"taxonomy":"product_tag","embeddable":true,"href":"https:\/\/www.magnolioworld.com\/green-ro\/wp-json\/wp\/v2\/product_tag?post=718"}],"curies":[{"name":"wp","href":"https:\/\/api.w.org\/{rel}","templated":true}]}}