{"id":713,"date":"2020-04-22T14:01:27","date_gmt":"2020-04-22T12:01:27","guid":{"rendered":"https:\/\/www.magnolio.shop\/onguard-touch-onguard-touch-schuetzend\/"},"modified":"2026-03-24T12:10:51","modified_gmt":"2026-03-24T11:10:51","slug":"doterra-on-guard-touch","status":"publish","type":"product","link":"https:\/\/www.magnolioworld.com\/green-ro\/doterra-on-guard-touch\/","title":{"rendered":"doTERRA On Guard Touch"},"content":{"rendered":"<p><strong>doTERRA On Guard<\/strong> <strong>Touch<\/strong> &#8211; Amestecul de protec\u021bie &#8211; Protec\u021bie optim\u0103 pentru corp, minte \u0219i suflet \u00een vremuri turbulente &#8211; aici ca o atingere practic\u0103 pentru c\u0103l\u0103torii.<\/p>\n<p>\u00cen aceste vremuri speciale, at\u00e2t de multe lucruri vin spre noi din exterior. De aceea, este cu at\u00e2t mai important s\u0103 ne protej\u0103m sistemul imunitar c\u00e2t mai bine posibil, astfel \u00eenc\u00e2t acesta s\u0103 fie echipat \u00een mod optim \u00eempotriva influen\u021belor externe de orice fel.  <\/p>\n<p>Cu toate acestea, perioadele de criz\u0103, stresul \u0219i situa\u021biile stresante din mediul \u00eenconjur\u0103tor sl\u0103besc considerabil acest scut protector. Sistemul nostru imunitar are nevoie de cel mai bun sprijin posibil pe tot parcursul anului. Pentru c\u0103 un sistem imunitar sl\u0103bit v\u0103 poate scoate u\u0219or din circuit \u0219i v\u0103 poate opri pentru s\u0103pt\u0103m\u00e2ni \u00eentregi.<\/p>\n<p>Dac\u0103 \u0219i tu ai impresia c\u0103 sistemul t\u0103u imunitar are nevoie urgent\u0103 de o \u00eent\u0103rire sau pur \u0219i simplu vrei s\u0103 iei m\u0103suri preventive, atunci apeleaz\u0103 la sprijinul naturii pure cu uleiuri esen\u021biale de \u00eenalt\u0103 calitate din amestecul de uleiuri esen\u021biale On Guard.<\/p>\n<p><strong>doTERRA On Guard<\/strong> a fost dezvoltat special pentru a v\u0103 \u00eent\u0103ri \u0219i sus\u021bine sistemul imunitar \u00een cel mai bun mod posibil.<br \/>\nAcest amestec este o compozi\u021bie armonizat\u0103 cu precizie de portocal\u0103 s\u0103lbatic\u0103, cui\u0219oare, scoar\u021b\u0103 de scor\u021bi\u0219oar\u0103, eucalipt \u0219i rozmarin. Acest amestec energizant \u0219i de ridicare a st\u0103rii de spirit este o necesitate, mai ales \u00een perioada de tranzi\u021bie, dar este, de asemenea, foarte util ca m\u0103sur\u0103 preventiv\u0103 pe tot parcursul anului.<\/p>\n<p>doTERRA On Guard se \u00eenf\u0103\u0219oar\u0103 \u00een jurul \u00eentregului corp ca un scut protector, ofer\u0103, de asemenea, protec\u021bie energetic\u0103 \u0219i are un efect dezinfectant \u0219i de cur\u0103\u021bare natural\u0103.<br \/>\nAmestecul esen\u021bial protector On Guard Touch poate fi aplicat pe t\u0103lpile picioarelor, pe g\u00e2t sau \u00een zona bronhiilor. Are un efect deosebit de intens asupra punctelor reflexe ale picioarelor.  <\/p>\n<p>Amestecul esen\u021bial doTERRA On Guard Touch este gata de utilizare, amestecat cu ulei de nuc\u0103 de cocos frac\u021bionat \u0219i conceput pentru buzunar, pentru a v\u0103 stimula sistemul imunitar din mers. De asemenea, este ideal pentru aplica\u021bii topice.<\/p>\n<p>Spray-ul de cur\u0103\u021bare a m\u00e2inilor On Guard, pastilile On Guard, perlele On Guard \u0219i gelurile moi On Guard au fost dezvoltate pentru o utilizare practic\u0103 \u00een timpul c\u0103l\u0103toriilor.  <\/p>\n<p>O varietate de produse de uz casnic On Guard, cum ar fi On Guard Universal Cleaner, On Guard Foaming Hand Soap \u0219i On Guard Laundry Detergent, ofer\u0103 o protec\u021bie optim\u0103 acas\u0103. \u00cengrijirea dentar\u0103 este completat\u0103 de pasta de din\u021bi On Guard, apa de gur\u0103 On Guard \u0219i a\u021ba dentar\u0103 On Guard.<\/p>\n<p>Sprijin\u0103-\u021bi corpul cu puterea naturii pure \u00een On Guard \u0219i ofer\u0103-i un scut protector pentru fiecare zi.<br \/>\nDe asemenea, este ideal pentru protejarea copiilor la \u0219coal\u0103 prin aplicarea pe t\u0103lpile picioarelor. Amestecul Stronger a fost, de asemenea, dezvoltat special pentru copii.<\/p>\n<p><strong>Recomandare<br \/>\n<\/strong>Topical: Aplica\u021bi amestecul doTERRA On Guard Touch pe \u00eencheieturile m\u00e2inilor \u0219i picioarelor diminea\u021ba pentru a le proteja pentru \u00eentreaga zi.  <br \/>\nSe aplic\u0103 pe t\u0103lpile picioarelor \u00eenainte de a merge la culcare pentru a regenera \u0219i \u00eent\u0103ri sistemul imunitar. P\u0103stra\u021bi \u00eentotdeauna doTERRA On Guard Touch la \u00eendem\u00e2n\u0103 pentru o protec\u021bie energizant\u0103 atunci c\u00e2nd ie\u0219i\u021bi \u00een ora\u0219.  <\/p>\n<p><strong>Utilizare sigur\u0103<\/strong><br \/>\nPoate provoca irita\u021bii ale pielii. A nu se p\u0103stra la \u00eendem\u00e2na copiilor. Dac\u0103 sunte\u021bi \u00eens\u0103rcinat\u0103 sau urma\u021bi un tratament medical, v\u0103 rug\u0103m s\u0103 v\u0103 adresa\u021bi medicului dumneavoastr\u0103. Evita\u021bi contactul cu ochii, urechile interne, fa\u021ba, zonele sensibile \u0219i membranele mucoase.<\/p>\n<div class=\"product-uses__block-list\"> <\/div>\n<p>&nbsp;<\/p>\n","protected":false},"excerpt":{"rendered":"<h2 style=\"font-size: 28px\">Roll-on de protec\u021bie<\/h2>\n<p>doTERRA On Guard Touch &#8211; Gata de utilizare \u0219i conceput\u0103 pentru a \u00eenc\u0103pea \u00een buzunar pentru a v\u0103 stimula sistemul imunitar din mers. Ofer\u0103 o protec\u021bie optim\u0103 \u0219i complet\u0103 pentru corp, minte \u0219i suflet \u00een vremuri tulburi.<\/p>\n","protected":false},"featured_media":4121,"template":"","meta":{"_et_pb_use_builder":"","_et_pb_old_content":"","_et_gb_content_width":""},"product_cat":[15,51,53,1952],"product_tag":[339,340],"_links":{"self":[{"href":"https:\/\/www.magnolioworld.com\/green-ro\/wp-json\/wp\/v2\/product\/713"}],"collection":[{"href":"https:\/\/www.magnolioworld.com\/green-ro\/wp-json\/wp\/v2\/product"}],"about":[{"href":"https:\/\/www.magnolioworld.com\/green-ro\/wp-json\/wp\/v2\/types\/product"}],"wp:featuredmedia":[{"embeddable":true,"href":"https:\/\/www.magnolioworld.com\/green-ro\/wp-json\/wp\/v2\/media\/4121"}],"wp:attachment":[{"href":"https:\/\/www.magnolioworld.com\/green-ro\/wp-json\/wp\/v2\/media?parent=713"}],"wp:term":[{"taxonomy":"product_cat","embeddable":true,"href":"https:\/\/www.magnolioworld.com\/green-ro\/wp-json\/wp\/v2\/product_cat?post=713"},{"taxonomy":"product_tag","embeddable":true,"href":"https:\/\/www.magnolioworld.com\/green-ro\/wp-json\/wp\/v2\/product_tag?post=713"}],"curies":[{"name":"wp","href":"https:\/\/api.w.org\/{rel}","templated":true}]}}